{"id":8192,"date":"2017-02-09T17:20:05","date_gmt":"2017-02-09T16:20:05","guid":{"rendered":"https:\/\/cashlogy.com\/cookies-policy\/"},"modified":"2024-03-14T12:12:06","modified_gmt":"2024-03-14T10:12:06","slug":"cookies-policy","status":"publish","type":"page","link":"https:\/\/cashlogy.com\/pt-pt\/cookies-policy\/","title":{"rendered":"Cookies policy"},"content":{"rendered":"<h4><strong>O QUE \u00c9 UM COOKIE?<\/strong><\/h4>\n<p>Cookies s\u00e3o arquivos de texto que cont\u00eam pequenas quantidades de informa\u00e7\u00e3o que s\u00e3o baixadas no dispositivo que o usu\u00e1rio est\u00e1 usando ao visitar um site. Seu objetivo principal \u00e9, por um lado, reconhecer o usu\u00e1rio sempre que ele acessa o site, mostrando-o de acordo com as prefer\u00eancias de navega\u00e7\u00e3o estabelecidas; e, al\u00e9m disso, se for o caso, analisar a navega\u00e7\u00e3o do usu\u00e1rio e direcionar publicidade personalizada.<\/p>\n<h4><strong>INFORMA\u00c7\u00d5ES GERAIS SOBRE O USO DE COOKIES EXCETO DAS QUE EXIGEM CONSENTIMENTO<\/strong><\/h4>\n<p>De acordo com as disposi\u00e7\u00f5es da legisla\u00e7\u00e3o em vigor, em qualquer p\u00e1gina da web que utilize cookies, deve-se fornecer informa\u00e7\u00f5es claras e completas sobre a finalidade ou finalidades desses cookies, sendo obrigat\u00f3rio obter o consentimento expresso dos usu\u00e1rios antes do download, exceto no caso das chamadas &#8220;cookies excepcionadas&#8221;, para as quais n\u00e3o \u00e9 necess\u00e1rio obter consentimento (ou seja, est\u00e3o isentas de consentimento).<\/p>\n<p>As cookies excepcionadas incluem:<\/p>\n<ul>\n<li><strong>Cookies t\u00e9cnicas ou essenciais:<\/strong> s\u00e3o aquelas que permitem ao usu\u00e1rio navegar por uma p\u00e1gina da web, plataforma ou aplicativo e usar diferentes op\u00e7\u00f5es ou servi\u00e7os dispon\u00edveis, como controlar o tr\u00e1fego e a comunica\u00e7\u00e3o de dados, identificar a sess\u00e3o, acessar partes de acesso restrito, lembrar os elementos de um pedido, realizar o processo de compra de um pedido, gerenciar o pagamento, controlar a fraude relacionada \u00e0 seguran\u00e7a do servi\u00e7o, fazer a solicita\u00e7\u00e3o de inscri\u00e7\u00e3o ou participa\u00e7\u00e3o em um evento, contar visitas para fins de faturamento de licen\u00e7as do software usado no servi\u00e7o (site, plataforma ou aplicativo), usar elementos de seguran\u00e7a durante a navega\u00e7\u00e3o, armazenar conte\u00fado para transmiss\u00e3o de v\u00eddeos ou \u00e1udio, habilitar conte\u00fado din\u00e2mico (por exemplo, anima\u00e7\u00e3o de carregamento de texto ou imagem) ou compartilhar conte\u00fado por meio de redes sociais nos casos em que o usu\u00e1rio decidiu manter a sess\u00e3o aberta. Tamb\u00e9m pertencem a esta categoria, devido \u00e0 sua natureza t\u00e9cnica, aquelas cookies que permitem a gest\u00e3o, da forma mais eficaz poss\u00edvel, dos espa\u00e7os publicit\u00e1rios que o editor incluiu em uma p\u00e1gina da web, aplicativo ou plataforma, como parte do design ou &#8220;layout&#8221; do servi\u00e7o oferecido ao usu\u00e1rio.<\/li>\n<li><strong>Cookies de personaliza\u00e7\u00e3o excepcionadas:<\/strong> s\u00e3o aquelas que permitem lembrar informa\u00e7\u00f5es para que o usu\u00e1rio acesse o servi\u00e7o com caracter\u00edsticas espec\u00edficas que podem diferenciar sua experi\u00eancia da de outros usu\u00e1rios, como idioma, n\u00famero de resultados a serem exibidos ao realizar uma pesquisa, apar\u00eancia ou conte\u00fado do servi\u00e7o com base no tipo de navegador usado para acessar o servi\u00e7o ou na regi\u00e3o de onde o usu\u00e1rio acessa o servi\u00e7o, etc.<\/li>\n<\/ul>\n<p><u>O uso das demais cookies &#8211; ou seja, aquelas que n\u00e3o s\u00e3o excepcionadas &#8211; implica a obriga\u00e7\u00e3o de informar e obter o consentimento expresso do usu\u00e1rio antes do download.<\/u><\/p>\n<h4><strong>COOKIES N\u00c3O EXCEPCIONADAS DE CONSENTIMENTO<\/strong><\/h4>\n<p>Os cookies podem ser classificados de acordo com v\u00e1rios crit\u00e9rios. Do ponto de vista legal, e como explicado na se\u00e7\u00e3o anterior, existem cookies excepcionados e n\u00e3o excepcionados. Outros crit\u00e9rios de classifica\u00e7\u00e3o consideram o tipo de gest\u00e3o dos cookies (pr\u00f3prios ou de terceiros), tempo de ativa\u00e7\u00e3o (cookies de sess\u00e3o e cookies permanentes) ou tipo de finalidade. A classifica\u00e7\u00e3o dos cookies n\u00e3o excepcionados com base na finalidade \u00e9 especialmente relevante. Nesse sentido, os cookies n\u00e3o excepcionados podem ser:<\/p>\n<ul>\n<li>Cookies de personaliza\u00e7\u00e3o n\u00e3o excepcionados: s\u00e3o aqueles que permitem ao usu\u00e1rio acessar o servi\u00e7o com algumas caracter\u00edsticas de car\u00e1ter geral que n\u00e3o obedecem a uma op\u00e7\u00e3o exercida pelo usu\u00e1rio.<\/li>\n<li>Cookies anal\u00edticos: S\u00e3o aqueles que, seja pelo titular do site ou por terceiros, permitem realizar medi\u00e7\u00f5es da atividade dos usu\u00e1rios para fins estat\u00edsticos.<\/li>\n<li>Cookies de publicidade comportamental: S\u00e3o aqueles que permitem a gest\u00e3o mais eficaz poss\u00edvel dos espa\u00e7os publicit\u00e1rios que o editor incluiu em uma p\u00e1gina da web, aplicativo ou plataforma a partir da qual fornece o servi\u00e7o solicitado. Esses cookies armazenam informa\u00e7\u00f5es sobre o comportamento dos usu\u00e1rios obtidas por meio da observa\u00e7\u00e3o cont\u00ednua de seus h\u00e1bitos de navega\u00e7\u00e3o, permitindo o desenvolvimento de um perfil espec\u00edfico para exibir publicidade com base nele (publicidade personalizada). \u2022 Cookies de complementos: Os cookies usados por complementos de provedores externos de conte\u00fado s\u00e3o necess\u00e1rios para que o usu\u00e1rio possa acessar conte\u00fados ou servi\u00e7os previamente solicitados, como visualiza\u00e7\u00e3o de v\u00eddeos hospedados no Youtube, localiza\u00e7\u00f5es geogr\u00e1ficas no Google Maps, conex\u00e3o com redes sociais, etc. Esses cookies s\u00e3o regidos pelo disposto nas respectivas pol\u00edticas de cookies dos provedores externos. Ao clicar nos complementos das redes sociais inclu\u00eddos em um site, seu navegador se conectar\u00e1 ao servidor da rede social correspondente, de modo que o provedor da rede social saber\u00e1 de qual site o usu\u00e1rio vem ao acessar o site da rede social. Se desejar evitar essa vincula\u00e7\u00e3o, deve-se fazer logout na p\u00e1gina da rede social antes de visitar qualquer site.<\/li>\n<\/ul>\n<p><strong>INFORMA\u00c7\u00d5ES SOBRE TRANSFER\u00caNCIAS INTERNACIONAIS DE DADOS <\/strong><\/p>\n<p>Este site utiliza a ferramenta Google Analytics. Trata-se de um servi\u00e7o de an\u00e1lise da web com base nas informa\u00e7\u00f5es obtidas por meio de cookies anal\u00edticos. No \u00e2mbito da Uni\u00e3o Europeia, este servi\u00e7o \u00e9 fornecido pela Google Ireland Limited.<\/p>\n<p>Atualmente, as transfer\u00eancias internacionais de dados para os Estados Unidos direcionadas \u00e0 Google LLC e suas subsidi\u00e1rias s\u00e3o garantidas pela ades\u00e3o \u00e0 lista de participantes no acordo <em>UE-USA Data Privacy Framework<\/em><em>.<\/em><\/p>\n<p><strong>COMO CONFIGURAR SUAS PREFER\u00caNCIAS EM RELA\u00c7\u00c3O AOS COOKIES?<\/strong><\/p>\n<p>Caso o usu\u00e1rio tenha aceitado a utiliza\u00e7\u00e3o de um ou v\u00e1rios tipos de cookies n\u00e3o excepcionados, a qualquer momento posterior, poder\u00e1 alterar sua configura\u00e7\u00e3o, recusando ou desativando seu uso por meio da caixa de configura\u00e7\u00e3o de cookies no site.<\/p>\n<p>Da mesma forma, o usu\u00e1rio pode permitir, bloquear ou excluir os cookies instalados em seu dispositivo por meio da configura\u00e7\u00e3o das op\u00e7\u00f5es do navegador instalado em seu computador.<\/p>\n<p>Em qualquer caso, deve-se saber que se optar por bloquear ou excluir os cookies, n\u00e3o poderemos manter suas prefer\u00eancias e algumas caracter\u00edsticas do site podem n\u00e3o estar operacionais, ou podemos ter que solicitar novamente sua autoriza\u00e7\u00e3o para seu uso.<\/p>\n<p>Lembre-se de que, se aceitar os cookies de terceiros, dever\u00e1 exclu\u00ed-los nas op\u00e7\u00f5es do navegador ou no sistema oferecido pelo pr\u00f3prio terceiro.<\/p>\n<p>Para obter mais informa\u00e7\u00f5es sobre como desativar cookies nos navegadores, consulte:<\/p>\n<p><strong><img decoding=\"async\" class=\"alignnone wp-image-11056\" src=\"https:\/\/cashlogy.com\/wp-content\/uploads\/2021\/02\/logo-internet-explorer.png\" alt=\"\" width=\"50\" height=\"34\" \/>Internet Explorer:<\/strong><a href=\"http:\/\/windows.microsoft.com\/es-es\/windows-vista\/block-or-allow-cookies\"> http:\/\/windows.microsoft.com\/es-es\/windows-vista\/block-or-allow-cookies<\/a><\/p>\n<p><strong><img decoding=\"async\" class=\"alignnone wp-image-11062\" src=\"https:\/\/cashlogy.com\/wp-content\/uploads\/2021\/02\/logo-firefox.jpg\" alt=\"\" width=\"50\" height=\"47\" \/>Mozilla Firefox: <\/strong><a href=\"https:\/\/support.mozilla.org\/es\/kb\/habilitar-y-deshabilitar-cookies-sitios-web-rastrear-preferencias\">https:\/\/support.mozilla.org\/pt-PT\/kb\/habilitar-y-deshabilitar-cookies-sitios-web-rastrear-preferencia<\/a><\/p>\n<p><strong><img decoding=\"async\" class=\"alignnone wp-image-11068\" src=\"https:\/\/cashlogy.com\/wp-content\/uploads\/2021\/02\/logo-chrome.png\" alt=\"\" width=\"50\" height=\"50\" \/>Google Chrome: <\/strong><a href=\"https:\/\/support.google.com\/chrome\/answer\/95647?hl=es\">\u00a0https:\/\/support.google.com\/chrome\/answer\/95647?hl=pt<\/a><\/p>\n<p><strong><img decoding=\"async\" class=\"alignnone wp-image-11074\" src=\"https:\/\/cashlogy.com\/wp-content\/uploads\/2021\/02\/logo-safari.png\" alt=\"\" width=\"50\" height=\"49\" \/>Safari: <\/strong><a href=\"http:\/\/support.apple.com\/kb\/ph5042\">http:\/\/support.apple.com\/kb\/ph5042<\/a><\/p>\n<p>Opt-out de cookies: Muitas empresas de publicidade online oferecem &#8220;opt-out cookies&#8221; aos usu\u00e1rios. As &#8220;opt-out cookies&#8221; s\u00e3o cookies criados por empresas de publicidade para permitir que o usu\u00e1rio bloqueie e evite que outras empresas instalem cookies publicit\u00e1rios de terceiros. As &#8220;opt-out cookies&#8221; s\u00e3o espec\u00edficas para um servidor, portanto, bloqueiam apenas cookies de uma empresa espec\u00edfica. Para realizar um bloqueio mais gen\u00e9rico, os usu\u00e1rios devem configurar as cookies nas configura\u00e7\u00f5es de seus navegadores.<\/p>\n<ul>\n<li>Opt-out de Google Analytics: <a href=\"https:\/\/tools.google.com\/dlpage\/gaoptout?hl=None\">https:\/\/tools.google.com\/dlpage\/gaoptout?hl=None<\/a><\/li>\n<li>Opt-out de Google (publicidad comportamental): <a href=\"http:\/\/www.google.com\/settings\/ads\/\">http:\/\/www.google.com\/settings\/ads\/<\/a><\/li>\n<\/ul>\n<ul>\n<li style=\"list-style-type: none;\"><\/li>\n<\/ul>\n","protected":false},"excerpt":{"rendered":"<p>&#8230;<\/p>\n","protected":false},"author":15,"featured_media":0,"parent":0,"menu_order":23,"comment_status":"closed","ping_status":"closed","template":"page-templates\/cookies.php","meta":{"_acf_changed":false,"inline_featured_image":false,"footnotes":""},"class_list":["post-8192","page","type-page","status-publish","hentry"],"acf":[],"yoast_head":"<!-- This site is optimized with the Yoast SEO plugin v26.9 - https:\/\/yoast.com\/product\/yoast-seo-wordpress\/ -->\n<title>Cookies policy - Cashlogy<\/title>\n<meta name=\"robots\" content=\"index, follow, max-snippet:-1, max-image-preview:large, max-video-preview:-1\" \/>\n<link rel=\"canonical\" href=\"https:\/\/cashlogy.com\/pt-pt\/cookies-policy\/\" \/>\n<meta property=\"og:locale\" content=\"pt_PT\" \/>\n<meta property=\"og:type\" content=\"article\" \/>\n<meta property=\"og:title\" content=\"Cookies policy - Cashlogy\" \/>\n<meta property=\"og:description\" content=\"...\" \/>\n<meta property=\"og:url\" content=\"https:\/\/cashlogy.com\/pt-pt\/cookies-policy\/\" \/>\n<meta property=\"og:site_name\" content=\"Cashlogy\" \/>\n<meta property=\"article:modified_time\" content=\"2024-03-14T10:12:06+00:00\" \/>\n<meta property=\"og:image\" content=\"https:\/\/cashlogy.com\/wp-content\/uploads\/2021\/02\/logo-internet-explorer.png\" \/>\n<meta name=\"twitter:label1\" content=\"Tempo estimado de leitura\" \/>\n\t<meta name=\"twitter:data1\" content=\"6 minutos\" \/>\n<script type=\"application\/ld+json\" class=\"yoast-schema-graph\">{\"@context\":\"https:\/\/schema.org\",\"@graph\":[{\"@type\":\"WebPage\",\"@id\":\"https:\/\/cashlogy.com\/pt-pt\/cookies-policy\/\",\"url\":\"https:\/\/cashlogy.com\/pt-pt\/cookies-policy\/\",\"name\":\"Cookies policy - Cashlogy\",\"isPartOf\":{\"@id\":\"https:\/\/cashlogy.com\/#website\"},\"primaryImageOfPage\":{\"@id\":\"https:\/\/cashlogy.com\/pt-pt\/cookies-policy\/#primaryimage\"},\"image\":{\"@id\":\"https:\/\/cashlogy.com\/pt-pt\/cookies-policy\/#primaryimage\"},\"thumbnailUrl\":\"https:\/\/cashlogy.com\/wp-content\/uploads\/2021\/02\/logo-internet-explorer.png\",\"datePublished\":\"2017-02-09T16:20:05+00:00\",\"dateModified\":\"2024-03-14T10:12:06+00:00\",\"breadcrumb\":{\"@id\":\"https:\/\/cashlogy.com\/pt-pt\/cookies-policy\/#breadcrumb\"},\"inLanguage\":\"pt-PT\",\"potentialAction\":[{\"@type\":\"ReadAction\",\"target\":[\"https:\/\/cashlogy.com\/pt-pt\/cookies-policy\/\"]}]},{\"@type\":\"ImageObject\",\"inLanguage\":\"pt-PT\",\"@id\":\"https:\/\/cashlogy.com\/pt-pt\/cookies-policy\/#primaryimage\",\"url\":\"https:\/\/cashlogy.com\/wp-content\/uploads\/2021\/02\/logo-internet-explorer.png\",\"contentUrl\":\"https:\/\/cashlogy.com\/wp-content\/uploads\/2021\/02\/logo-internet-explorer.png\"},{\"@type\":\"BreadcrumbList\",\"@id\":\"https:\/\/cashlogy.com\/pt-pt\/cookies-policy\/#breadcrumb\",\"itemListElement\":[{\"@type\":\"ListItem\",\"position\":1,\"name\":\"Portada\",\"item\":\"https:\/\/cashlogy.com\/pt-pt\/\"},{\"@type\":\"ListItem\",\"position\":2,\"name\":\"Cookies policy\"}]},{\"@type\":\"WebSite\",\"@id\":\"https:\/\/cashlogy.com\/#website\",\"url\":\"https:\/\/cashlogy.com\/\",\"name\":\"Cashlogy\",\"description\":\"Bienvenido al comercio seguro\",\"potentialAction\":[{\"@type\":\"SearchAction\",\"target\":{\"@type\":\"EntryPoint\",\"urlTemplate\":\"https:\/\/cashlogy.com\/?s={search_term_string}\"},\"query-input\":{\"@type\":\"PropertyValueSpecification\",\"valueRequired\":true,\"valueName\":\"search_term_string\"}}],\"inLanguage\":\"pt-PT\"}]}<\/script>\n<!-- \/ Yoast SEO plugin. -->","yoast_head_json":{"title":"Cookies policy - Cashlogy","robots":{"index":"index","follow":"follow","max-snippet":"max-snippet:-1","max-image-preview":"max-image-preview:large","max-video-preview":"max-video-preview:-1"},"canonical":"https:\/\/cashlogy.com\/pt-pt\/cookies-policy\/","og_locale":"pt_PT","og_type":"article","og_title":"Cookies policy - Cashlogy","og_description":"...","og_url":"https:\/\/cashlogy.com\/pt-pt\/cookies-policy\/","og_site_name":"Cashlogy","article_modified_time":"2024-03-14T10:12:06+00:00","og_image":[{"url":"https:\/\/cashlogy.com\/wp-content\/uploads\/2021\/02\/logo-internet-explorer.png","type":"","width":"","height":""}],"twitter_misc":{"Tempo estimado de leitura":"6 minutos"},"schema":{"@context":"https:\/\/schema.org","@graph":[{"@type":"WebPage","@id":"https:\/\/cashlogy.com\/pt-pt\/cookies-policy\/","url":"https:\/\/cashlogy.com\/pt-pt\/cookies-policy\/","name":"Cookies policy - Cashlogy","isPartOf":{"@id":"https:\/\/cashlogy.com\/#website"},"primaryImageOfPage":{"@id":"https:\/\/cashlogy.com\/pt-pt\/cookies-policy\/#primaryimage"},"image":{"@id":"https:\/\/cashlogy.com\/pt-pt\/cookies-policy\/#primaryimage"},"thumbnailUrl":"https:\/\/cashlogy.com\/wp-content\/uploads\/2021\/02\/logo-internet-explorer.png","datePublished":"2017-02-09T16:20:05+00:00","dateModified":"2024-03-14T10:12:06+00:00","breadcrumb":{"@id":"https:\/\/cashlogy.com\/pt-pt\/cookies-policy\/#breadcrumb"},"inLanguage":"pt-PT","potentialAction":[{"@type":"ReadAction","target":["https:\/\/cashlogy.com\/pt-pt\/cookies-policy\/"]}]},{"@type":"ImageObject","inLanguage":"pt-PT","@id":"https:\/\/cashlogy.com\/pt-pt\/cookies-policy\/#primaryimage","url":"https:\/\/cashlogy.com\/wp-content\/uploads\/2021\/02\/logo-internet-explorer.png","contentUrl":"https:\/\/cashlogy.com\/wp-content\/uploads\/2021\/02\/logo-internet-explorer.png"},{"@type":"BreadcrumbList","@id":"https:\/\/cashlogy.com\/pt-pt\/cookies-policy\/#breadcrumb","itemListElement":[{"@type":"ListItem","position":1,"name":"Portada","item":"https:\/\/cashlogy.com\/pt-pt\/"},{"@type":"ListItem","position":2,"name":"Cookies policy"}]},{"@type":"WebSite","@id":"https:\/\/cashlogy.com\/#website","url":"https:\/\/cashlogy.com\/","name":"Cashlogy","description":"Bienvenido al comercio seguro","potentialAction":[{"@type":"SearchAction","target":{"@type":"EntryPoint","urlTemplate":"https:\/\/cashlogy.com\/?s={search_term_string}"},"query-input":{"@type":"PropertyValueSpecification","valueRequired":true,"valueName":"search_term_string"}}],"inLanguage":"pt-PT"}]}},"_links":{"self":[{"href":"https:\/\/cashlogy.com\/pt-pt\/wp-json\/wp\/v2\/pages\/8192","targetHints":{"allow":["GET"]}}],"collection":[{"href":"https:\/\/cashlogy.com\/pt-pt\/wp-json\/wp\/v2\/pages"}],"about":[{"href":"https:\/\/cashlogy.com\/pt-pt\/wp-json\/wp\/v2\/types\/page"}],"author":[{"embeddable":true,"href":"https:\/\/cashlogy.com\/pt-pt\/wp-json\/wp\/v2\/users\/15"}],"replies":[{"embeddable":true,"href":"https:\/\/cashlogy.com\/pt-pt\/wp-json\/wp\/v2\/comments?post=8192"}],"version-history":[{"count":10,"href":"https:\/\/cashlogy.com\/pt-pt\/wp-json\/wp\/v2\/pages\/8192\/revisions"}],"predecessor-version":[{"id":14970,"href":"https:\/\/cashlogy.com\/pt-pt\/wp-json\/wp\/v2\/pages\/8192\/revisions\/14970"}],"wp:attachment":[{"href":"https:\/\/cashlogy.com\/pt-pt\/wp-json\/wp\/v2\/media?parent=8192"}],"curies":[{"name":"wp","href":"https:\/\/api.w.org\/{rel}","templated":true}]}}