{"id":8183,"date":"2017-02-09T17:18:55","date_gmt":"2017-02-09T16:18:55","guid":{"rendered":"https:\/\/cashlogy.com\/privacy-policy\/"},"modified":"2026-04-16T12:35:46","modified_gmt":"2026-04-16T10:35:46","slug":"protecao-dados","status":"publish","type":"page","link":"https:\/\/cashlogy.com\/pt-pt\/protecao-dados\/","title":{"rendered":"Pol\u00edtica de prote\u00e7\u00e3o de dados"},"content":{"rendered":"<p><span style=\"font-weight: 400;\">Na Azkoyen VPS e nas suas filiais, comprometemo-nos a proteger a privacidade e os dados pessoais dos utilizadores dos nossos sites, servi\u00e7os e plataformas digitais, em conformidade com a legisla\u00e7\u00e3o em vigor em mat\u00e9ria de prote\u00e7\u00e3o de dados, nomeadamente o Regulamento (UE) 2016\/679 (RGPD) e a legisla\u00e7\u00e3o aplic\u00e1vel em cada pa\u00eds.<\/span><\/p>\n<p><span style=\"font-weight: 400;\">A presente pol\u00edtica de privacidade descreve a forma como tratamos os dados pessoais.<\/span><\/p>\n<p>&nbsp;<\/p>\n<h4><b>QUEM \u00c9 O RESPONS\u00c1VEL PELO TRATAMENTO DOS SEUS DADOS PESSOAIS?<\/b><\/h4>\n<p><span style=\"font-weight: 400;\">Respons\u00e1vel pelo tratamento: Azkoyen Vending &amp; Payment Solutions, S.L.U.<\/span><span style=\"font-weight: 400;\"><br \/>\n<\/span><span style=\"font-weight: 400;\"> NIF: B71541411<\/span><span style=\"font-weight: 400;\"><br \/>\n<\/span><span style=\"font-weight: 400;\"> Endere\u00e7o: Avda. San Silvestre s\/n, 31350 Peralta (Navarra \u2013 Espanha)<\/span><span style=\"font-weight: 400;\"><br \/>\n<\/span><span style=\"font-weight: 400;\"> E-mail: responsableseguridad@azkoyen.com<\/span><\/p>\n<p>&nbsp;<\/p>\n<p>&nbsp;<\/p>\n<h4><b>COM QUE FINALIDADE E BASE DE LEGITIMIDADE TRATAMOS OS SEUS DADOS PESSOAIS?<\/b><\/h4>\n<p><span style=\"font-weight: 400;\">A filial da Azkoyen VPS acima referida como Respons\u00e1vel pelo Tratamento tratar\u00e1 os dados pessoais com as seguintes finalidades e bases de legitimidade:<\/span><\/p>\n<ul>\n<li style=\"font-weight: 400;\" aria-level=\"1\"><span style=\"font-weight: 400;\">Gest\u00e3o de pedidos de informa\u00e7\u00e3o geral corporativa, bem como relativa aos nossos produtos e servi\u00e7os. Base de legitimidade: interesse leg\u00edtimo (art. 6.1 f) RGPD).<\/span><\/li>\n<li style=\"font-weight: 400;\" aria-level=\"1\"><span style=\"font-weight: 400;\">Exerc\u00edcio de direitos e gest\u00e3o da privacidade. Base de legitimidade: cumprimento de uma obriga\u00e7\u00e3o legal (art. 6.1 c) RGPD).<\/span><\/li>\n<li style=\"font-weight: 400;\" aria-level=\"1\"><span style=\"font-weight: 400;\">Formaliza\u00e7\u00e3o e execu\u00e7\u00e3o de contratos comerciais (compra e venda, distribui\u00e7\u00e3o, servi\u00e7os de manuten\u00e7\u00e3o, etc.): o tratamento dos dados de contacto profissionais das pessoas que interv\u00eam na formaliza\u00e7\u00e3o e execu\u00e7\u00e3o de contratos \u2013 quer se refiram a empres\u00e1rios individuais ou a pessoas que atuam no \u00e2mbito da representa\u00e7\u00e3o ou gest\u00e3o de pessoas coletivas \u00e0s quais prestam os seus servi\u00e7os \u2013 ser\u00e1 tratado com base na exist\u00eancia de interesse leg\u00edtimo (art. 6.1 f) RGPD).<\/span><\/li>\n<li style=\"font-weight: 400;\" aria-level=\"1\"><span style=\"font-weight: 400;\">Cumprimento de obriga\u00e7\u00f5es legais em mat\u00e9ria fiscal, contabil\u00edstica e administrativa decorrentes da rela\u00e7\u00e3o contratual estabelecida com o titular dos dados. Base legal de legitimidade: cumprimento de obriga\u00e7\u00e3o legal (art. 6.1 c) RGPD).<\/span><\/li>\n<li style=\"font-weight: 400;\" aria-level=\"1\"><span style=\"font-weight: 400;\">Gest\u00e3o do canal de den\u00fancias corporativo, corresponsabilidade pelo tratamento realizado pelas filiais que comp\u00f5em a Azkoyen VPS. Base de legitimidade: cumprimento de obriga\u00e7\u00e3o legal (art. 6.1 c) RGPD.<\/span><\/li>\n<li style=\"font-weight: 400;\" aria-level=\"1\"><span style=\"font-weight: 400;\">Envio de informa\u00e7\u00e3o comercial da entidade respons\u00e1vel pelo tratamento da Azkoyen VPS aos seus pr\u00f3prios clientes, por qualquer meio \u2014 incluindo comunica\u00e7\u00f5es eletr\u00f3nicas \u2014 sobre produtos e\/ou servi\u00e7os semelhantes aos contratados anteriormente. Base legal: exist\u00eancia de interesse leg\u00edtimo (art. 6.1.f) RGPD).<\/span><\/li>\n<li style=\"font-weight: 400;\" aria-level=\"1\"><span style=\"font-weight: 400;\">Gest\u00e3o do servi\u00e7o de assist\u00eancia t\u00e9cnica (SAT). Caso necessite de aceder \u00e0 plataforma SAT, poder\u00e1 registar-se atrav\u00e9s de e-mail, nome e apelidos. Base legal: exist\u00eancia de interesse leg\u00edtimo (art. 6.1.f) RGPD).<\/span><\/li>\n<li style=\"font-weight: 400;\" aria-level=\"1\"><span style=\"font-weight: 400;\">Caso obtenha o seu consentimento expresso, envio de informa\u00e7\u00e3o comercial, por qualquer meio \u2014 incluindo o eletr\u00f3nico \u2014 por parte da entidade respons\u00e1vel pelo tratamento da Azkoyen VPS. Base legal de legitimidade: Consentimento do titular dos dados (art. 6.1 a) RGPD).<\/span><\/li>\n<li style=\"font-weight: 400;\" aria-level=\"1\"><span style=\"font-weight: 400;\">No caso de consentimento para a utiliza\u00e7\u00e3o de cookies \u00abn\u00e3o isentos\u00bb, ser\u00e3o recolhidas informa\u00e7\u00f5es sobre a navega\u00e7\u00e3o no nosso site com o objetivo de medir a atividade no mesmo e, se for o caso, melhorar a experi\u00eancia do utilizador e o funcionamento do site. Base de legitimidade: Consentimento do titular dos dados (art. 6.1 a) RGPD).<\/span><\/li>\n<li style=\"font-weight: 400;\" aria-level=\"1\"><span style=\"font-weight: 400;\">Acesso \u00e0 Wi-Fi para convidados: ser\u00e3o recolhidas informa\u00e7\u00f5es sobre o IP, a morada MAC e o hist\u00f3rico de navega\u00e7\u00e3o durante a liga\u00e7\u00e3o, com o objetivo de prestar o servi\u00e7o. Base de legitimidade: interesse leg\u00edtimo (art. 6.1 f) RGPD).<\/span><\/li>\n<li style=\"font-weight: 400;\" aria-level=\"1\"><span style=\"font-weight: 400;\">No \u00e2mbito das rela\u00e7\u00f5es com candidatos a emprego, a entidade respons\u00e1vel pelo tratamento da Azkoyen VPS poder\u00e1 tratar os dados pessoais inclu\u00eddos nos curr\u00edculos que processa. Base de legitimidade: aplica\u00e7\u00e3o de medidas pr\u00e9-contratuais a pedido do titular dos dados (art. 6.1 b) RGPD).<\/span><\/li>\n<\/ul>\n<p>&nbsp;<\/p>\n<p><span style=\"font-weight: 400;\">Para demonstrar que os tratamentos baseados no interesse leg\u00edtimo da Organiza\u00e7\u00e3o, nos termos do art. 6.1 f) do RGPD, n\u00e3o prejudicam os interesses do titular na prote\u00e7\u00e3o dos seus dados pessoais, foi realizado um \u201cteste de pondera\u00e7\u00e3o do interesse leg\u00edtimo\u201d. O titular tem o direito de obter informa\u00e7\u00f5es adicionais sobre estas atividades de tratamento e sobre o conte\u00fado deste interesse leg\u00edtimo, bem como de se opor ao tratamento dos seus dados para esta finalidade, contactando o nosso DPO atrav\u00e9s de responsableseguridad@azkoyen.com.<\/span><\/p>\n<p>&nbsp;<\/p>\n<p>&nbsp;<\/p>\n<h4><b>A QUEM COMUNICAREMOS OS SEUS DADOS PESSOAIS?<\/b><\/h4>\n<p><span style=\"font-weight: 400;\">Os seus dados pessoais poder\u00e3o ser fornecidos a prestadores de servi\u00e7os auxiliares externos com acesso a dados pessoais contratados pela entidade respons\u00e1vel pelo tratamento, filial da Azkoyen VPS, tais como prestadores de servi\u00e7os de TI com acesso a dados pessoais (prestadores de servi\u00e7os de manuten\u00e7\u00e3o t\u00e9cnica\/inform\u00e1tica, ciberseguran\u00e7a, hosting), empresas de gest\u00e3o ambiental, consultorias, empresas de gest\u00e3o administrativa, empresas de sele\u00e7\u00e3o de pessoal, empresas de publicidade e marketing e outros prestadores de servi\u00e7os auxiliares que atuar\u00e3o como subcontratantes sob as instru\u00e7\u00f5es da entidade contratante.<\/span><\/p>\n<p><span style=\"font-weight: 400;\">Caso tenhamos o seu consentimento expresso, os seus dados poder\u00e3o ser cedidos para fins comerciais \u00e0s restantes filiais da Azkoyen VPS.<\/span><\/p>\n<p><span style=\"font-weight: 400;\">Com o objetivo de gerir a contrata\u00e7\u00e3o dos nossos produtos e servi\u00e7os, os seus dados ser\u00e3o comunicados \u00e0s filiais da Azkoyen VPS; da mesma forma, aos distribuidores oficiais da entidade respons\u00e1vel que tenham celebrado um acordo de colabora\u00e7\u00e3o comercial.<\/span><\/p>\n<p><span style=\"font-weight: 400;\">Quando for legalmente pertinente, os seus dados tamb\u00e9m poder\u00e3o ser objeto de ced\u00eancia a \u00f3rg\u00e3os da administra\u00e7\u00e3o p\u00fablica, auditores, not\u00e1rios, peritos judiciais, advogados, procuradores, tribunais e for\u00e7as de seguran\u00e7a no exerc\u00edcio das suas fun\u00e7\u00f5es. Al\u00e9m disso, os seus dados poder\u00e3o ser cedidos \u00e0 sociedade Azkoyen Vending &amp; Payment Solutions, S.L.U., empresa-m\u00e3e da Azkoyen VPS, para fins administrativos do grupo empresarial.<\/span><\/p>\n<p>&nbsp;<\/p>\n<p>&nbsp;<\/p>\n<h4><b>POR QUANTO TEMPO CONSERVAREMOS OS SEUS DADOS PESSOAIS?<\/b><\/h4>\n<p><span style=\"font-weight: 400;\">Os seus dados pessoais ser\u00e3o conservados apenas durante o tempo necess\u00e1rio para cumprir a finalidade para a qual foram obtidos. Neste sentido, quando os seus dados pessoais deixarem de ser necess\u00e1rios para o cumprimento dessas finalidades, ser\u00e3o suprimidos. No entanto, poder\u00e3o ser previamente bloqueados, ficando \u00e0 disposi\u00e7\u00e3o apenas de ju\u00edzes, tribunais, minist\u00e9rios p\u00fablicos ou das administra\u00e7\u00f5es p\u00fablicas competentes \u2014 em particular das autoridades de prote\u00e7\u00e3o de dados pessoais \u2014 para o tratamento de eventuais responsabilidades decorrentes do tratamento e apenas durante o prazo de prescri\u00e7\u00e3o aplic\u00e1vel.<\/span><\/p>\n<p><span style=\"font-weight: 400;\">Os dados pessoais obtidos atrav\u00e9s do formul\u00e1rio de contacto ser\u00e3o conservados apenas durante o tempo necess\u00e1rio para responder ao pedido de informa\u00e7\u00e3o.<\/span><\/p>\n<ul>\n<li style=\"font-weight: 400;\" aria-level=\"1\"><span style=\"font-weight: 400;\">Os dados pessoais obtidos atrav\u00e9s do formul\u00e1rio de inscri\u00e7\u00e3o em processos de sele\u00e7\u00e3o de pessoal ser\u00e3o conservados enquanto esses processos estiverem em curso. Posteriormente, ser\u00e3o conservados durante um per\u00edodo de dois anos, exceto no caso dos candidatos finalmente contratados, cujos CV ser\u00e3o incorporados ao processo individual (caso em que se aplicar\u00e1 a pol\u00edtica de prote\u00e7\u00e3o de dados correspondente ao \u00e2mbito laboral).<\/span><\/li>\n<li style=\"font-weight: 400;\" aria-level=\"1\"><span style=\"font-weight: 400;\">Os dados pessoais obtidos atrav\u00e9s do canal de den\u00fancias ser\u00e3o conservados no sistema desse canal durante um prazo m\u00e1ximo de tr\u00eas meses, ap\u00f3s o qual os dados ser\u00e3o suprimidos ou anonimizados, sem preju\u00edzo de que, caso se d\u00ea in\u00edcio \u00e0 investiga\u00e7\u00e3o, os dados possam ser tratados no sistema de informa\u00e7\u00e3o daqueles a quem est\u00e3o atribu\u00eddas as fun\u00e7\u00f5es de controlo e conformidade.<\/span><\/li>\n<li style=\"font-weight: 400;\" aria-level=\"1\"><span style=\"font-weight: 400;\">Os dados pessoais relativos a transa\u00e7\u00f5es comerciais com clientes e fornecedores que operem como empres\u00e1rios independentes, bem como os dados dos representantes legais e comerciais de clientes e fornecedores, ser\u00e3o conservados, em qualquer caso, enquanto a rela\u00e7\u00e3o contratual se mantiver e durante seis anos ap\u00f3s a sua cessa\u00e7\u00e3o, podendo esse prazo ser prorrogado enquanto estiverem em vigor os prazos de prescri\u00e7\u00e3o de a\u00e7\u00f5es.<\/span><\/li>\n<li style=\"font-weight: 400;\" aria-level=\"1\"><span style=\"font-weight: 400;\">Os dados pessoais de natureza profissional que tenham sido inclu\u00eddos em bases de dados para fins comerciais ser\u00e3o conservados enquanto n\u00e3o nos for comunicada a sua oposi\u00e7\u00e3o ou retirada do consentimento.<\/span><\/li>\n<\/ul>\n<p>&nbsp;<\/p>\n<p>&nbsp;<\/p>\n<h4><b>QUE MEDIDAS DE SEGURAN\u00c7A SER\u00c3O APLICADAS AOS SEUS DADOS PESSOAIS?<\/b><\/h4>\n<p><span style=\"font-weight: 400;\">O tratamento dos dados pessoais fornecidos ser\u00e1 realizado adotando as medidas de seguran\u00e7a f\u00edsicas, l\u00f3gicas e organizacionais necess\u00e1rias para evitar a perda, o uso indevido, a altera\u00e7\u00e3o e o acesso n\u00e3o autorizado aos mesmos, tendo em conta o estado da tecnologia, a natureza dos dados e a an\u00e1lise de riscos realizada.<\/span><\/p>\n<p>&nbsp;<\/p>\n<p>&nbsp;<\/p>\n<h4><b>SER\u00c3O REALIZADAS TRANSFER\u00caNCIAS INTERNACIONAIS DE DADOS PESSOAIS?<\/b><\/h4>\n<p><span style=\"font-weight: 400;\">Apenas em determinados casos poder\u00e3o ocorrer transfer\u00eancias internacionais de dados pessoais; ou seja, sa\u00eddas de dados pessoais da UE para territ\u00f3rios ou organiza\u00e7\u00f5es internacionais situados fora do Espa\u00e7o Econ\u00f3mico Europeu (EEE).<\/span><\/p>\n<p><span style=\"font-weight: 400;\">Nos casos em que tal ocorra, a entidade respons\u00e1vel pelo tratamento, filial da Azkoyen VPS envolvida, assegurar\u00e1 sempre que se verifique uma das seguintes condi\u00e7\u00f5es: (i) existe uma Decis\u00e3o de Adequa\u00e7\u00e3o que atesta um n\u00edvel de prote\u00e7\u00e3o adequado; (ii) foram formalizadas cl\u00e1usulas-tipo de acordo com a Decis\u00e3o de Execu\u00e7\u00e3o (UE) 2021\/914 da Comiss\u00e3o, de 4 de junho de 2021, relativa \u00e0s cl\u00e1usulas contratuais-tipo para a transfer\u00eancia internacional de dados pessoais para pa\u00edses terceiros; (iii) n\u00e3o se verifica nenhuma das duas condi\u00e7\u00f5es anteriores, mas \u00e9 aplic\u00e1vel alguma das exce\u00e7\u00f5es estabelecidas no art. 49.\u00ba do RGPD.<\/span><\/p>\n<p>&nbsp;<\/p>\n<p>&nbsp;<\/p>\n<h4><b>COMO PODE EXERCER OS SEUS DIREITOS RELATIVOS AOS SEUS DADOS PESSOAIS E CONTACTAR O NOSSO RESPONS\u00c1VEL PELA PROTE\u00c7\u00c3O DE DADOS?<\/b><\/h4>\n<p><span style=\"font-weight: 400;\">Para revogar os consentimentos concedidos, se for o caso, bem como para exercer os direitos de acesso, retifica\u00e7\u00e3o, apagamento, oposi\u00e7\u00e3o, limita\u00e7\u00e3o, portabilidade e n\u00e3o sujei\u00e7\u00e3o a decis\u00f5es individuais automatizadas, pode dirigir-se, mediante pedido por escrito, a:<\/span><\/p>\n<p><span style=\"font-weight: 400;\">Avda. San Silvestre s\/n, 31350, Peralta (Navarra-Espanha), ou<\/span><\/p>\n<p><span style=\"font-weight: 400;\">responsableseguridad@azkoyen.com<\/span><\/p>\n<p><span style=\"font-weight: 400;\">Caso o interessado o considere oportuno, poder\u00e1 contactar o nosso Respons\u00e1vel pela Prote\u00e7\u00e3o de Dados (DPO) atrav\u00e9s do endere\u00e7o de e-mail acima indicado, bem como apresentar a respetiva reclama\u00e7\u00e3o de tutela de direitos junto da autoridade competente em mat\u00e9ria de prote\u00e7\u00e3o de dados.<\/span><\/p>\n<p>&nbsp;<\/p>\n<p>&nbsp;<\/p>\n<h4><b>CAR\u00c1TER OBRIGAT\u00d3RIO OU FACULTATIVO DOS DADOS SOLICITADOS<\/b><\/h4>\n<p><span style=\"font-weight: 400;\">Os dados obrigat\u00f3rios de cada formul\u00e1rio est\u00e3o identificados como tal atrav\u00e9s de um asterisco (*). A recusa em fornecer essas informa\u00e7\u00f5es impedir\u00e1 a comunica\u00e7\u00e3o com o utilizador e, se for o caso, a impossibilidade de lhe facilitar a informa\u00e7\u00e3o e\/ou presta\u00e7\u00e3o solicitada.<\/span><\/p>\n","protected":false},"excerpt":{"rendered":"<p>&#8230;<\/p>\n","protected":false},"author":15,"featured_media":0,"parent":0,"menu_order":22,"comment_status":"closed","ping_status":"closed","template":"page-templates\/legal.php","meta":{"_acf_changed":false,"inline_featured_image":false,"footnotes":""},"class_list":["post-8183","page","type-page","status-publish","hentry"],"acf":[],"yoast_head":"<!-- This site is optimized with the Yoast SEO plugin v26.9 - https:\/\/yoast.com\/product\/yoast-seo-wordpress\/ -->\n<title>Pol\u00edtica de prote\u00e7\u00e3o de dados - Cashlogy<\/title>\n<meta name=\"robots\" content=\"index, follow, max-snippet:-1, max-image-preview:large, max-video-preview:-1\" \/>\n<link rel=\"canonical\" href=\"https:\/\/cashlogy.com\/pt-pt\/protecao-dados\/\" \/>\n<meta property=\"og:locale\" content=\"pt_PT\" \/>\n<meta property=\"og:type\" content=\"article\" \/>\n<meta property=\"og:title\" content=\"Pol\u00edtica de prote\u00e7\u00e3o de dados - Cashlogy\" \/>\n<meta property=\"og:description\" content=\"...\" \/>\n<meta property=\"og:url\" content=\"https:\/\/cashlogy.com\/pt-pt\/protecao-dados\/\" \/>\n<meta property=\"og:site_name\" content=\"Cashlogy\" \/>\n<meta property=\"article:modified_time\" content=\"2026-04-16T10:35:46+00:00\" \/>\n<meta name=\"twitter:label1\" content=\"Tempo estimado de leitura\" \/>\n\t<meta name=\"twitter:data1\" content=\"7 minutos\" \/>\n<script type=\"application\/ld+json\" class=\"yoast-schema-graph\">{\"@context\":\"https:\/\/schema.org\",\"@graph\":[{\"@type\":\"WebPage\",\"@id\":\"https:\/\/cashlogy.com\/pt-pt\/protecao-dados\/\",\"url\":\"https:\/\/cashlogy.com\/pt-pt\/protecao-dados\/\",\"name\":\"Pol\u00edtica de prote\u00e7\u00e3o de dados - Cashlogy\",\"isPartOf\":{\"@id\":\"https:\/\/cashlogy.com\/#website\"},\"datePublished\":\"2017-02-09T16:18:55+00:00\",\"dateModified\":\"2026-04-16T10:35:46+00:00\",\"breadcrumb\":{\"@id\":\"https:\/\/cashlogy.com\/pt-pt\/protecao-dados\/#breadcrumb\"},\"inLanguage\":\"pt-PT\",\"potentialAction\":[{\"@type\":\"ReadAction\",\"target\":[\"https:\/\/cashlogy.com\/pt-pt\/protecao-dados\/\"]}]},{\"@type\":\"BreadcrumbList\",\"@id\":\"https:\/\/cashlogy.com\/pt-pt\/protecao-dados\/#breadcrumb\",\"itemListElement\":[{\"@type\":\"ListItem\",\"position\":1,\"name\":\"Portada\",\"item\":\"https:\/\/cashlogy.com\/pt-pt\/\"},{\"@type\":\"ListItem\",\"position\":2,\"name\":\"Pol\u00edtica de prote\u00e7\u00e3o de dados\"}]},{\"@type\":\"WebSite\",\"@id\":\"https:\/\/cashlogy.com\/#website\",\"url\":\"https:\/\/cashlogy.com\/\",\"name\":\"Cashlogy\",\"description\":\"Bienvenido al comercio seguro\",\"potentialAction\":[{\"@type\":\"SearchAction\",\"target\":{\"@type\":\"EntryPoint\",\"urlTemplate\":\"https:\/\/cashlogy.com\/?s={search_term_string}\"},\"query-input\":{\"@type\":\"PropertyValueSpecification\",\"valueRequired\":true,\"valueName\":\"search_term_string\"}}],\"inLanguage\":\"pt-PT\"}]}<\/script>\n<!-- \/ Yoast SEO plugin. -->","yoast_head_json":{"title":"Pol\u00edtica de prote\u00e7\u00e3o de dados - Cashlogy","robots":{"index":"index","follow":"follow","max-snippet":"max-snippet:-1","max-image-preview":"max-image-preview:large","max-video-preview":"max-video-preview:-1"},"canonical":"https:\/\/cashlogy.com\/pt-pt\/protecao-dados\/","og_locale":"pt_PT","og_type":"article","og_title":"Pol\u00edtica de prote\u00e7\u00e3o de dados - Cashlogy","og_description":"...","og_url":"https:\/\/cashlogy.com\/pt-pt\/protecao-dados\/","og_site_name":"Cashlogy","article_modified_time":"2026-04-16T10:35:46+00:00","twitter_misc":{"Tempo estimado de leitura":"7 minutos"},"schema":{"@context":"https:\/\/schema.org","@graph":[{"@type":"WebPage","@id":"https:\/\/cashlogy.com\/pt-pt\/protecao-dados\/","url":"https:\/\/cashlogy.com\/pt-pt\/protecao-dados\/","name":"Pol\u00edtica de prote\u00e7\u00e3o de dados - Cashlogy","isPartOf":{"@id":"https:\/\/cashlogy.com\/#website"},"datePublished":"2017-02-09T16:18:55+00:00","dateModified":"2026-04-16T10:35:46+00:00","breadcrumb":{"@id":"https:\/\/cashlogy.com\/pt-pt\/protecao-dados\/#breadcrumb"},"inLanguage":"pt-PT","potentialAction":[{"@type":"ReadAction","target":["https:\/\/cashlogy.com\/pt-pt\/protecao-dados\/"]}]},{"@type":"BreadcrumbList","@id":"https:\/\/cashlogy.com\/pt-pt\/protecao-dados\/#breadcrumb","itemListElement":[{"@type":"ListItem","position":1,"name":"Portada","item":"https:\/\/cashlogy.com\/pt-pt\/"},{"@type":"ListItem","position":2,"name":"Pol\u00edtica de prote\u00e7\u00e3o de dados"}]},{"@type":"WebSite","@id":"https:\/\/cashlogy.com\/#website","url":"https:\/\/cashlogy.com\/","name":"Cashlogy","description":"Bienvenido al comercio seguro","potentialAction":[{"@type":"SearchAction","target":{"@type":"EntryPoint","urlTemplate":"https:\/\/cashlogy.com\/?s={search_term_string}"},"query-input":{"@type":"PropertyValueSpecification","valueRequired":true,"valueName":"search_term_string"}}],"inLanguage":"pt-PT"}]}},"_links":{"self":[{"href":"https:\/\/cashlogy.com\/pt-pt\/wp-json\/wp\/v2\/pages\/8183","targetHints":{"allow":["GET"]}}],"collection":[{"href":"https:\/\/cashlogy.com\/pt-pt\/wp-json\/wp\/v2\/pages"}],"about":[{"href":"https:\/\/cashlogy.com\/pt-pt\/wp-json\/wp\/v2\/types\/page"}],"author":[{"embeddable":true,"href":"https:\/\/cashlogy.com\/pt-pt\/wp-json\/wp\/v2\/users\/15"}],"replies":[{"embeddable":true,"href":"https:\/\/cashlogy.com\/pt-pt\/wp-json\/wp\/v2\/comments?post=8183"}],"version-history":[{"count":10,"href":"https:\/\/cashlogy.com\/pt-pt\/wp-json\/wp\/v2\/pages\/8183\/revisions"}],"predecessor-version":[{"id":16304,"href":"https:\/\/cashlogy.com\/pt-pt\/wp-json\/wp\/v2\/pages\/8183\/revisions\/16304"}],"wp:attachment":[{"href":"https:\/\/cashlogy.com\/pt-pt\/wp-json\/wp\/v2\/media?parent=8183"}],"curies":[{"name":"wp","href":"https:\/\/api.w.org\/{rel}","templated":true}]}}