{"id":11162,"date":"2021-02-02T21:36:26","date_gmt":"2021-02-02T19:36:26","guid":{"rendered":"https:\/\/cashlogy.com\/?page_id=11162"},"modified":"2026-04-16T12:13:25","modified_gmt":"2026-04-16T10:13:25","slug":"aviso-legal","status":"publish","type":"page","link":"https:\/\/cashlogy.com\/pt-pt\/aviso-legal\/","title":{"rendered":"Aviso legal"},"content":{"rendered":"<p><b>TITULARIDADE:<\/b><\/p>\n<p><b>DENOMINA\u00c7\u00c3O SOCIAL:<\/b><span style=\"font-weight: 400;\"> AZKOYEN VENDING &amp; PAYMENT SOLUTIONS, S.L.U (doravante, AZKOYEN VPS)<\/span><span style=\"font-weight: 400;\"><br \/>\n<\/span> <b>DOMIC\u00cdLIO SOCIAL:<\/b><span style=\"font-weight: 400;\"> Avda. San Silvestre s\/n, 31350, Peralta (Navarra-Espanha)<\/span><span style=\"font-weight: 400;\"><br \/>\n<\/span> <b>TELEFONE \/ FAX:<\/b><span style=\"font-weight: 400;\"> +34 948 709 709 \/ +34 948 709 720<\/span><span style=\"font-weight: 400;\"><br \/>\n<\/span> <b>REGISTRO COMERCIAL:<\/b><span style=\"font-weight: 400;\"> Inscrita no Registro Comercial de Navarra na Ficha registral NA-44588. (IRUS: 1000459814989)<\/span><span style=\"font-weight: 400;\"><br \/>\n<\/span> <b>N.I.F.:<\/b><span style=\"font-weight: 400;\"> B71541411<\/span><\/p>\n<p>&nbsp;<\/p>\n<p>&nbsp;<\/p>\n<h4><b>Finalidade do site e condi\u00e7\u00f5es gerais de uso<\/b><\/h4>\n<p><span style=\"font-weight: 400;\">A AZKOYEN VPS coloca \u00e0 disposi\u00e7\u00e3o dos usu\u00e1rios da Internet este site com o objetivo de promover a sua imagem corporativa e fornecer informa\u00e7\u00f5es sobre os seus produtos e servi\u00e7os.<\/span><\/p>\n<p><span style=\"font-weight: 400;\">As presentes condi\u00e7\u00f5es gerais de uso t\u00eam como objetivo regular tanto a disponibiliza\u00e7\u00e3o de informa\u00e7\u00f5es quanto as rela\u00e7\u00f5es entre a AZKOYEN VPS e os usu\u00e1rios do portal. Caso n\u00e3o concorde com as condi\u00e7\u00f5es aqui estabelecidas, por favor, n\u00e3o utilize este site.<\/span><\/p>\n<p>&nbsp;<\/p>\n<p>&nbsp;<\/p>\n<h4><b>Poder de modifica\u00e7\u00e3o<\/b><\/h4>\n<p><span style=\"font-weight: 400;\">A AZKOYEN VPS poder\u00e1, a qualquer momento e sem aviso pr\u00e9vio, modificar estas condi\u00e7\u00f5es mediante a publica\u00e7\u00e3o das referidas altera\u00e7\u00f5es no site, para que possam ser conhecidas pelos usu\u00e1rios.<\/span><\/p>\n<p>&nbsp;<\/p>\n<p>&nbsp;<\/p>\n<h4><b>Propriedade intelectual e industrial<\/b><\/h4>\n<p><span style=\"font-weight: 400;\">Todos os conte\u00fados apresentados neste site, especialmente designs, textos, gr\u00e1ficos, log\u00f3tipos, \u00edcones, bot\u00f5es, software, nomes comerciais, marcas, desenhos industriais ou quaisquer outros sinais suscet\u00edveis de utiliza\u00e7\u00e3o industrial ou comercial, est\u00e3o sujeitos a direitos de propriedade intelectual ou industrial pertencentes \u00e0 AZKOYEN VPS ou, se for o caso, a terceiros que tenham autorizado devidamente a sua inclus\u00e3o no site.<\/span><\/p>\n<p>&nbsp;<\/p>\n<p>&nbsp;<\/p>\n<h4><b>Obriga\u00e7\u00f5es do usu\u00e1rio<\/b><\/h4>\n<p><span style=\"font-weight: 400;\">De modo geral, o usu\u00e1rio compromete-se a cumprir as presentes condi\u00e7\u00f5es de uso e, quando aplic\u00e1vel, as condi\u00e7\u00f5es particulares correspondentes, bem como a respeitar os avisos e instru\u00e7\u00f5es especiais contidos nestas condi\u00e7\u00f5es ou em qualquer outro local do site. O usu\u00e1rio deve sempre agir de acordo com a lei, os bons costumes e a boa-f\u00e9, utilizando a dilig\u00eancia adequada \u00e0 natureza do servi\u00e7o e abstendo-se de usar o site de qualquer forma que possa impedir, danificar ou deteriorar o seu funcionamento normal, os bens ou direitos da AZKOYEN VPS, dos seus fornecedores, colaboradores, usu\u00e1rios ou, em geral, de terceiros.<\/span><\/p>\n<p><span style=\"font-weight: 400;\">O usu\u00e1rio compromete-se, de forma enunciativa e n\u00e3o limitativa, a:<\/span><\/p>\n<ul>\n<li style=\"font-weight: 400;\" aria-level=\"1\"><span style=\"font-weight: 400;\">Fornecer dados verdadeiros ao utilizar formul\u00e1rios.<\/span><\/li>\n<li style=\"font-weight: 400;\" aria-level=\"1\"><span style=\"font-weight: 400;\">Guardar adequadamente as credenciais de acesso fornecidas pela AZKOYEN VPS, comprometendo-se a n\u00e3o permitir a sua utiliza\u00e7\u00e3o por terceiros, assumindo a responsabilidade por danos decorrentes do seu uso inadequado. Da mesma forma, o usu\u00e1rio compromete-se a comunicar \u00e0 AZKOYEN VPS, o mais rapidamente poss\u00edvel, a perda ou roubo das credenciais, bem como qualquer risco de acesso por terceiros.<\/span><\/li>\n<li style=\"font-weight: 400;\" aria-level=\"1\"><span style=\"font-weight: 400;\">N\u00e3o utilizar identidades falsas nem se passar por outra pessoa na utiliza\u00e7\u00e3o do site, incluindo o uso de senhas ou chaves de acesso de terceiros.<\/span><\/li>\n<\/ul>\n<p>&nbsp;<\/p>\n<p>&nbsp;<\/p>\n<h4><b>Exclus\u00e3o de garantias e responsabilidade<\/b><\/h4>\n<p><span style=\"font-weight: 400;\">O acesso ao site poder\u00e1 ser ocasionalmente suspenso ou restringido para permitir repara\u00e7\u00f5es, manuten\u00e7\u00e3o ou a introdu\u00e7\u00e3o de novos servi\u00e7os ou instala\u00e7\u00f5es. A AZKOYEN VPS far\u00e1 esfor\u00e7os razo\u00e1veis para limitar a frequ\u00eancia e dura\u00e7\u00e3o destas suspens\u00f5es. No entanto, poder\u00e1 suspender, retirar ou cancelar total ou parcialmente os conte\u00fados ou servi\u00e7os n\u00e3o sujeitos a contrata\u00e7\u00e3o espec\u00edfica a qualquer momento e sem aviso pr\u00e9vio. Esta previs\u00e3o n\u00e3o afeta os servi\u00e7os contratados especificamente por usu\u00e1rios registrados, que se reger\u00e3o pelas condi\u00e7\u00f5es contratuais correspondentes.<\/span><\/p>\n<p><span style=\"font-weight: 400;\">A conex\u00e3o com a Internet necess\u00e1ria para acessar o servi\u00e7o n\u00e3o \u00e9 fornecida pela AZKOYEN VPS. O usu\u00e1rio \u00e9 informado de que as comunica\u00e7\u00f5es de dados em redes abertas n\u00e3o s\u00e3o seguras e que cabe ao usu\u00e1rio adotar medidas t\u00e9cnicas adequadas para controlar os riscos e evitar poss\u00edveis danos em seus equipamentos, perda de dados ou roubo de informa\u00e7\u00e3o confidencial. Para isso, deve utilizar sistemas atualizados de detec\u00e7\u00e3o de software malicioso e manter atualizados os patches de seguran\u00e7a dos navegadores utilizados. Para mais informa\u00e7\u00f5es, deve consultar o seu Provedor de Servi\u00e7os de Internet.<\/span><\/p>\n<p><span style=\"font-weight: 400;\">A AZKOYEN VPS n\u00e3o se responsabiliza por danos que possam derivar, a t\u00edtulo enunciativo e n\u00e3o limitativo, de:<\/span><span style=\"font-weight: 400;\"><br \/>\n<\/span><span style=\"font-weight: 400;\"> (i) interfer\u00eancias, omiss\u00f5es, interrup\u00e7\u00f5es, v\u00edrus inform\u00e1ticos, avarias e\/ou desconex\u00f5es no funcionamento deste sistema electr\u00f3nico ou nos dispositivos dos usu\u00e1rios, causados por motivos n\u00e3o imput\u00e1veis \u00e0 AZKOYEN VPS;<\/span><span style=\"font-weight: 400;\"><br \/>\n<\/span><span style=\"font-weight: 400;\"> (ii) atrasos ou bloqueios causados por defici\u00eancias ou sobrecargas da Internet ou de outros sistemas eletr\u00f4nicos;<\/span><span style=\"font-weight: 400;\"><br \/>\n<\/span><span style=\"font-weight: 400;\"> (iii) atos de terceiros realizados mediante intromiss\u00f5es ileg\u00edtimas n\u00e3o atribu\u00edveis \u00e0 AZKOYEN VPS;<\/span><span style=\"font-weight: 400;\"><br \/>\n<\/span><span style=\"font-weight: 400;\"> (iv) impossibilidade de prestar o servi\u00e7o ou permitir o acesso por motivos n\u00e3o imput\u00e1veis \u00e0 AZKOYEN VPS, sejam devidos ao usu\u00e1rio, a terceiros ou a casos de for\u00e7a maior.<\/span><\/p>\n<p><span style=\"font-weight: 400;\">Os links contidos neste site podem direcionar para p\u00e1ginas de terceiros. A AZKOYEN VPS n\u00e3o assume qualquer responsabilidade pela conex\u00e3o, conte\u00fados, informa\u00e7\u00f5es ou servi\u00e7os que possam aparecer nesses sites, que t\u00eam car\u00e1ter meramente informativo e que, em nenhum caso, implicam qualquer rela\u00e7\u00e3o entre a AZKOYEN VPS e os titulares desses conte\u00fados ou p\u00e1ginas.<\/span><\/p>\n<p>&nbsp;<\/p>\n<p>&nbsp;<\/p>\n<h4><b>Legisla\u00e7\u00e3o aplic\u00e1vel e jurisdi\u00e7\u00e3o<\/b><\/h4>\n<p><span style=\"font-weight: 400;\">Os termos e condi\u00e7\u00f5es que regem este site e todas as rela\u00e7\u00f5es que possam surgir est\u00e3o sujeitos \u00e0 legisla\u00e7\u00e3o e jurisdi\u00e7\u00e3o espanhola.<\/span><\/p>\n","protected":false},"excerpt":{"rendered":"<p>&#8230;<\/p>\n","protected":false},"author":15,"featured_media":0,"parent":0,"menu_order":24,"comment_status":"closed","ping_status":"closed","template":"page-templates\/legal.php","meta":{"_acf_changed":false,"inline_featured_image":false,"footnotes":""},"class_list":["post-11162","page","type-page","status-publish","hentry"],"acf":[],"yoast_head":"<!-- This site is optimized with the Yoast SEO plugin v26.9 - https:\/\/yoast.com\/product\/yoast-seo-wordpress\/ -->\n<title>Aviso legal - Cashlogy<\/title>\n<meta name=\"robots\" content=\"index, follow, max-snippet:-1, max-image-preview:large, max-video-preview:-1\" \/>\n<link rel=\"canonical\" href=\"https:\/\/cashlogy.com\/pt-pt\/aviso-legal\/\" \/>\n<meta property=\"og:locale\" content=\"pt_PT\" \/>\n<meta property=\"og:type\" content=\"article\" \/>\n<meta property=\"og:title\" content=\"Aviso legal - Cashlogy\" \/>\n<meta property=\"og:description\" content=\"...\" \/>\n<meta property=\"og:url\" content=\"https:\/\/cashlogy.com\/pt-pt\/aviso-legal\/\" \/>\n<meta property=\"og:site_name\" content=\"Cashlogy\" \/>\n<meta property=\"article:modified_time\" content=\"2026-04-16T10:13:25+00:00\" \/>\n<meta name=\"twitter:label1\" content=\"Tempo estimado de leitura\" \/>\n\t<meta name=\"twitter:data1\" content=\"4 minutos\" \/>\n<script type=\"application\/ld+json\" class=\"yoast-schema-graph\">{\"@context\":\"https:\/\/schema.org\",\"@graph\":[{\"@type\":\"WebPage\",\"@id\":\"https:\/\/cashlogy.com\/pt-pt\/aviso-legal\/\",\"url\":\"https:\/\/cashlogy.com\/pt-pt\/aviso-legal\/\",\"name\":\"Aviso legal - Cashlogy\",\"isPartOf\":{\"@id\":\"https:\/\/cashlogy.com\/#website\"},\"datePublished\":\"2021-02-02T19:36:26+00:00\",\"dateModified\":\"2026-04-16T10:13:25+00:00\",\"breadcrumb\":{\"@id\":\"https:\/\/cashlogy.com\/pt-pt\/aviso-legal\/#breadcrumb\"},\"inLanguage\":\"pt-PT\",\"potentialAction\":[{\"@type\":\"ReadAction\",\"target\":[\"https:\/\/cashlogy.com\/pt-pt\/aviso-legal\/\"]}]},{\"@type\":\"BreadcrumbList\",\"@id\":\"https:\/\/cashlogy.com\/pt-pt\/aviso-legal\/#breadcrumb\",\"itemListElement\":[{\"@type\":\"ListItem\",\"position\":1,\"name\":\"Portada\",\"item\":\"https:\/\/cashlogy.com\/pt-pt\/\"},{\"@type\":\"ListItem\",\"position\":2,\"name\":\"Aviso legal\"}]},{\"@type\":\"WebSite\",\"@id\":\"https:\/\/cashlogy.com\/#website\",\"url\":\"https:\/\/cashlogy.com\/\",\"name\":\"Cashlogy\",\"description\":\"Bienvenido al comercio seguro\",\"potentialAction\":[{\"@type\":\"SearchAction\",\"target\":{\"@type\":\"EntryPoint\",\"urlTemplate\":\"https:\/\/cashlogy.com\/?s={search_term_string}\"},\"query-input\":{\"@type\":\"PropertyValueSpecification\",\"valueRequired\":true,\"valueName\":\"search_term_string\"}}],\"inLanguage\":\"pt-PT\"}]}<\/script>\n<!-- \/ Yoast SEO plugin. -->","yoast_head_json":{"title":"Aviso legal - Cashlogy","robots":{"index":"index","follow":"follow","max-snippet":"max-snippet:-1","max-image-preview":"max-image-preview:large","max-video-preview":"max-video-preview:-1"},"canonical":"https:\/\/cashlogy.com\/pt-pt\/aviso-legal\/","og_locale":"pt_PT","og_type":"article","og_title":"Aviso legal - Cashlogy","og_description":"...","og_url":"https:\/\/cashlogy.com\/pt-pt\/aviso-legal\/","og_site_name":"Cashlogy","article_modified_time":"2026-04-16T10:13:25+00:00","twitter_misc":{"Tempo estimado de leitura":"4 minutos"},"schema":{"@context":"https:\/\/schema.org","@graph":[{"@type":"WebPage","@id":"https:\/\/cashlogy.com\/pt-pt\/aviso-legal\/","url":"https:\/\/cashlogy.com\/pt-pt\/aviso-legal\/","name":"Aviso legal - Cashlogy","isPartOf":{"@id":"https:\/\/cashlogy.com\/#website"},"datePublished":"2021-02-02T19:36:26+00:00","dateModified":"2026-04-16T10:13:25+00:00","breadcrumb":{"@id":"https:\/\/cashlogy.com\/pt-pt\/aviso-legal\/#breadcrumb"},"inLanguage":"pt-PT","potentialAction":[{"@type":"ReadAction","target":["https:\/\/cashlogy.com\/pt-pt\/aviso-legal\/"]}]},{"@type":"BreadcrumbList","@id":"https:\/\/cashlogy.com\/pt-pt\/aviso-legal\/#breadcrumb","itemListElement":[{"@type":"ListItem","position":1,"name":"Portada","item":"https:\/\/cashlogy.com\/pt-pt\/"},{"@type":"ListItem","position":2,"name":"Aviso legal"}]},{"@type":"WebSite","@id":"https:\/\/cashlogy.com\/#website","url":"https:\/\/cashlogy.com\/","name":"Cashlogy","description":"Bienvenido al comercio seguro","potentialAction":[{"@type":"SearchAction","target":{"@type":"EntryPoint","urlTemplate":"https:\/\/cashlogy.com\/?s={search_term_string}"},"query-input":{"@type":"PropertyValueSpecification","valueRequired":true,"valueName":"search_term_string"}}],"inLanguage":"pt-PT"}]}},"_links":{"self":[{"href":"https:\/\/cashlogy.com\/pt-pt\/wp-json\/wp\/v2\/pages\/11162","targetHints":{"allow":["GET"]}}],"collection":[{"href":"https:\/\/cashlogy.com\/pt-pt\/wp-json\/wp\/v2\/pages"}],"about":[{"href":"https:\/\/cashlogy.com\/pt-pt\/wp-json\/wp\/v2\/types\/page"}],"author":[{"embeddable":true,"href":"https:\/\/cashlogy.com\/pt-pt\/wp-json\/wp\/v2\/users\/15"}],"replies":[{"embeddable":true,"href":"https:\/\/cashlogy.com\/pt-pt\/wp-json\/wp\/v2\/comments?post=11162"}],"version-history":[{"count":3,"href":"https:\/\/cashlogy.com\/pt-pt\/wp-json\/wp\/v2\/pages\/11162\/revisions"}],"predecessor-version":[{"id":16294,"href":"https:\/\/cashlogy.com\/pt-pt\/wp-json\/wp\/v2\/pages\/11162\/revisions\/16294"}],"wp:attachment":[{"href":"https:\/\/cashlogy.com\/pt-pt\/wp-json\/wp\/v2\/media?parent=11162"}],"curies":[{"name":"wp","href":"https:\/\/api.w.org\/{rel}","templated":true}]}}