{"id":11144,"date":"2021-02-02T21:19:17","date_gmt":"2021-02-02T19:19:17","guid":{"rendered":"https:\/\/cashlogy.com\/?page_id=11144"},"modified":"2026-04-16T12:17:02","modified_gmt":"2026-04-16T10:17:02","slug":"avvertimento-legale","status":"publish","type":"page","link":"https:\/\/cashlogy.com\/it\/avvertimento-legale\/","title":{"rendered":"Avvertimento legale"},"content":{"rendered":"<h1><\/h1>\n<p><b>TITOLARIT\u00c0:<\/b><\/p>\n<p><b>DENOMINAZIONE SOCIALE:<\/b><span style=\"font-weight: 400;\"> AZKOYEN VENDING &amp; PAYMENT SOLUTIONS, S.L.U (di seguito \u201cAZKOYEN VPS\u201d)<\/span><span style=\"font-weight: 400;\"><br \/>\n<\/span> <b>SEDE LEGALE:<\/b><span style=\"font-weight: 400;\"> Avda. San Silvestre s\/n, 31350, Peralta (Navarra \u2013 Spagna)<\/span><span style=\"font-weight: 400;\"><br \/>\n<\/span> <b>TELEFONO \/ FAX:<\/b><span style=\"font-weight: 400;\"> +34 948 709 709 \/ +34 948 709 720<\/span><span style=\"font-weight: 400;\"><br \/>\n<\/span> <b>ISCRIZIONE AL REGISTRO COMMERCIALE:<\/b><span style=\"font-weight: 400;\"> iscritta presso il Registro delle Imprese di Navarra al foglio NA\u201144588. (IRUS: 1000459814989)<\/span><span style=\"font-weight: 400;\"><br \/>\n<\/span> <b>N.I.F.:<\/b><span style=\"font-weight: 400;\"> B71541411<\/span><\/p>\n<p>&nbsp;<\/p>\n<p>&nbsp;<\/p>\n<h4><b>Finalit\u00e0 del sito Web e condizioni generali di utilizzo<\/b><\/h4>\n<p><span style=\"font-weight: 400;\">AZKOYEN VPS mette a disposizione degli utenti di Internet il presente sito Web con l\u2019obiettivo di promuovere la propria immagine aziendale e fornire informazioni sui propri prodotti e servizi.<\/span><\/p>\n<p><span style=\"font-weight: 400;\">Le presenti condizioni generali di utilizzo hanno lo scopo di regolare sia la fornitura delle informazioni sia i rapporti tra AZKOYEN VPS e gli utenti del portale. Nel caso in cui l\u2019utente non intenda accettare le condizioni qui descritte, \u00e8 pregato di non utilizzare il presente sito Web.<\/span><\/p>\n<p>&nbsp;<\/p>\n<p>&nbsp;<\/p>\n<h4><b>Facolt\u00e0 di modifica<\/b><\/h4>\n<p><span style=\"font-weight: 400;\">AZKOYEN VPS potr\u00e0 modificare in qualsiasi momento e senza preavviso le presenti condizioni mediante la pubblicazione delle modifiche sul sito Web, affinch\u00e9 possano essere conosciute dagli utenti.<\/span><\/p>\n<p>&nbsp;<\/p>\n<p>&nbsp;<\/p>\n<h4><b>Propriet\u00e0 intellettuale e industriale<\/b><\/h4>\n<p><span style=\"font-weight: 400;\">Tutti i contenuti presenti su questo sito Web, in particolare design, testi, grafici, loghi, icone, pulsanti, software, nomi commerciali, marchi, disegni industriali o qualsiasi altro segno suscettibile di utilizzo industriale o commerciale, sono soggetti ai diritti di propriet\u00e0 intellettuale o industriale di AZKOYEN VPS o, se del caso, di terzi che ne hanno debitamente autorizzato l\u2019inclusione sul sito Web.<\/span><\/p>\n<p>&nbsp;<\/p>\n<p>&nbsp;<\/p>\n<h4><b>Obblighi dell\u2019utente<\/b><\/h4>\n<p><span style=\"font-weight: 400;\">In generale, l\u2019utente si impegna a rispettare le presenti condizioni di utilizzo e, se applicabili, le condizioni particolari, nonch\u00e9 ad osservare gli avvisi e le istruzioni specifiche contenute nelle stesse o in qualsiasi altra sezione del sito Web. L\u2019utente si impegna inoltre ad agire sempre conformemente alla legge, al buon costume e alla buona fede, utilizzando la diligenza adeguata alla natura del servizio e astenendosi dall\u2019utilizzare il sito Web in modo tale da impedirne, danneggiarne o deteriorarne il normale funzionamento, o da arrecare danno ai beni o ai diritti di AZKOYEN VPS, dei suoi fornitori, collaboratori, utenti o, in generale, di terzi.<\/span><\/p>\n<p><span style=\"font-weight: 400;\">L\u2019utente si impegna, in via esemplificativa ma non esaustiva, a:<\/span><\/p>\n<ul>\n<li style=\"font-weight: 400;\" aria-level=\"1\"><span style=\"font-weight: 400;\">Fornire dati veritieri nell\u2019utilizzo dei moduli.<\/span><\/li>\n<li style=\"font-weight: 400;\" aria-level=\"1\"><span style=\"font-weight: 400;\">Custodire adeguatamente le credenziali di accesso fornite da AZKOYEN VPS, impegnandosi a non consentirne l\u2019uso da parte di terzi e assumendosi la responsabilit\u00e0 per eventuali danni derivanti da un uso improprio. L\u2019utente si impegna inoltre a comunicare tempestivamente ad AZKOYEN VPS l\u2019eventuale perdita o furto delle credenziali, nonch\u00e9 qualsiasi rischio di accesso da parte di terzi.<\/span><\/li>\n<li style=\"font-weight: 400;\" aria-level=\"1\"><span style=\"font-weight: 400;\">Non utilizzare false identit\u00e0 n\u00e9 impersonare altri soggetti nell\u2019utilizzo del sito Web, incluso attraverso l\u2019uso di password o chiavi di accesso di terzi.<\/span><\/li>\n<\/ul>\n<p>&nbsp;<\/p>\n<p>&nbsp;<\/p>\n<h4><b>Esclusione di garanzie e responsabilit\u00e0<\/b><\/h4>\n<p><span style=\"font-weight: 400;\">L\u2019accesso al sito Web pu\u00f2 essere occasionalmente sospeso o limitato per consentire riparazioni, manutenzione o l\u2019introduzione di nuovi servizi o funzionalit\u00e0. AZKOYEN VPS far\u00e0 ogni ragionevole sforzo per limitare la frequenza e la durata di tali sospensioni o limitazioni. Tuttavia, potr\u00e0 sospendere, ritirare o cancellare, totalmente o parzialmente, i contenuti e i servizi non soggetti a contratto specifico in qualsiasi momento e senza preavviso. Quanto sopra non pregiudica i servizi specificamente contrattualizzati da utenti registrati, che saranno disciplinati dalle rispettive condizioni contrattuali.<\/span><\/p>\n<p><span style=\"font-weight: 400;\">La connessione a Internet, necessaria per accedere al servizio, non \u00e8 fornita da AZKOYEN VPS. Si informa l\u2019utente che le comunicazioni di dati attraverso reti aperte non sono sicure e che spetta all\u2019utente adottare tutte le misure tecniche adeguate per controllare ragionevolmente i rischi e prevenire possibili danni ai propri dispositivi, perdita di dati o furto di informazioni riservate. A tal fine, l\u2019utente dovrebbe utilizzare sistemi aggiornati di rilevazione di software dannoso e mantenere aggiornate le patch di sicurezza dei browser utilizzati. Per ulteriori informazioni, l\u2019utente pu\u00f2 rivolgersi al proprio Provider di Servizi Internet.<\/span><\/p>\n<p><span style=\"font-weight: 400;\">AZKOYEN VPS non risponde di danni che possano derivare, a titolo meramente esemplificativo e non esaustivo, da:<\/span><span style=\"font-weight: 400;\"><br \/>\n<\/span><span style=\"font-weight: 400;\"> (i) interferenze, omissioni, interruzioni, virus informatici, guasti e\/o disconnessioni nel funzionamento del sistema elettronico o nei dispositivi degli utenti, causati da motivi non imputabili ad AZKOYEN VPS, che impediscano o ritardino la prestazione dei servizi o la navigazione;<\/span><span style=\"font-weight: 400;\"><br \/>\n<\/span><span style=\"font-weight: 400;\"> (ii) ritardi o blocchi causati da carenze o sovraccarichi di Internet o di altri sistemi elettronici;<\/span><span style=\"font-weight: 400;\"><br \/>\n<\/span><span style=\"font-weight: 400;\"> (iii) interventi illeciti da parte di terzi non imputabili ad AZKOYEN VPS;<\/span><span style=\"font-weight: 400;\"><br \/>\n<\/span><span style=\"font-weight: 400;\"> (iv) impossibilit\u00e0 di fornire il servizio o permettere l\u2019accesso per motivi non imputabili ad AZKOYEN VPS, dovuti all\u2019utente, a terzi o a casi di forza maggiore.<\/span><\/p>\n<p><span style=\"font-weight: 400;\">I collegamenti contenuti nel presente sito Web possono indirizzare l\u2019utente verso siti Web di terzi. AZKOYEN VPS non assume alcuna responsabilit\u00e0 riguardo alla connessione, ai contenuti, alle informazioni o ai servizi presenti su tali siti, che sono forniti esclusivamente a scopo informativo e non implicano alcuna relazione tra AZKOYEN VPS e i titolari dei contenuti o dei siti stessi.<\/span><\/p>\n<p>&nbsp;<\/p>\n<p>&nbsp;<\/p>\n<h4><b>Legge applicabile e giurisdizione<\/b><\/h4>\n<p><span style=\"font-weight: 400;\">I termini e le condizioni che disciplinano il presente sito Web e tutti i rapporti che possano derivarne sono soggetti alla legislazione e alla giurisdizione spagnola.<\/span><\/p>\n","protected":false},"excerpt":{"rendered":"<p>&#8230;<\/p>\n","protected":false},"author":15,"featured_media":0,"parent":0,"menu_order":24,"comment_status":"closed","ping_status":"closed","template":"page-templates\/legal.php","meta":{"_acf_changed":false,"inline_featured_image":false,"footnotes":""},"class_list":["post-11144","page","type-page","status-publish","hentry"],"acf":[],"yoast_head":"<!-- This site is optimized with the Yoast SEO plugin v26.9 - https:\/\/yoast.com\/product\/yoast-seo-wordpress\/ -->\n<title>Avvertimento legale - Cashlogy<\/title>\n<meta name=\"robots\" content=\"index, follow, max-snippet:-1, max-image-preview:large, max-video-preview:-1\" \/>\n<link rel=\"canonical\" href=\"https:\/\/cashlogy.com\/it\/avvertimento-legale\/\" \/>\n<meta property=\"og:locale\" content=\"it_IT\" \/>\n<meta property=\"og:type\" content=\"article\" \/>\n<meta property=\"og:title\" content=\"Avvertimento legale - Cashlogy\" \/>\n<meta property=\"og:description\" content=\"...\" \/>\n<meta property=\"og:url\" content=\"https:\/\/cashlogy.com\/it\/avvertimento-legale\/\" \/>\n<meta property=\"og:site_name\" content=\"Cashlogy\" \/>\n<meta property=\"article:modified_time\" content=\"2026-04-16T10:17:02+00:00\" \/>\n<meta name=\"twitter:label1\" content=\"Tempo di lettura stimato\" \/>\n\t<meta name=\"twitter:data1\" content=\"4 minuti\" \/>\n<script type=\"application\/ld+json\" class=\"yoast-schema-graph\">{\"@context\":\"https:\/\/schema.org\",\"@graph\":[{\"@type\":\"WebPage\",\"@id\":\"https:\/\/cashlogy.com\/it\/avvertimento-legale\/\",\"url\":\"https:\/\/cashlogy.com\/it\/avvertimento-legale\/\",\"name\":\"Avvertimento legale - Cashlogy\",\"isPartOf\":{\"@id\":\"https:\/\/cashlogy.com\/#website\"},\"datePublished\":\"2021-02-02T19:19:17+00:00\",\"dateModified\":\"2026-04-16T10:17:02+00:00\",\"breadcrumb\":{\"@id\":\"https:\/\/cashlogy.com\/it\/avvertimento-legale\/#breadcrumb\"},\"inLanguage\":\"it-IT\",\"potentialAction\":[{\"@type\":\"ReadAction\",\"target\":[\"https:\/\/cashlogy.com\/it\/avvertimento-legale\/\"]}]},{\"@type\":\"BreadcrumbList\",\"@id\":\"https:\/\/cashlogy.com\/it\/avvertimento-legale\/#breadcrumb\",\"itemListElement\":[{\"@type\":\"ListItem\",\"position\":1,\"name\":\"Portada\",\"item\":\"https:\/\/cashlogy.com\/it\/\"},{\"@type\":\"ListItem\",\"position\":2,\"name\":\"Avvertimento legale\"}]},{\"@type\":\"WebSite\",\"@id\":\"https:\/\/cashlogy.com\/#website\",\"url\":\"https:\/\/cashlogy.com\/\",\"name\":\"Cashlogy\",\"description\":\"Bienvenido al comercio seguro\",\"potentialAction\":[{\"@type\":\"SearchAction\",\"target\":{\"@type\":\"EntryPoint\",\"urlTemplate\":\"https:\/\/cashlogy.com\/?s={search_term_string}\"},\"query-input\":{\"@type\":\"PropertyValueSpecification\",\"valueRequired\":true,\"valueName\":\"search_term_string\"}}],\"inLanguage\":\"it-IT\"}]}<\/script>\n<!-- \/ Yoast SEO plugin. -->","yoast_head_json":{"title":"Avvertimento legale - Cashlogy","robots":{"index":"index","follow":"follow","max-snippet":"max-snippet:-1","max-image-preview":"max-image-preview:large","max-video-preview":"max-video-preview:-1"},"canonical":"https:\/\/cashlogy.com\/it\/avvertimento-legale\/","og_locale":"it_IT","og_type":"article","og_title":"Avvertimento legale - Cashlogy","og_description":"...","og_url":"https:\/\/cashlogy.com\/it\/avvertimento-legale\/","og_site_name":"Cashlogy","article_modified_time":"2026-04-16T10:17:02+00:00","twitter_misc":{"Tempo di lettura stimato":"4 minuti"},"schema":{"@context":"https:\/\/schema.org","@graph":[{"@type":"WebPage","@id":"https:\/\/cashlogy.com\/it\/avvertimento-legale\/","url":"https:\/\/cashlogy.com\/it\/avvertimento-legale\/","name":"Avvertimento legale - Cashlogy","isPartOf":{"@id":"https:\/\/cashlogy.com\/#website"},"datePublished":"2021-02-02T19:19:17+00:00","dateModified":"2026-04-16T10:17:02+00:00","breadcrumb":{"@id":"https:\/\/cashlogy.com\/it\/avvertimento-legale\/#breadcrumb"},"inLanguage":"it-IT","potentialAction":[{"@type":"ReadAction","target":["https:\/\/cashlogy.com\/it\/avvertimento-legale\/"]}]},{"@type":"BreadcrumbList","@id":"https:\/\/cashlogy.com\/it\/avvertimento-legale\/#breadcrumb","itemListElement":[{"@type":"ListItem","position":1,"name":"Portada","item":"https:\/\/cashlogy.com\/it\/"},{"@type":"ListItem","position":2,"name":"Avvertimento legale"}]},{"@type":"WebSite","@id":"https:\/\/cashlogy.com\/#website","url":"https:\/\/cashlogy.com\/","name":"Cashlogy","description":"Bienvenido al comercio seguro","potentialAction":[{"@type":"SearchAction","target":{"@type":"EntryPoint","urlTemplate":"https:\/\/cashlogy.com\/?s={search_term_string}"},"query-input":{"@type":"PropertyValueSpecification","valueRequired":true,"valueName":"search_term_string"}}],"inLanguage":"it-IT"}]}},"_links":{"self":[{"href":"https:\/\/cashlogy.com\/it\/wp-json\/wp\/v2\/pages\/11144","targetHints":{"allow":["GET"]}}],"collection":[{"href":"https:\/\/cashlogy.com\/it\/wp-json\/wp\/v2\/pages"}],"about":[{"href":"https:\/\/cashlogy.com\/it\/wp-json\/wp\/v2\/types\/page"}],"author":[{"embeddable":true,"href":"https:\/\/cashlogy.com\/it\/wp-json\/wp\/v2\/users\/15"}],"replies":[{"embeddable":true,"href":"https:\/\/cashlogy.com\/it\/wp-json\/wp\/v2\/comments?post=11144"}],"version-history":[{"count":2,"href":"https:\/\/cashlogy.com\/it\/wp-json\/wp\/v2\/pages\/11144\/revisions"}],"predecessor-version":[{"id":16298,"href":"https:\/\/cashlogy.com\/it\/wp-json\/wp\/v2\/pages\/11144\/revisions\/16298"}],"wp:attachment":[{"href":"https:\/\/cashlogy.com\/it\/wp-json\/wp\/v2\/media?parent=11144"}],"curies":[{"name":"wp","href":"https:\/\/api.w.org\/{rel}","templated":true}]}}