{"id":1036,"date":"2017-02-10T09:34:51","date_gmt":"2017-02-10T08:34:51","guid":{"rendered":"https:\/\/cashlogy.com\/?page_id=1036\/"},"modified":"2026-04-16T12:34:30","modified_gmt":"2026-04-16T10:34:30","slug":"protezione-dati","status":"publish","type":"page","link":"https:\/\/cashlogy.com\/it\/protezione-dati\/","title":{"rendered":"Protezione dei dati"},"content":{"rendered":"<p><span style=\"font-weight: 400;\">Noi di Azkoyen VPS e delle nostre affiliate ci impegniamo a tutelare la privacy e i dati personali degli utenti dei nostri siti web, servizi e piattaforme digitali, in conformit\u00e0 con la normativa vigente in materia di protezione dei dati, in particolare il Regolamento (UE) 2016\/679 (GDPR) e la legislazione applicabile in ciascun paese.<\/span><\/p>\n<p><span style=\"font-weight: 400;\">La presente informativa sulla privacy descrive come trattiamo i dati personali.<\/span><\/p>\n<p>&nbsp;<\/p>\n<p>&nbsp;<\/p>\n<h4><b>CHI \u00c8 IL TITOLARE DEL TRATTAMENTO DEI SUOI DATI PERSONALI?<\/b><\/h4>\n<p><span style=\"font-weight: 400;\">Titolare del trattamento: Azkoyen Vending &amp; Payment Solutions, S.L.U.<\/span><span style=\"font-weight: 400;\"><br \/>\n<\/span><span style=\"font-weight: 400;\"> P. IVA: B71541411<\/span><span style=\"font-weight: 400;\"><br \/>\n<\/span><span style=\"font-weight: 400;\"> Sede legale: Avda. San Silvestre s\/n, 31350 Peralta (Navarra \u2013 Spagna)<\/span><span style=\"font-weight: 400;\"><br \/>\n<\/span><span style=\"font-weight: 400;\"> E-mail: responsableseguridad@azkoyen.com<\/span><\/p>\n<p>&nbsp;<\/p>\n<p>&nbsp;<\/p>\n<h4><b>PER QUALE FINALIT\u00c0 E SU QUALE BASE GIURIDICA TRATTIAMO I SUOI DATI PERSONALI?<\/b><\/h4>\n<p><span style=\"font-weight: 400;\">La filiale di Azkoyen VPS sopra menzionata come Titolare del trattamento tratter\u00e0 i dati personali per le seguenti finalit\u00e0 e basi di legittimazione:<\/span><\/p>\n<ul>\n<li style=\"font-weight: 400;\" aria-level=\"1\"><span style=\"font-weight: 400;\">Gestione delle richieste di informazioni generali sull&#8217;azienda, nonch\u00e9 relative ai nostri prodotti e servizi. Base di legittimazione: interesse legittimo (art. 6.1 f) RGPD).<\/span><\/li>\n<li style=\"font-weight: 400;\" aria-level=\"1\"><span style=\"font-weight: 400;\">Esercizio dei diritti e gestione della privacy. Base di legittimazione: adempimento di un obbligo legale (art. 6.1 c) RGPD).<\/span><\/li>\n<li style=\"font-weight: 400;\" aria-level=\"1\"><span style=\"font-weight: 400;\">Stipula ed esecuzione di contratti commerciali (compravendita, distribuzione, servizi di manutenzione, ecc.): il trattamento dei dati di contatto professionali delle persone coinvolte nella stipula e nell&#8217;esecuzione dei contratti \u2013 sia che si tratti di imprenditori individuali o di persone che agiscono in qualit\u00e0 di rappresentanti o amministratori di persone giuridiche alle quali prestano i propri servizi \u2013 sar\u00e0 effettuato sulla base del legittimo interesse (art. 6.1 f) RGPD).<\/span><\/li>\n<li style=\"font-weight: 400;\" aria-level=\"1\"><span style=\"font-weight: 400;\">Adempimento degli obblighi legali in materia fiscale, contabile e amministrativa derivanti dal rapporto contrattuale instaurato con l&#8217;interessato. Base giuridica: adempimento di un obbligo legale (art. 6.1 c) RGPD).<\/span><\/li>\n<li style=\"font-weight: 400;\" aria-level=\"1\"><span style=\"font-weight: 400;\">Gestione del canale di segnalazione aziendale, corresponsabilit\u00e0 del trattamento effettuato dalle filiali che compongono Azkoyen VPS. Base di legittimazione: adempimento di un obbligo legale (art. 6.1 c) RGPD.<\/span><\/li>\n<li style=\"font-weight: 400;\" aria-level=\"1\"><span style=\"font-weight: 400;\">Invio di informazioni commerciali da parte del titolare del trattamento di Azkoyen VPS ai propri clienti, con qualsiasi mezzo &#8211; comprese le comunicazioni elettroniche &#8211; su prodotti e\/o servizi simili a quelli precedentemente contrattati. Base legale: esistenza di un interesse legittimo (art. 6.1.f) RGPD).<\/span><\/li>\n<li style=\"font-weight: 400;\" aria-level=\"1\"><span style=\"font-weight: 400;\">Gestione del servizio di assistenza tecnica (SAT). Nel caso in cui l&#8217;utente abbia bisogno di accedere alla piattaforma SAT, potr\u00e0 registrarsi tramite e-mail, nome e cognome. Base giuridica: esistenza di un interesse legittimo (art. 6.1.f) RGPD).<\/span><\/li>\n<li style=\"font-weight: 400;\" aria-level=\"1\"><span style=\"font-weight: 400;\">In caso di ottenimento del consenso espresso, invio di informazioni commerciali, tramite qualsiasi mezzo &#8211; compreso quello elettronico &#8211; da parte del titolare del trattamento Azkoyen VPS. Base giuridica di legittimazione: consenso dell&#8217;interessato (art. 6.1 a) RGPD).<\/span><\/li>\n<li style=\"font-weight: 400;\" aria-level=\"1\"><span style=\"font-weight: 400;\">In caso di consenso all&#8217;uso di cookie \u201cnon esclusi\u201d, verranno raccolte informazioni sulla navigazione sul nostro sito web al fine di misurarne l&#8217;attivit\u00e0 e, se del caso, migliorare l&#8217;esperienza dell&#8217;utente e il funzionamento del sito web. Base di legittimazione: consenso dell&#8217;interessato (art. 6.1 a) RGPD).<\/span><\/li>\n<li style=\"font-weight: 400;\" aria-level=\"1\"><span style=\"font-weight: 400;\">Accesso al Wi-Fi per gli ospiti: verranno raccolte informazioni relative all&#8217;IP, all&#8217;indirizzo MAC e alla cronologia di navigazione durante la connessione al fine di fornire il servizio. Base giuridica: interesse legittimo (art. 6.1 f) RGPD).<\/span><\/li>\n<li style=\"font-weight: 400;\" aria-level=\"1\"><span style=\"font-weight: 400;\">Nell&#8217;ambito dei rapporti con i candidati all&#8217;assunzione, il titolare del trattamento di Azkoyen VPS potr\u00e0 trattare i dati personali contenuti nei curriculum che gestisce. Base giuridica: esecuzione di misure precontrattuali su richiesta dell&#8217;interessato (art. 6.1 b) RGPD).<\/span><\/li>\n<\/ul>\n<p>&nbsp;<\/p>\n<p><span style=\"font-weight: 400;\">Per dimostrare che i trattamenti basati sull\u2019interesse legittimo dell\u2019Organizzazione ai sensi dell\u2019art. 6.1 f) GDPR non pregiudicano gli interessi dell\u2019interessato nella protezione dei propri dati personali, \u00e8 stato effettuato un \u201ctest di bilanciamento dell\u2019interesse legittimo\u201d. L\u2019interessato ha il diritto di ottenere ulteriori informazioni in merito a tali attivit\u00e0 di trattamento e al contenuto di questo interesse legittimo, nonch\u00e9 di opporsi al trattamento dei propri dati per tale finalit\u00e0 contattando il nostro DPO tramite responsableseguridad@azkoyen.com.<\/span><\/p>\n<p>&nbsp;<\/p>\n<p>&nbsp;<\/p>\n<h4><b>A CHI COMUNICHEREMO I SUOI DATI PERSONALI?<\/b><\/h4>\n<p><span style=\"font-weight: 400;\">I suoi dati personali potranno essere comunicati a fornitori di servizi ausiliari esterni con accesso ai dati personali incaricati dal titolare del trattamento affiliato di Azkoyen VPS, quali fornitori di servizi IT con accesso ai dati personali (fornitori di servizi di manutenzione tecnica\/informatica, sicurezza informatica, hosting), societ\u00e0 di gestione ambientale, studi di consulenza, agenzie di gestione amministrativa, societ\u00e0 di selezione del personale, societ\u00e0 di pubblicit\u00e0 e marketing e altri fornitori di servizi ausiliari che agiranno in qualit\u00e0 di responsabili del trattamento secondo le istruzioni del soggetto che li ha incaricati.<\/span><\/p>\n<p><span style=\"font-weight: 400;\">Qualora si disponga del Suo consenso espresso, i Suoi dati potranno essere ceduti a fini commerciali alle altre filiali di Azkoyen VPS.<\/span><\/p>\n<p><span style=\"font-weight: 400;\">Al fine di gestire la contrattazione dei nostri prodotti e servizi, i Suoi dati saranno comunicati alle filiali di Azkoyen VPS; allo stesso modo, ai distributori ufficiali dell&#8217;ente responsabile che abbiano sottoscritto un accordo di collaborazione commerciale.<\/span><\/p>\n<p><span style=\"font-weight: 400;\">Laddove sia legalmente opportuno, i Suoi dati potranno essere oggetto di cessione anche a organi delle amministrazioni pubbliche, revisori dei conti, notai, periti giudiziari, avvocati, procuratori, tribunali e forze di sicurezza nell&#8217;esercizio delle loro funzioni. Inoltre, i suoi dati potranno essere ceduti alla societ\u00e0 Azkoyen Vending &amp; Payment Solutions, S.L.U., capogruppo di Azkoyen VPS, per finalit\u00e0 amministrative del gruppo aziendale.<\/span><\/p>\n<p>&nbsp;<\/p>\n<p>&nbsp;<\/p>\n<h4><b>PER QUANTO TEMPO CONSERVEREMO I SUOI DATI PERSONALI?<\/b><\/h4>\n<p><span style=\"font-weight: 400;\">I suoi dati personali saranno conservati solo per il tempo necessario a soddisfare la finalit\u00e0 per cui sono stati raccolti. A tal proposito, quando i suoi dati personali non saranno pi\u00f9 necessari per il raggiungimento di tali finalit\u00e0, saranno cancellati. Tuttavia, potranno essere preventivamente bloccati, rimanendo a disposizione esclusivamente di giudici, tribunali, procure o delle amministrazioni pubbliche competenti &#8211; in particolare delle autorit\u00e0 di protezione dei dati personali &#8211; per far fronte a eventuali responsabilit\u00e0 derivanti dal trattamento e solo per il periodo di prescrizione applicabile.<\/span><\/p>\n<ul>\n<li style=\"font-weight: 400;\" aria-level=\"1\"><span style=\"font-weight: 400;\">I dati personali raccolti tramite il modulo di contatto saranno conservati solo per il tempo necessario a rispondere alla richiesta di informazioni.<\/span><\/li>\n<li style=\"font-weight: 400;\" aria-level=\"1\"><span style=\"font-weight: 400;\">I dati personali raccolti tramite il modulo di iscrizione alle procedure di selezione del personale saranno conservati fintantoch\u00e9 tali procedure saranno aperte. Successivamente saranno conservati per un periodo di due anni, salvo nel caso dei candidati infine assunti, i cui CV saranno inseriti nel fascicolo personale (nel qual caso si applicher\u00e0 la politica di protezione dei dati relativa all\u2019ambito lavorativo).<\/span><\/li>\n<li style=\"font-weight: 400;\" aria-level=\"1\"><span style=\"font-weight: 400;\">I dati personali raccolti tramite il canale di segnalazione saranno conservati nel sistema di tale canale per un periodo massimo di tre mesi, al termine del quale i dati saranno cancellati o resi anonimi, fatto salvo che, nel caso in cui venga avviata un&#8217;indagine, i dati possano essere trattati nel sistema informativo di coloro ai quali sono assegnate le funzioni di controllo e conformit\u00e0.<\/span><\/li>\n<li style=\"font-weight: 400;\" aria-level=\"1\"><span style=\"font-weight: 400;\">I dati personali relativi alle transazioni commerciali con clienti e fornitori che operano come imprenditori autonomi, nonch\u00e9 i dati dei rappresentanti legali e commerciali di clienti e fornitori, saranno conservati in ogni caso per tutta la durata del rapporto contrattuale e per sei anni successivi alla sua cessazione, con possibilit\u00e0 di proroga di tale termine fintantoch\u00e9 siano in vigore i termini di prescrizione delle azioni.<\/span><\/li>\n<li style=\"font-weight: 400;\" aria-level=\"1\"><span style=\"font-weight: 400;\">I dati personali di natura professionale che siano stati inseriti in banche dati a fini commerciali saranno conservati fintantoch\u00e9 non ci venga comunicata la vostra opposizione o la revoca del consenso.<\/span><\/li>\n<\/ul>\n<p>&nbsp;<\/p>\n<p>&nbsp;<\/p>\n<h4><b>QUALI MISURE DI SICUREZZA VERRANNO APPLICATE AI SUOI DATI PERSONALI?<\/b><\/h4>\n<p><span style=\"font-weight: 400;\">Il trattamento dei dati personali forniti sar\u00e0 effettuato adottando le misure di sicurezza fisiche, logiche e organizzative necessarie per evitare la perdita, l&#8217;uso improprio, l&#8217;alterazione e l&#8217;accesso non autorizzato agli stessi, tenendo conto dello stato della tecnologia, della natura dei dati e dell&#8217;analisi dei rischi effettuata.<\/span><\/p>\n<p>&nbsp;<\/p>\n<p>&nbsp;<\/p>\n<h4><b>VERRANNO EFFETTUATI TRASFERIMENTI INTERNAZIONALI DI DATI PERSONALI?<\/b><\/h4>\n<p><span style=\"font-weight: 400;\">Solo in determinati casi possono verificarsi trasferimenti internazionali di dati personali; vale a dire, trasferimenti di dati personali dall&#8217;UE verso territori o organizzazioni internazionali situati al di fuori dello Spazio economico europeo (SEE).<\/span><\/p>\n<p><span style=\"font-weight: 400;\">Nei casi in cui ci\u00f2 avvenga, il titolare del trattamento, ovvero la filiale di Azkoyen VPS coinvolta, si assicurer\u00e0 sempre che sussista una delle seguenti condizioni: (i) esiste una Decisione di adeguatezza che attesti un livello di protezione adeguato (ii) sono state formalizzate clausole tipo in conformit\u00e0 con la Decisione di esecuzione (UE) 2021\/914 della Commissione del 4 giugno 2021 relativa alle clausole contrattuali tipo per il trasferimento internazionale di dati personali verso paesi terzi (iii) non sussiste nessuna delle due condizioni precedenti, ma \u00e8 applicabile una delle eccezioni previste dall&#8217;art. 49 del RGPD.<\/span><\/p>\n<p>&nbsp;<\/p>\n<p>&nbsp;<\/p>\n<h4><b>COME PU\u00d2 ESERCITARE I SUOI DIRITTI IN RELAZIONE AI SUOI DATI PERSONALI E CONTATTARE IL NOSTRO RESPONSABILE DELLA PROTEZIONE DEI DATI?<\/b><\/h4>\n<p><span style=\"font-weight: 400;\">Per revocare i consensi eventualmente concessi, nonch\u00e9 per esercitare i diritti di accesso, rettifica, cancellazione, opposizione, limitazione, portabilit\u00e0 e non sottomissione a decisioni individuali automatizzate, pu\u00f2 rivolgersi tramite richiesta scritta a:<\/span><\/p>\n<p><span style=\"font-weight: 400;\">Avda. San Silvestre s\/n, 31350, Peralta (Navarra-Spagna), oppure<\/span><\/p>\n<p><span style=\"font-weight: 400;\">responsableseguridad@azkoyen.com<\/span><\/p>\n<p><span style=\"font-weight: 400;\">Qualora l&#8217;interessato lo ritenga opportuno, potr\u00e0 contattare il nostro Responsabile della protezione dei dati (DPO) tramite l&#8217;indirizzo e-mail sopra indicato, nonch\u00e9 presentare il relativo reclamo per la tutela dei diritti dinanzi all&#8217;autorit\u00e0 competente in materia di protezione dei dati.<\/span><\/p>\n<p>&nbsp;<\/p>\n<p>&nbsp;<\/p>\n<h4><b>CARATTERE OBBLIGATORIO O FACOLTATIVO DEI DATI RICHIESTI<\/b><\/h4>\n<p><span style=\"font-weight: 400;\">I dati obbligatori di ciascun modulo sono contrassegnati da un asterisco (*). Il rifiuto di fornire tali informazioni impedir\u00e0 la comunicazione con l&#8217;utente e, se del caso, render\u00e0 impossibile fornirgli le informazioni e\/o il servizio richiesto.<\/span><\/p>\n","protected":false},"excerpt":{"rendered":"<p>&#8230;<\/p>\n","protected":false},"author":15,"featured_media":0,"parent":0,"menu_order":22,"comment_status":"closed","ping_status":"closed","template":"page-templates\/legal.php","meta":{"_acf_changed":false,"inline_featured_image":false,"footnotes":""},"class_list":["post-1036","page","type-page","status-publish","hentry"],"acf":[],"yoast_head":"<!-- This site is optimized with the Yoast SEO plugin v26.9 - https:\/\/yoast.com\/product\/yoast-seo-wordpress\/ -->\n<title>Protezione dei dati - Cashlogy<\/title>\n<meta name=\"robots\" content=\"index, follow, max-snippet:-1, max-image-preview:large, max-video-preview:-1\" \/>\n<link rel=\"canonical\" href=\"https:\/\/cashlogy.com\/it\/protezione-dati\/\" \/>\n<meta property=\"og:locale\" content=\"it_IT\" \/>\n<meta property=\"og:type\" content=\"article\" \/>\n<meta property=\"og:title\" content=\"Protezione dei dati - Cashlogy\" \/>\n<meta property=\"og:description\" content=\"...\" \/>\n<meta property=\"og:url\" content=\"https:\/\/cashlogy.com\/it\/protezione-dati\/\" \/>\n<meta property=\"og:site_name\" content=\"Cashlogy\" \/>\n<meta property=\"article:modified_time\" content=\"2026-04-16T10:34:30+00:00\" \/>\n<meta name=\"twitter:label1\" content=\"Tempo di lettura stimato\" \/>\n\t<meta name=\"twitter:data1\" content=\"7 minuti\" \/>\n<script type=\"application\/ld+json\" class=\"yoast-schema-graph\">{\"@context\":\"https:\/\/schema.org\",\"@graph\":[{\"@type\":\"WebPage\",\"@id\":\"https:\/\/cashlogy.com\/it\/protezione-dati\/\",\"url\":\"https:\/\/cashlogy.com\/it\/protezione-dati\/\",\"name\":\"Protezione dei dati - Cashlogy\",\"isPartOf\":{\"@id\":\"https:\/\/cashlogy.com\/#website\"},\"datePublished\":\"2017-02-10T08:34:51+00:00\",\"dateModified\":\"2026-04-16T10:34:30+00:00\",\"breadcrumb\":{\"@id\":\"https:\/\/cashlogy.com\/it\/protezione-dati\/#breadcrumb\"},\"inLanguage\":\"it-IT\",\"potentialAction\":[{\"@type\":\"ReadAction\",\"target\":[\"https:\/\/cashlogy.com\/it\/protezione-dati\/\"]}]},{\"@type\":\"BreadcrumbList\",\"@id\":\"https:\/\/cashlogy.com\/it\/protezione-dati\/#breadcrumb\",\"itemListElement\":[{\"@type\":\"ListItem\",\"position\":1,\"name\":\"Portada\",\"item\":\"https:\/\/cashlogy.com\/it\/\"},{\"@type\":\"ListItem\",\"position\":2,\"name\":\"Protezione dei dati\"}]},{\"@type\":\"WebSite\",\"@id\":\"https:\/\/cashlogy.com\/#website\",\"url\":\"https:\/\/cashlogy.com\/\",\"name\":\"Cashlogy\",\"description\":\"Bienvenido al comercio seguro\",\"potentialAction\":[{\"@type\":\"SearchAction\",\"target\":{\"@type\":\"EntryPoint\",\"urlTemplate\":\"https:\/\/cashlogy.com\/?s={search_term_string}\"},\"query-input\":{\"@type\":\"PropertyValueSpecification\",\"valueRequired\":true,\"valueName\":\"search_term_string\"}}],\"inLanguage\":\"it-IT\"}]}<\/script>\n<!-- \/ Yoast SEO plugin. -->","yoast_head_json":{"title":"Protezione dei dati - Cashlogy","robots":{"index":"index","follow":"follow","max-snippet":"max-snippet:-1","max-image-preview":"max-image-preview:large","max-video-preview":"max-video-preview:-1"},"canonical":"https:\/\/cashlogy.com\/it\/protezione-dati\/","og_locale":"it_IT","og_type":"article","og_title":"Protezione dei dati - Cashlogy","og_description":"...","og_url":"https:\/\/cashlogy.com\/it\/protezione-dati\/","og_site_name":"Cashlogy","article_modified_time":"2026-04-16T10:34:30+00:00","twitter_misc":{"Tempo di lettura stimato":"7 minuti"},"schema":{"@context":"https:\/\/schema.org","@graph":[{"@type":"WebPage","@id":"https:\/\/cashlogy.com\/it\/protezione-dati\/","url":"https:\/\/cashlogy.com\/it\/protezione-dati\/","name":"Protezione dei dati - Cashlogy","isPartOf":{"@id":"https:\/\/cashlogy.com\/#website"},"datePublished":"2017-02-10T08:34:51+00:00","dateModified":"2026-04-16T10:34:30+00:00","breadcrumb":{"@id":"https:\/\/cashlogy.com\/it\/protezione-dati\/#breadcrumb"},"inLanguage":"it-IT","potentialAction":[{"@type":"ReadAction","target":["https:\/\/cashlogy.com\/it\/protezione-dati\/"]}]},{"@type":"BreadcrumbList","@id":"https:\/\/cashlogy.com\/it\/protezione-dati\/#breadcrumb","itemListElement":[{"@type":"ListItem","position":1,"name":"Portada","item":"https:\/\/cashlogy.com\/it\/"},{"@type":"ListItem","position":2,"name":"Protezione dei dati"}]},{"@type":"WebSite","@id":"https:\/\/cashlogy.com\/#website","url":"https:\/\/cashlogy.com\/","name":"Cashlogy","description":"Bienvenido al comercio seguro","potentialAction":[{"@type":"SearchAction","target":{"@type":"EntryPoint","urlTemplate":"https:\/\/cashlogy.com\/?s={search_term_string}"},"query-input":{"@type":"PropertyValueSpecification","valueRequired":true,"valueName":"search_term_string"}}],"inLanguage":"it-IT"}]}},"_links":{"self":[{"href":"https:\/\/cashlogy.com\/it\/wp-json\/wp\/v2\/pages\/1036","targetHints":{"allow":["GET"]}}],"collection":[{"href":"https:\/\/cashlogy.com\/it\/wp-json\/wp\/v2\/pages"}],"about":[{"href":"https:\/\/cashlogy.com\/it\/wp-json\/wp\/v2\/types\/page"}],"author":[{"embeddable":true,"href":"https:\/\/cashlogy.com\/it\/wp-json\/wp\/v2\/users\/15"}],"replies":[{"embeddable":true,"href":"https:\/\/cashlogy.com\/it\/wp-json\/wp\/v2\/comments?post=1036"}],"version-history":[{"count":5,"href":"https:\/\/cashlogy.com\/it\/wp-json\/wp\/v2\/pages\/1036\/revisions"}],"predecessor-version":[{"id":16302,"href":"https:\/\/cashlogy.com\/it\/wp-json\/wp\/v2\/pages\/1036\/revisions\/16302"}],"wp:attachment":[{"href":"https:\/\/cashlogy.com\/it\/wp-json\/wp\/v2\/media?parent=1036"}],"curies":[{"name":"wp","href":"https:\/\/api.w.org\/{rel}","templated":true}]}}