{"id":943,"date":"2017-02-09T17:20:13","date_gmt":"2017-02-09T16:20:13","guid":{"rendered":"https:\/\/cashlogy.com\/?page_id=943\/"},"modified":"2026-04-16T11:53:58","modified_gmt":"2026-04-16T09:53:58","slug":"politique-cookies","status":"publish","type":"page","link":"https:\/\/cashlogy.com\/fr\/politique-cookies\/","title":{"rendered":"Politique de cookies"},"content":{"rendered":"<p>&nbsp;<\/p>\n<p><b>QU\u2019EST-CE QU\u2019UN COOKIE ?<\/b><\/p>\n<p><span style=\"font-weight: 400;\">Les cookies sont des fichiers texte contenant de petites quantit\u00e9s d\u2019informations, qui sont t\u00e9l\u00e9charg\u00e9s sur l\u2019appareil utilis\u00e9 par l\u2019utilisateur lorsqu\u2019il visite un site web. Leur objectif principal est, d\u2019une part, de reconna\u00eetre l\u2019utilisateur \u00e0 chaque acc\u00e8s au site et de l\u2019afficher conform\u00e9ment \u00e0 ses pr\u00e9f\u00e9rences de navigation ; et, le cas \u00e9ch\u00e9ant, d\u2019analyser son activit\u00e9 de navigation et de proposer de la publicit\u00e9 personnalis\u00e9e.<\/span><\/p>\n<p>&nbsp;<\/p>\n<p>&nbsp;<\/p>\n<h4><b>QUELS TYPES DE COOKIES EXISTENT ?<\/b><\/h4>\n<p><span style=\"font-weight: 400;\">Les cookies peuvent \u00eatre class\u00e9s dans les cat\u00e9gories suivantes :<\/span><\/p>\n<p>&nbsp;<\/p>\n<p><b>1.1.1 Cookies techniques essentiels :<\/b><span style=\"font-weight: 400;\"><br \/>\n<\/span><span style=\"font-weight: 400;\">Ces cookies sont n\u00e9cessaires pour g\u00e9rer la navigation sur le site web ou pour maintenir la session de l\u2019utilisateur ouverte. Le consentement de l\u2019utilisateur n\u2019est pas requis pour leur installation, car ils sont essentiels pour naviguer sur le site sans erreurs.<\/span><\/p>\n<p>&nbsp;<\/p>\n<p><b>2.1.1 Cookies de personnalisation :<\/b><span style=\"font-weight: 400;\"><br \/>\n<\/span><span style=\"font-weight: 400;\">Ces cookies permettent de m\u00e9moriser des informations afin que l\u2019utilisateur acc\u00e8de au service avec certaines caract\u00e9ristiques sp\u00e9cifiques susceptibles de diff\u00e9rencier son exp\u00e9rience de celle des autres utilisateurs, telles que les pr\u00e9f\u00e9rences linguistiques. Le consentement de l\u2019utilisateur est requis lorsque ces cookies sont mis en \u0153uvre directement par l\u2019\u00e9diteur du site.<\/span><\/p>\n<p>&nbsp;<\/p>\n<p><b>3.1.1 Cookies analytiques :<\/b><span style=\"font-weight: 400;\"><br \/>\n<\/span><span style=\"font-weight: 400;\">Ces cookies nous permettent de suivre et d\u2019analyser la mani\u00e8re dont les utilisateurs interagissent avec notre site web, afin d\u2019introduire des am\u00e9liorations bas\u00e9es sur les donn\u00e9es relatives au comportement des utilisateurs. Le consentement de l\u2019utilisateur est requis pour leur installation.<\/span><\/p>\n<p>&nbsp;<\/p>\n<p><b>4.1.1 Cookies publicitaires :<\/b><span style=\"font-weight: 400;\"><br \/>\n<\/span><span style=\"font-weight: 400;\">Ces cookies stockent des informations sur le comportement des utilisateurs obtenues par l\u2019observation de leurs habitudes de navigation, ce qui permet de cr\u00e9er un profil utilisateur sp\u00e9cifique afin d\u2019afficher des publicit\u00e9s bas\u00e9es sur ce profil. Le consentement de l\u2019utilisateur est requis pour leur installation.<\/span><\/p>\n<p>&nbsp;<\/p>\n<p><span style=\"font-weight: 400;\">En outre, les cookies peuvent \u00eatre internes ou de tiers :<\/span><\/p>\n<p><b>5.1.1 Cookies internes :<\/b><span style=\"font-weight: 400;\"><br \/>\n<\/span><span style=\"font-weight: 400;\">Ils sont envoy\u00e9s \u00e0 l\u2019appareil de l\u2019utilisateur depuis un ordinateur ou un domaine g\u00e9r\u00e9 par Azkoyen VPS, \u00e0 partir duquel le service demand\u00e9 par l\u2019utilisateur est fourni.<\/span><\/p>\n<p>&nbsp;<\/p>\n<p><b>6.1.1 Cookies tiers :<\/b><span style=\"font-weight: 400;\"><br \/>\n<\/span><span style=\"font-weight: 400;\">Ils sont envoy\u00e9s \u00e0 l\u2019appareil de l\u2019utilisateur depuis un ordinateur ou un domaine non g\u00e9r\u00e9 par Azkoyen VPS, mais par une autre entit\u00e9 qui traite les donn\u00e9es obtenues via les cookies, comme les cookies de Google Analytics.<\/span><\/p>\n<p><span style=\"font-weight: 400;\">Enfin, les cookies peuvent \u00eatre des cookies de session ou persistants :<\/span><\/p>\n<p>&nbsp;<\/p>\n<p><b>7.1.1 Cookies de session :<\/b><span style=\"font-weight: 400;\"><br \/>\n<\/span><span style=\"font-weight: 400;\">Ils sont con\u00e7us pour collecter et stocker des donn\u00e9es pendant que l\u2019utilisateur acc\u00e8de \u00e0 un site web. Ils sont g\u00e9n\u00e9ralement utilis\u00e9s pour stocker des informations n\u00e9cessaires \u00e0 la fourniture d\u2019un service demand\u00e9 par l\u2019utilisateur en une seule occasion et disparaissent lorsque l\u2019utilisateur quitte le site.<\/span><\/p>\n<p>&nbsp;<\/p>\n<p><b>8.1.1 Cookies persistants :<\/b><span style=\"font-weight: 400;\"><br \/>\n<\/span><span style=\"font-weight: 400;\">Ils stockent des donn\u00e9es sur l\u2019appareil de l\u2019utilisateur pouvant \u00eatre consult\u00e9es et trait\u00e9es pendant une p\u00e9riode d\u00e9finie par le responsable du cookie, qui peut aller de quelques minutes \u00e0 plusieurs ann\u00e9es.<\/span><\/p>\n<p>&nbsp;<\/p>\n<h4><\/h4>\n<h4><b>QUELS TYPES DE COOKIES CE SITE UTILISE-T-IL ?<\/b><\/h4>\n<p><span style=\"font-weight: 400;\">Ce site web utilise des cookies strictement n\u00e9cessaires \u00e0 son bon fonctionnement. Il utilise \u00e9galement des cookies soumis \u00e0 votre consentement, \u00e0 condition que vous ayez autoris\u00e9 leur installation.<\/span><\/p>\n<p>&nbsp;<\/p>\n<p>&nbsp;<\/p>\n<h4><b>INFORMATIONS SUR LES TRANSFERTS INTERNATIONAUX DE DONN\u00c9ES<\/b><\/h4>\n<p><span style=\"font-weight: 400;\">Ce site web utilise l\u2019outil Google Analytics, un service d\u2019analyse web bas\u00e9 sur des informations obtenues via des cookies analytiques. Au sein de l\u2019Union europ\u00e9enne, ce service est fourni par Google Ireland Limited.<\/span><\/p>\n<p>&nbsp;<\/p>\n<p>&nbsp;<\/p>\n<h4><b>DUR\u00c9E DE CONSERVATION DES COOKIES<\/b><\/h4>\n<p><span style=\"font-weight: 400;\">Les cookies seront conserv\u00e9s pendant la dur\u00e9e n\u00e9cessaire \u00e0 la r\u00e9alisation des finalit\u00e9s pour lesquelles ils ont \u00e9t\u00e9 collect\u00e9s. \u00c0 cet \u00e9gard :<\/span><span style=\"font-weight: 400;\"><br \/>\n<\/span><\/p>\n<p>&nbsp;<\/p>\n<p><script id=\"CookieDeclaration\" src=\"https:\/\/consent.cookiebot.com\/b8583e77-353e-4f04-a4e2-da81266fd9a6\/cd.js\" type=\"text\/javascript\" async><\/script><\/p>\n<p><span style=\"font-weight: 400;\"><br \/>\n<\/span><span style=\"font-weight: 400;\">Une fois les p\u00e9riodes indiqu\u00e9es expir\u00e9es, les cookies peuvent \u00eatre supprim\u00e9s automatiquement ou manuellement par l\u2019utilisateur via les param\u00e8tres de son navigateur.<\/span><\/p>\n<p>&nbsp;<\/p>\n<p>&nbsp;<\/p>\n<h4><b>COMMENT CONFIGURER VOS PR\u00c9F\u00c9RENCES EN MATI\u00c8RE DE COOKIES<\/b><\/h4>\n<p><span style=\"font-weight: 400;\">La plupart des navigateurs web permettent de g\u00e9rer les pr\u00e9f\u00e9rences en mati\u00e8re de cookies afin d\u2019exercer un meilleur contr\u00f4le sur votre vie priv\u00e9e. Les liens suivants fournissent des instructions pour d\u00e9sactiver les cookies dans chaque navigateur :<\/span><\/p>\n<ul>\n<li style=\"font-weight: 400;\" aria-level=\"1\"><span style=\"font-weight: 400;\">Microsoft Edge : edge:\/\/settings\/privacy<\/span><\/li>\n<li style=\"font-weight: 400;\" aria-level=\"1\"><span style=\"font-weight: 400;\">Mozilla Firefox : https:\/\/support.mozilla.org\/es\/kb\/habilitar-y-deshabilitar-cookies-sitios-web-rastrear-preferencias<\/span><\/li>\n<li style=\"font-weight: 400;\" aria-level=\"1\"><span style=\"font-weight: 400;\">Google Chrome : https:\/\/support.google.com\/chrome\/answer\/95647?hl=es<\/span><\/li>\n<li style=\"font-weight: 400;\" aria-level=\"1\"><span style=\"font-weight: 400;\">Safari : http:\/\/support.apple.com\/kb\/ph5042<\/span><\/li>\n<\/ul>\n","protected":false},"excerpt":{"rendered":"<p>&#8230;<\/p>\n","protected":false},"author":15,"featured_media":0,"parent":0,"menu_order":23,"comment_status":"closed","ping_status":"closed","template":"page-templates\/cookies.php","meta":{"_acf_changed":false,"inline_featured_image":false,"footnotes":""},"class_list":["post-943","page","type-page","status-publish","hentry"],"acf":[],"yoast_head":"<!-- This site is optimized with the Yoast SEO plugin v26.9 - https:\/\/yoast.com\/product\/yoast-seo-wordpress\/ -->\n<title>Politique de cookies - Cashlogy<\/title>\n<meta name=\"robots\" content=\"index, follow, max-snippet:-1, max-image-preview:large, max-video-preview:-1\" \/>\n<link rel=\"canonical\" href=\"https:\/\/cashlogy.com\/fr\/politique-cookies\/\" \/>\n<meta property=\"og:locale\" content=\"fr_FR\" \/>\n<meta property=\"og:type\" content=\"article\" \/>\n<meta property=\"og:title\" content=\"Politique de cookies - Cashlogy\" \/>\n<meta property=\"og:description\" content=\"...\" \/>\n<meta property=\"og:url\" content=\"https:\/\/cashlogy.com\/fr\/politique-cookies\/\" \/>\n<meta property=\"og:site_name\" content=\"Cashlogy\" \/>\n<meta property=\"article:modified_time\" content=\"2026-04-16T09:53:58+00:00\" \/>\n<meta name=\"twitter:label1\" content=\"Dur\u00e9e de lecture estim\u00e9e\" \/>\n\t<meta name=\"twitter:data1\" content=\"3 minutes\" \/>\n<script type=\"application\/ld+json\" class=\"yoast-schema-graph\">{\"@context\":\"https:\/\/schema.org\",\"@graph\":[{\"@type\":\"WebPage\",\"@id\":\"https:\/\/cashlogy.com\/fr\/politique-cookies\/\",\"url\":\"https:\/\/cashlogy.com\/fr\/politique-cookies\/\",\"name\":\"Politique de cookies - Cashlogy\",\"isPartOf\":{\"@id\":\"https:\/\/cashlogy.com\/#website\"},\"datePublished\":\"2017-02-09T16:20:13+00:00\",\"dateModified\":\"2026-04-16T09:53:58+00:00\",\"breadcrumb\":{\"@id\":\"https:\/\/cashlogy.com\/fr\/politique-cookies\/#breadcrumb\"},\"inLanguage\":\"fr-FR\",\"potentialAction\":[{\"@type\":\"ReadAction\",\"target\":[\"https:\/\/cashlogy.com\/fr\/politique-cookies\/\"]}]},{\"@type\":\"BreadcrumbList\",\"@id\":\"https:\/\/cashlogy.com\/fr\/politique-cookies\/#breadcrumb\",\"itemListElement\":[{\"@type\":\"ListItem\",\"position\":1,\"name\":\"Portada\",\"item\":\"https:\/\/cashlogy.com\/fr\/\"},{\"@type\":\"ListItem\",\"position\":2,\"name\":\"Politique de cookies\"}]},{\"@type\":\"WebSite\",\"@id\":\"https:\/\/cashlogy.com\/#website\",\"url\":\"https:\/\/cashlogy.com\/\",\"name\":\"Cashlogy\",\"description\":\"Bienvenido al comercio seguro\",\"potentialAction\":[{\"@type\":\"SearchAction\",\"target\":{\"@type\":\"EntryPoint\",\"urlTemplate\":\"https:\/\/cashlogy.com\/?s={search_term_string}\"},\"query-input\":{\"@type\":\"PropertyValueSpecification\",\"valueRequired\":true,\"valueName\":\"search_term_string\"}}],\"inLanguage\":\"fr-FR\"}]}<\/script>\n<!-- \/ Yoast SEO plugin. -->","yoast_head_json":{"title":"Politique de cookies - Cashlogy","robots":{"index":"index","follow":"follow","max-snippet":"max-snippet:-1","max-image-preview":"max-image-preview:large","max-video-preview":"max-video-preview:-1"},"canonical":"https:\/\/cashlogy.com\/fr\/politique-cookies\/","og_locale":"fr_FR","og_type":"article","og_title":"Politique de cookies - Cashlogy","og_description":"...","og_url":"https:\/\/cashlogy.com\/fr\/politique-cookies\/","og_site_name":"Cashlogy","article_modified_time":"2026-04-16T09:53:58+00:00","twitter_misc":{"Dur\u00e9e de lecture estim\u00e9e":"3 minutes"},"schema":{"@context":"https:\/\/schema.org","@graph":[{"@type":"WebPage","@id":"https:\/\/cashlogy.com\/fr\/politique-cookies\/","url":"https:\/\/cashlogy.com\/fr\/politique-cookies\/","name":"Politique de cookies - Cashlogy","isPartOf":{"@id":"https:\/\/cashlogy.com\/#website"},"datePublished":"2017-02-09T16:20:13+00:00","dateModified":"2026-04-16T09:53:58+00:00","breadcrumb":{"@id":"https:\/\/cashlogy.com\/fr\/politique-cookies\/#breadcrumb"},"inLanguage":"fr-FR","potentialAction":[{"@type":"ReadAction","target":["https:\/\/cashlogy.com\/fr\/politique-cookies\/"]}]},{"@type":"BreadcrumbList","@id":"https:\/\/cashlogy.com\/fr\/politique-cookies\/#breadcrumb","itemListElement":[{"@type":"ListItem","position":1,"name":"Portada","item":"https:\/\/cashlogy.com\/fr\/"},{"@type":"ListItem","position":2,"name":"Politique de cookies"}]},{"@type":"WebSite","@id":"https:\/\/cashlogy.com\/#website","url":"https:\/\/cashlogy.com\/","name":"Cashlogy","description":"Bienvenido al comercio seguro","potentialAction":[{"@type":"SearchAction","target":{"@type":"EntryPoint","urlTemplate":"https:\/\/cashlogy.com\/?s={search_term_string}"},"query-input":{"@type":"PropertyValueSpecification","valueRequired":true,"valueName":"search_term_string"}}],"inLanguage":"fr-FR"}]}},"_links":{"self":[{"href":"https:\/\/cashlogy.com\/fr\/wp-json\/wp\/v2\/pages\/943","targetHints":{"allow":["GET"]}}],"collection":[{"href":"https:\/\/cashlogy.com\/fr\/wp-json\/wp\/v2\/pages"}],"about":[{"href":"https:\/\/cashlogy.com\/fr\/wp-json\/wp\/v2\/types\/page"}],"author":[{"embeddable":true,"href":"https:\/\/cashlogy.com\/fr\/wp-json\/wp\/v2\/users\/15"}],"replies":[{"embeddable":true,"href":"https:\/\/cashlogy.com\/fr\/wp-json\/wp\/v2\/comments?post=943"}],"version-history":[{"count":9,"href":"https:\/\/cashlogy.com\/fr\/wp-json\/wp\/v2\/pages\/943\/revisions"}],"predecessor-version":[{"id":16288,"href":"https:\/\/cashlogy.com\/fr\/wp-json\/wp\/v2\/pages\/943\/revisions\/16288"}],"wp:attachment":[{"href":"https:\/\/cashlogy.com\/fr\/wp-json\/wp\/v2\/media?parent=943"}],"curies":[{"name":"wp","href":"https:\/\/api.w.org\/{rel}","templated":true}]}}