{"id":11123,"date":"2021-02-02T21:09:33","date_gmt":"2021-02-02T19:09:33","guid":{"rendered":"https:\/\/cashlogy.com\/?page_id=11123"},"modified":"2021-02-02T21:09:33","modified_gmt":"2021-02-02T19:09:33","slug":"avis-juridique","status":"publish","type":"page","link":"https:\/\/cashlogy.com\/fr\/avis-juridique\/","title":{"rendered":"Avis juridique"},"content":{"rendered":"<h1><\/h1>\n<table>\n<tbody>\n<tr>\n<td colspan=\"2\" width=\"566\"><strong>INFORMATIONS DE BASE<\/strong><\/td>\n<\/tr>\n<tr>\n<td width=\"208\"><strong>D\u00c9NOMINATION SOCIALE<\/strong><\/td>\n<td width=\"358\">AZKOYEN, SA<\/td>\n<\/tr>\n<tr>\n<td width=\"208\"><strong>SI\u00c8GE SOCIAL<\/strong><\/td>\n<td width=\"358\">Avda. San Silvestre s\/n, 31350, Peralta (Navarra-Espa\u00f1a)<\/td>\n<\/tr>\n<tr>\n<td width=\"208\"><strong>T\u00c9L\u00c9PHONE \/ FAX<\/strong><\/td>\n<td width=\"358\">+34 948 709 709 \/ +34 948 709 720<\/td>\n<\/tr>\n<tr>\n<td width=\"208\"><strong>INSCRIPTION AU REGISTRE<\/strong><\/td>\n<td width=\"358\">Registre du commerce de Navarre, tome 327 g\u00e9n\u00e9ral, 174 de la 3e section du registre des soci\u00e9t\u00e9s, feuille 19, page n\u00ba 3378<\/td>\n<\/tr>\n<tr>\n<td width=\"208\"><strong>N.I.F.<\/strong><\/td>\n<td width=\"358\">A-31065618<\/td>\n<\/tr>\n<tr>\n<td width=\"208\"><strong>DPO<\/strong><\/td>\n<td width=\"358\"><a href=\"mailto:responsableseguridad@azkoyen.com\">responsableseguridad@azkoyen.com<\/a><\/td>\n<\/tr>\n<\/tbody>\n<\/table>\n<p><strong>\u00a0<\/strong><\/p>\n<h4><strong>Finalit\u00e9 du site web et conditions g\u00e9n\u00e9rales d\u2019utilisation<\/strong><\/h4>\n<p>AZKOYEN, SA met ce site web \u00e0 la disposition des utilisateurs afin de promouvoir sa propre image et de fournir des informations sur ses produits et services.<\/p>\n<p>Les pr\u00e9sentes conditions g\u00e9n\u00e9rales d\u2019utilisation ont pour objet de r\u00e9glementer tant la mise \u00e0 disposition d\u2019informations que les relations entre AZKOYEN, SA et les utilisateurs du site.\u00a0 Si vous n\u2019acceptez pas de vous soumettre aux conditions \u00e9nonc\u00e9es ici, veuillez ne pas utiliser ce site web.<\/p>\n<p><strong>\u00a0<\/strong><\/p>\n<h4><strong>Droit de modification<\/strong><\/h4>\n<p>AZKOYEN, SA peut \u00e0 tout moment, et sans pr\u00e9avis, modifier les pr\u00e9sentes conditions en publiant ces modifications sur le site web afin qu\u2019elles soient connues des utilisateurs.<\/p>\n<p><strong>Propri\u00e9t\u00e9 intellectuelle et industrielle.-<\/strong> Tous les contenus disponibles sur le site web \u00ab\u00a0www.azkoyen.com\u00a0\u00bb et, en particulier, les dessins, textes, graphiques, logos, ic\u00f4nes, boutons, logiciels, noms commerciaux, marques, dessins industriels ou tout autre signe susceptible d\u2019\u00eatre utilis\u00e9 \u00e0 des fins industrielles et commerciales sont soumis aux droits de propri\u00e9t\u00e9 intellectuelle ou industrielle d\u2019AZKOYEN, SA ou, le cas \u00e9ch\u00e9ant, de tiers propri\u00e9taires ayant d\u00fbment autoris\u00e9 leur inclusion sur le site web.<\/p>\n<p>En ce qui concerne le contenu de ce site web, il ne faut en aucun cas comprendre qu\u2019une licence a \u00e9t\u00e9 accord\u00e9e ou qu\u2019une renonciation ou une cession de droits &#8211;\u00a0totalement ou en partie\u00a0&#8211;\u00a0 a \u00e9t\u00e9 r\u00e9alis\u00e9e en mati\u00e8re de propri\u00e9t\u00e9 intellectuelle et industrielle.<\/p>\n<p>Seul l\u2019\u00e9tablissement de liens vers la page d\u2019accueil du site web est autoris\u00e9. L\u2019utilisation de techniques de \u00ab\u00a0framing\u00a0\u00bb, \u00ab\u00a0deeplinking\u00a0\u00bb ou d\u2019autres techniques similaires est express\u00e9ment interdite.<\/p>\n<p><strong>Obligations de l\u2019utilisateur.- <\/strong>En g\u00e9n\u00e9ral, l\u2019utilisateur est tenu de respecter les pr\u00e9sentes conditions d\u2019utilisation et, le cas \u00e9ch\u00e9ant, les conditions particuli\u00e8res qui peuvent s\u2019appliquer, ainsi que de se conformer aux avertissements et instructions sp\u00e9ciales qui y sont contenus ou qui figurent dans toute autre partie du site web, et d\u2019agir toujours conform\u00e9ment \u00e0 la loi, aux bonnes coutumes et aux exigences de la bonne foi, en faisant preuve de la diligence appropri\u00e9e \u00e0 la nature du service, en s\u2019abstenant d\u2019utiliser le site web de toute mani\u00e8re qui pourrait emp\u00eacher, endommager ou d\u00e9t\u00e9riorer le fonctionnement normal de celui-ci, les biens ou les droits d\u2019AZKOYEN, SA, de ses fournisseurs, collaborateurs, utilisateurs ou, en g\u00e9n\u00e9ral, de tout tiers.<\/p>\n<p>L\u2019utilisateur s\u2019engage, dans l\u2019utilisation de ce site web, ainsi que dans la prestation des services, \u00e0 titre \u00e9nonciatif mais non limitatif, \u00e0\u00a0:<\/p>\n<ul>\n<li>En cas d\u2019utilisation de formulaires, fournir des donn\u00e9es v\u00e9ridiques.<\/li>\n<li>Pr\u00e9server de mani\u00e8re appropri\u00e9e les mots de passe qui pourraient lui \u00eatre fournis par AZKOYEN, SA, en s\u2019engageant \u00e0 ne pas permettre leur utilisation par des tiers et en assumant la responsabilit\u00e9 de tout dommage pouvant d\u00e9couler de leur utilisation incorrecte. De m\u00eame, l\u2019utilisateur s\u2019engage \u00e0 informer AZKOYEN, SA dans les plus brefs d\u00e9lais de leur perte ou vol, ainsi que de tout risque d\u2019acc\u00e8s aux informations du syst\u00e8me d\u2019acc\u00e8s par un tiers.<\/li>\n<li>Ne pas utiliser de fausses identit\u00e9s et ne pas usurper l\u2019identit\u00e9 de tiers lors de l\u2019utilisation du site web, y compris l\u2019utilisation de mots de passe ou de codes d\u2019acc\u00e8s de tiers ou de toute autre mani\u00e8re.<\/li>\n<\/ul>\n<p><strong>Exclusion de garanties et responsabilit\u00e9. &#8211; <\/strong>L\u2019acc\u00e8s au site web peut occasionnellement \u00eatre suspendu ou restreint pour r\u00e9aliser des r\u00e9parations ou des t\u00e2ches d\u2019entretien ou introduire de nouvelles installations ou de nouveaux services. AZKOYEN, SA d\u00e9ploiera des efforts raisonnables pour limiter la fr\u00e9quence et la dur\u00e9e de cette suspension ou restriction. Toutefois, elle peut suspendre, retirer ou annuler la totalit\u00e9 ou une partie des contenus et services non soumis \u00e0 un contrat sp\u00e9cifique \u00e0 tout moment et sans pr\u00e9avis. La disposition ci-dessus n\u2019affectera pas les services sp\u00e9cifiquement contract\u00e9s par les utilisateurs enregistr\u00e9s, qui seront r\u00e9gis par leurs conditions contractuelles correspondantes.<\/p>\n<p>La connexion Internet, n\u00e9cessaire pour acc\u00e9der au service, n\u2019est en aucun cas fournie par AZKOYEN, SA. L\u2019utilisateur est inform\u00e9 que les communications de donn\u00e9es \u00e0 travers les r\u00e9seaux ouverts ne sont pas s\u00e9curis\u00e9es, et qu\u2019il est de la responsabilit\u00e9 de l\u2019utilisateur d\u2019adopter toutes les mesures techniques appropri\u00e9es pour contr\u00f4ler raisonnablement les risques et \u00e9viter d\u2019\u00e9ventuels dommages \u00e0 son \u00e9quipement, la perte de donn\u00e9es et le vol d\u2019informations confidentielles. \u00c0 cette fin, vous devez disposer de syst\u00e8mes de d\u00e9tection de logiciels malveillants \u00e0 jour, ainsi que les correctifs de s\u00e9curit\u00e9 des navigateurs correspondants que vous utilisez. Pour plus d\u2019informations, vous pouvez contacter votre fournisseur d\u2019acc\u00e8s Internet.<\/p>\n<p>AZKOYEN, SA n\u2019est pas responsable des dommages qui pourraient r\u00e9sulter, \u00e0 titre \u00e9nonciatif mais non limitatif, de\u00a0:\u00a0 (i) Inf\u00e9rences, omissions, interruptions, virus informatiques, pannes et\/ou d\u00e9connexions dans le fonctionnement op\u00e9rationnel de ce syst\u00e8me \u00e9lectronique ou dans les \u00e9quipements et dispositifs informatiques des utilisateurs, caus\u00e9s par des causes non attribuables \u00e0 AZKOYEN, SA, qui emp\u00eachent ou retardent la prestation des services ou la navigation dans le syst\u00e8me\u00a0;\u00a0 (ii) Retards ou blocages dans l\u2019utilisation caus\u00e9s par des d\u00e9ficiences ou des surcharges d\u2019Internet ou d\u2019autres syst\u00e8mes \u00e9lectroniques\u00a0;\u00a0 (iii) Qui peuvent \u00eatre caus\u00e9s par des tiers au moyen d\u2019intrusions non attribuables \u00e0 AZKOYEN, SA\u00a0;\u00a0 (iv) L\u2019impossibilit\u00e9 de fournir le service ou de permettre l\u2019acc\u00e8s pour des causes non attribuables \u00e0 AZKOYEN, SA, qu\u2019elles soient dues \u00e0 l\u2019utilisateur, \u00e0 des tiers ou \u00e0 des cas de force majeure.<\/p>\n<p>Les liens contenus sur ce site web peuvent diriger vers des sites web de tiers. AZKOYEN, SA n\u2019assume aucune responsabilit\u00e9 d\u00e9riv\u00e9e de la connexion, des contenus, des informations ou des services qui peuvent appara\u00eetre sur lesdits sites, qui seront \u00e0 caract\u00e8re exclusivement informatif et n\u2019impliquent en aucun cas une relation quelconque entre AZKOYEN, SA et les personnes ou entit\u00e9s propri\u00e9taires de ces contenus ou les propri\u00e9taires des sites o\u00f9 ils se trouvent.<\/p>\n<p><strong>L\u00e9gislation applicable et juridiction. &#8211; <\/strong>Les conditions qui r\u00e9gissent ce site web et toutes les relations qui peuvent en d\u00e9couler sont r\u00e9gies par la l\u00e9gislation et rel\u00e8vent de la juridiction espagnole.<\/p>\n","protected":false},"excerpt":{"rendered":"<p>&#8230;<\/p>\n","protected":false},"author":15,"featured_media":0,"parent":0,"menu_order":24,"comment_status":"closed","ping_status":"closed","template":"page-templates\/legal.php","meta":{"_acf_changed":false,"inline_featured_image":false,"footnotes":""},"class_list":["post-11123","page","type-page","status-publish","hentry"],"acf":[],"yoast_head":"<!-- This site is optimized with the Yoast SEO plugin v26.9 - https:\/\/yoast.com\/product\/yoast-seo-wordpress\/ -->\n<title>Avis juridique - Cashlogy<\/title>\n<meta name=\"robots\" content=\"index, follow, max-snippet:-1, max-image-preview:large, max-video-preview:-1\" \/>\n<link rel=\"canonical\" href=\"https:\/\/cashlogy.com\/fr\/avis-juridique\/\" \/>\n<meta property=\"og:locale\" content=\"fr_FR\" \/>\n<meta property=\"og:type\" content=\"article\" \/>\n<meta property=\"og:title\" content=\"Avis juridique - Cashlogy\" \/>\n<meta property=\"og:description\" content=\"...\" \/>\n<meta property=\"og:url\" content=\"https:\/\/cashlogy.com\/fr\/avis-juridique\/\" \/>\n<meta property=\"og:site_name\" content=\"Cashlogy\" \/>\n<meta name=\"twitter:label1\" content=\"Dur\u00e9e de lecture estim\u00e9e\" \/>\n\t<meta name=\"twitter:data1\" content=\"6 minutes\" \/>\n<script type=\"application\/ld+json\" class=\"yoast-schema-graph\">{\"@context\":\"https:\/\/schema.org\",\"@graph\":[{\"@type\":\"WebPage\",\"@id\":\"https:\/\/cashlogy.com\/fr\/avis-juridique\/\",\"url\":\"https:\/\/cashlogy.com\/fr\/avis-juridique\/\",\"name\":\"Avis juridique - Cashlogy\",\"isPartOf\":{\"@id\":\"https:\/\/cashlogy.com\/#website\"},\"datePublished\":\"2021-02-02T19:09:33+00:00\",\"breadcrumb\":{\"@id\":\"https:\/\/cashlogy.com\/fr\/avis-juridique\/#breadcrumb\"},\"inLanguage\":\"fr-FR\",\"potentialAction\":[{\"@type\":\"ReadAction\",\"target\":[\"https:\/\/cashlogy.com\/fr\/avis-juridique\/\"]}]},{\"@type\":\"BreadcrumbList\",\"@id\":\"https:\/\/cashlogy.com\/fr\/avis-juridique\/#breadcrumb\",\"itemListElement\":[{\"@type\":\"ListItem\",\"position\":1,\"name\":\"Portada\",\"item\":\"https:\/\/cashlogy.com\/fr\/\"},{\"@type\":\"ListItem\",\"position\":2,\"name\":\"Avis juridique\"}]},{\"@type\":\"WebSite\",\"@id\":\"https:\/\/cashlogy.com\/#website\",\"url\":\"https:\/\/cashlogy.com\/\",\"name\":\"Cashlogy\",\"description\":\"Bienvenido al comercio seguro\",\"potentialAction\":[{\"@type\":\"SearchAction\",\"target\":{\"@type\":\"EntryPoint\",\"urlTemplate\":\"https:\/\/cashlogy.com\/?s={search_term_string}\"},\"query-input\":{\"@type\":\"PropertyValueSpecification\",\"valueRequired\":true,\"valueName\":\"search_term_string\"}}],\"inLanguage\":\"fr-FR\"}]}<\/script>\n<!-- \/ Yoast SEO plugin. -->","yoast_head_json":{"title":"Avis juridique - Cashlogy","robots":{"index":"index","follow":"follow","max-snippet":"max-snippet:-1","max-image-preview":"max-image-preview:large","max-video-preview":"max-video-preview:-1"},"canonical":"https:\/\/cashlogy.com\/fr\/avis-juridique\/","og_locale":"fr_FR","og_type":"article","og_title":"Avis juridique - Cashlogy","og_description":"...","og_url":"https:\/\/cashlogy.com\/fr\/avis-juridique\/","og_site_name":"Cashlogy","twitter_misc":{"Dur\u00e9e de lecture estim\u00e9e":"6 minutes"},"schema":{"@context":"https:\/\/schema.org","@graph":[{"@type":"WebPage","@id":"https:\/\/cashlogy.com\/fr\/avis-juridique\/","url":"https:\/\/cashlogy.com\/fr\/avis-juridique\/","name":"Avis juridique - Cashlogy","isPartOf":{"@id":"https:\/\/cashlogy.com\/#website"},"datePublished":"2021-02-02T19:09:33+00:00","breadcrumb":{"@id":"https:\/\/cashlogy.com\/fr\/avis-juridique\/#breadcrumb"},"inLanguage":"fr-FR","potentialAction":[{"@type":"ReadAction","target":["https:\/\/cashlogy.com\/fr\/avis-juridique\/"]}]},{"@type":"BreadcrumbList","@id":"https:\/\/cashlogy.com\/fr\/avis-juridique\/#breadcrumb","itemListElement":[{"@type":"ListItem","position":1,"name":"Portada","item":"https:\/\/cashlogy.com\/fr\/"},{"@type":"ListItem","position":2,"name":"Avis juridique"}]},{"@type":"WebSite","@id":"https:\/\/cashlogy.com\/#website","url":"https:\/\/cashlogy.com\/","name":"Cashlogy","description":"Bienvenido al comercio seguro","potentialAction":[{"@type":"SearchAction","target":{"@type":"EntryPoint","urlTemplate":"https:\/\/cashlogy.com\/?s={search_term_string}"},"query-input":{"@type":"PropertyValueSpecification","valueRequired":true,"valueName":"search_term_string"}}],"inLanguage":"fr-FR"}]}},"_links":{"self":[{"href":"https:\/\/cashlogy.com\/fr\/wp-json\/wp\/v2\/pages\/11123","targetHints":{"allow":["GET"]}}],"collection":[{"href":"https:\/\/cashlogy.com\/fr\/wp-json\/wp\/v2\/pages"}],"about":[{"href":"https:\/\/cashlogy.com\/fr\/wp-json\/wp\/v2\/types\/page"}],"author":[{"embeddable":true,"href":"https:\/\/cashlogy.com\/fr\/wp-json\/wp\/v2\/users\/15"}],"replies":[{"embeddable":true,"href":"https:\/\/cashlogy.com\/fr\/wp-json\/wp\/v2\/comments?post=11123"}],"version-history":[{"count":1,"href":"https:\/\/cashlogy.com\/fr\/wp-json\/wp\/v2\/pages\/11123\/revisions"}],"predecessor-version":[{"id":11140,"href":"https:\/\/cashlogy.com\/fr\/wp-json\/wp\/v2\/pages\/11123\/revisions\/11140"}],"wp:attachment":[{"href":"https:\/\/cashlogy.com\/fr\/wp-json\/wp\/v2\/media?parent=11123"}],"curies":[{"name":"wp","href":"https:\/\/api.w.org\/{rel}","templated":true}]}}