{"id":6,"date":"2016-08-29T08:56:51","date_gmt":"2016-08-29T08:56:51","guid":{"rendered":"https:\/\/cashlogy.com\/?page_id=6"},"modified":"2023-03-01T08:57:56","modified_gmt":"2023-03-01T06:57:56","slug":"inicio","status":"publish","type":"page","link":"https:\/\/cashlogy.com\/es\/inicio\/","title":{"rendered":"Inicio"},"content":{"rendered":"","protected":false},"excerpt":{"rendered":"","protected":false},"author":15,"featured_media":0,"parent":0,"menu_order":1,"comment_status":"closed","ping_status":"closed","template":"page-templates\/inicio.php","meta":{"_acf_changed":false,"inline_featured_image":false,"footnotes":""},"class_list":["post-6","page","type-page","status-publish","hentry"],"acf":[],"yoast_head":"<!-- This site is optimized with the Yoast SEO plugin v26.9 - https:\/\/yoast.com\/product\/yoast-seo-wordpress\/ -->\n<title>Bienvenido al comercio seguro<\/title>\n<meta name=\"description\" content=\"Cashlogy es la nueva tecnolog\u00eda para pagos en efectivo en el punto de venta que automatiza todos los procesos de gesti\u00f3n del efectivo y simplifica su gesti\u00f3n.\" \/>\n<meta name=\"robots\" content=\"index, follow, max-snippet:-1, max-image-preview:large, max-video-preview:-1\" \/>\n<link rel=\"canonical\" href=\"https:\/\/cashlogy.com\/home\/\" \/>\n<meta property=\"og:locale\" content=\"es_ES\" \/>\n<meta property=\"og:type\" content=\"article\" \/>\n<meta property=\"og:title\" content=\"Bienvenido al comercio seguro\" \/>\n<meta property=\"og:description\" content=\"Cashlogy es la nueva tecnolog\u00eda para pagos en efectivo en el punto de venta que automatiza todos los procesos de gesti\u00f3n del efectivo y simplifica su gesti\u00f3n.\" \/>\n<meta property=\"og:url\" content=\"https:\/\/cashlogy.com\/home\/\" \/>\n<meta property=\"og:site_name\" content=\"Cashlogy\" \/>\n<meta property=\"article:modified_time\" content=\"2023-03-01T06:57:56+00:00\" \/>\n<script type=\"application\/ld+json\" class=\"yoast-schema-graph\">{\"@context\":\"https:\/\/schema.org\",\"@graph\":[{\"@type\":\"WebPage\",\"@id\":\"https:\/\/cashlogy.com\/home\/\",\"url\":\"https:\/\/cashlogy.com\/home\/\",\"name\":\"Bienvenido al comercio seguro\",\"isPartOf\":{\"@id\":\"https:\/\/cashlogy.com\/#website\"},\"datePublished\":\"2016-08-29T08:56:51+00:00\",\"dateModified\":\"2023-03-01T06:57:56+00:00\",\"description\":\"Cashlogy es la nueva tecnolog\u00eda para pagos en efectivo en el punto de venta que automatiza todos los procesos de gesti\u00f3n del efectivo y simplifica su gesti\u00f3n.\",\"breadcrumb\":{\"@id\":\"https:\/\/cashlogy.com\/home\/#breadcrumb\"},\"inLanguage\":\"es\",\"potentialAction\":[{\"@type\":\"ReadAction\",\"target\":[\"https:\/\/cashlogy.com\/home\/\"]}]},{\"@type\":\"BreadcrumbList\",\"@id\":\"https:\/\/cashlogy.com\/home\/#breadcrumb\",\"itemListElement\":[{\"@type\":\"ListItem\",\"position\":1,\"name\":\"Portada\",\"item\":\"https:\/\/cashlogy.com\/es\/\"},{\"@type\":\"ListItem\",\"position\":2,\"name\":\"Inicio\"}]},{\"@type\":\"WebSite\",\"@id\":\"https:\/\/cashlogy.com\/#website\",\"url\":\"https:\/\/cashlogy.com\/\",\"name\":\"Cashlogy\",\"description\":\"Bienvenido al comercio seguro\",\"potentialAction\":[{\"@type\":\"SearchAction\",\"target\":{\"@type\":\"EntryPoint\",\"urlTemplate\":\"https:\/\/cashlogy.com\/?s={search_term_string}\"},\"query-input\":{\"@type\":\"PropertyValueSpecification\",\"valueRequired\":true,\"valueName\":\"search_term_string\"}}],\"inLanguage\":\"es\"}]}<\/script>\n<!-- \/ Yoast SEO plugin. -->","yoast_head_json":{"title":"Bienvenido al comercio seguro","description":"Cashlogy es la nueva tecnolog\u00eda para pagos en efectivo en el punto de venta que automatiza todos los procesos de gesti\u00f3n del efectivo y simplifica su gesti\u00f3n.","robots":{"index":"index","follow":"follow","max-snippet":"max-snippet:-1","max-image-preview":"max-image-preview:large","max-video-preview":"max-video-preview:-1"},"canonical":"https:\/\/cashlogy.com\/home\/","og_locale":"es_ES","og_type":"article","og_title":"Bienvenido al comercio seguro","og_description":"Cashlogy es la nueva tecnolog\u00eda para pagos en efectivo en el punto de venta que automatiza todos los procesos de gesti\u00f3n del efectivo y simplifica su gesti\u00f3n.","og_url":"https:\/\/cashlogy.com\/home\/","og_site_name":"Cashlogy","article_modified_time":"2023-03-01T06:57:56+00:00","schema":{"@context":"https:\/\/schema.org","@graph":[{"@type":"WebPage","@id":"https:\/\/cashlogy.com\/home\/","url":"https:\/\/cashlogy.com\/home\/","name":"Bienvenido al comercio seguro","isPartOf":{"@id":"https:\/\/cashlogy.com\/#website"},"datePublished":"2016-08-29T08:56:51+00:00","dateModified":"2023-03-01T06:57:56+00:00","description":"Cashlogy es la nueva tecnolog\u00eda para pagos en efectivo en el punto de venta que automatiza todos los procesos de gesti\u00f3n del efectivo y simplifica su gesti\u00f3n.","breadcrumb":{"@id":"https:\/\/cashlogy.com\/home\/#breadcrumb"},"inLanguage":"es","potentialAction":[{"@type":"ReadAction","target":["https:\/\/cashlogy.com\/home\/"]}]},{"@type":"BreadcrumbList","@id":"https:\/\/cashlogy.com\/home\/#breadcrumb","itemListElement":[{"@type":"ListItem","position":1,"name":"Portada","item":"https:\/\/cashlogy.com\/es\/"},{"@type":"ListItem","position":2,"name":"Inicio"}]},{"@type":"WebSite","@id":"https:\/\/cashlogy.com\/#website","url":"https:\/\/cashlogy.com\/","name":"Cashlogy","description":"Bienvenido al comercio seguro","potentialAction":[{"@type":"SearchAction","target":{"@type":"EntryPoint","urlTemplate":"https:\/\/cashlogy.com\/?s={search_term_string}"},"query-input":{"@type":"PropertyValueSpecification","valueRequired":true,"valueName":"search_term_string"}}],"inLanguage":"es"}]}},"_links":{"self":[{"href":"https:\/\/cashlogy.com\/es\/wp-json\/wp\/v2\/pages\/6","targetHints":{"allow":["GET"]}}],"collection":[{"href":"https:\/\/cashlogy.com\/es\/wp-json\/wp\/v2\/pages"}],"about":[{"href":"https:\/\/cashlogy.com\/es\/wp-json\/wp\/v2\/types\/page"}],"author":[{"embeddable":true,"href":"https:\/\/cashlogy.com\/es\/wp-json\/wp\/v2\/users\/15"}],"replies":[{"embeddable":true,"href":"https:\/\/cashlogy.com\/es\/wp-json\/wp\/v2\/comments?post=6"}],"version-history":[{"count":118,"href":"https:\/\/cashlogy.com\/es\/wp-json\/wp\/v2\/pages\/6\/revisions"}],"predecessor-version":[{"id":13880,"href":"https:\/\/cashlogy.com\/es\/wp-json\/wp\/v2\/pages\/6\/revisions\/13880"}],"wp:attachment":[{"href":"https:\/\/cashlogy.com\/es\/wp-json\/wp\/v2\/media?parent=6"}],"curies":[{"name":"wp","href":"https:\/\/api.w.org\/{rel}","templated":true}]}}