{"id":57,"date":"2016-09-01T09:40:07","date_gmt":"2016-09-01T09:40:07","guid":{"rendered":"https:\/\/cashlogy.com\/?page_id=57"},"modified":"2026-04-16T11:36:19","modified_gmt":"2026-04-16T09:36:19","slug":"politica-cookies","status":"publish","type":"page","link":"https:\/\/cashlogy.com\/es\/politica-cookies\/","title":{"rendered":"Pol\u00edtica de cookies"},"content":{"rendered":"<p>&nbsp;<\/p>\n<h4><b>\u00bfQU\u00c9 ES UNA COOKIE?<\/b><\/h4>\n<p><span style=\"font-weight: 400;\">Las cookies son archivos de texto que contienen peque\u00f1as cantidades de informaci\u00f3n que se descargan en el dispositivo que el usuario utiliza cuando visita un sitio web. Su finalidad principal es, por un lado, reconocer al usuario cada vez que accede al sitio web mostr\u00e1ndoselo de acuerdo con las preferencias de navegaci\u00f3n establecidas; y adem\u00e1s, en su caso, analizar la navegaci\u00f3n del usuario y dirigirle publicidad personalizada.<\/span><\/p>\n<p><span style=\"font-weight: 400;\">\u00a0<\/span><\/p>\n<p>&nbsp;<\/p>\n<h4><b>\u00bfQU\u00c9 TIPO DE COOKIES EXISTEN?<\/b><\/h4>\n<p><span style=\"font-weight: 400;\">Las cookies pueden ser divididas en las siguientes categor\u00edas:\u00a0<\/span><\/p>\n<p><span style=\"font-weight: 400;\">\u00a0<\/span><\/p>\n<ul>\n<li style=\"font-weight: 400;\" aria-level=\"1\"><span style=\"font-weight: 400;\">Cookies t\u00e9cnicas esenciales: son aquellas cookies necesarias para gestionar la navegaci\u00f3n dentro de la web o para mantener al usuario conectado. No es necesario contar con el consentimiento del usuario para su instalaci\u00f3n, debido a que es necesaria su instalaci\u00f3n para poder navegar por la web exenta de errores.\u00a0<\/span><\/li>\n<\/ul>\n<ul>\n<li style=\"font-weight: 400;\" aria-level=\"1\"><span style=\"font-weight: 400;\">Cookies de personalizaci\u00f3n: son aquellas que permiten recordar informaci\u00f3n para que el usuario acceda al servicio con determinadas caracter\u00edsticas que pueden diferenciar su experiencia de la de otros usuarios, como, por ejemplo, el idioma. Ser\u00e1 necesario recabar el consentimiento del usuario en caso de que dichas cookies sean ejecutadas directamente por el editor de la web.\u00a0<\/span><\/li>\n<\/ul>\n<ul>\n<li style=\"font-weight: 400;\" aria-level=\"1\"><span style=\"font-weight: 400;\">Cookies anal\u00edticas: Son aquellas cookies que nos permiten hacer un seguimiento y an\u00e1lisis de los usuarios a trav\u00e9s de nuestra p\u00e1gina web, con la finalidad de introducir mejoras en funci\u00f3n del an\u00e1lisis de los datos que uso que realizan los usuarios de la web. Es necesario recabar el consentimiento del usuario para su instalaci\u00f3n.\u00a0<\/span><\/li>\n<li style=\"font-weight: 400;\" aria-level=\"1\"><span style=\"font-weight: 400;\">Cookies publicitarias: Son aquellas cookies que almacenan informaci\u00f3n del comportamiento de los usuarios obtenida a trav\u00e9s de la observaci\u00f3n de sus h\u00e1bitos de navegaci\u00f3n, lo que permite desarrollar un perfil espec\u00edfico del usuario para mostrarle publicidad en funci\u00f3n del mismo. Es necesario recabar el consentimiento del usuario para su instalaci\u00f3n.\u00a0<\/span><\/li>\n<\/ul>\n<p>&nbsp;<\/p>\n<p>&nbsp;<\/p>\n<p><span style=\"font-weight: 400;\">Por otro lado, las cookies pueden ser propias o de terceros:\u00a0<\/span><\/p>\n<ul>\n<li style=\"font-weight: 400;\" aria-level=\"1\"><span style=\"font-weight: 400;\">Cookies propias: Son aquellas que se env\u00edan al equipo terminal del usuario desde un equipo o dominio gestionado por Azkoyen VPS, y desde el que se presta el servicio solicitado por el usuario.\u00a0<\/span><\/li>\n<li style=\"font-weight: 400;\" aria-level=\"1\"><span style=\"font-weight: 400;\">Cookies de terceros: Son aquellas que se env\u00edan al equipo terminal del usuario desde un equipo o dominio que no es gestionado por Azkoyen VPS sino por otra entidad que trata los datos obtenidos a trav\u00e9s de las cookies, como, por ejemplo, las cookies de Google Analytics.\u00a0<\/span><\/li>\n<\/ul>\n<p><span style=\"font-weight: 400;\">\u00a0<\/span><\/p>\n<p><span style=\"font-weight: 400;\">\u00a0\u00a0<\/span><\/p>\n<p><span style=\"font-weight: 400;\">Finalmente, las cookies pueden ser de sesi\u00f3n o persistentes:\u00a0<\/span><\/p>\n<ul>\n<li style=\"font-weight: 400;\" aria-level=\"1\"><span style=\"font-weight: 400;\">Cookies de sesi\u00f3n: Son aquellas dise\u00f1adas para recabar y almacenar datos mientras el usuario accede a una p\u00e1gina web. Se suelen emplear para almacenar informaci\u00f3n que solo interesa conservar para la prestaci\u00f3n del servicio solicitado por el usuario en una sola ocasi\u00f3n, y posteriormente desaparecen al salir de nuestra p\u00e1gina web.\u00a0<\/span><\/li>\n<\/ul>\n<ul>\n<li style=\"font-weight: 400;\" aria-level=\"1\"><span style=\"font-weight: 400;\">Cookies persistentes: Son aquellas en las que los datos siguen almacenados en el terminal y pueden ser accedidos y tratados durante un periodo definido por el responsable de la cookie, y que puede ir desde minutos a varios a\u00f1os.<\/span><\/li>\n<\/ul>\n<h4><\/h4>\n<p>&nbsp;<\/p>\n<h4><b>\u00bfQU\u00c9 TIPO DE COOKIES UTILIZA ESTE SITIO WEB?<\/b><\/h4>\n<p><span style=\"font-weight: 400;\">El presente sitio web utiliza las cookies estrictamente necesarias para el normal funcionamiento de la p\u00e1gina web. Adicionalmente, utiliza cookies que requieran su consentimiento en el caso de que usted haya consentido su instalaci\u00f3n.<\/span><\/p>\n<p>&nbsp;<\/p>\n<p>&nbsp;<\/p>\n<h4><b>INFORMACI\u00d3N SOBRE TRANSFERENCIAS INTERNACIONALES DE DATOS<\/b><\/h4>\n<p><span style=\"font-weight: 400;\">Este sitio web utiliza la herramienta Google Analytics. Se trata de un servicio de an\u00e1lisis web basado en la informaci\u00f3n obtenida a trav\u00e9s de cookies anal\u00edticas. En el \u00e1mbito de la Uni\u00f3n europea este servicio es prestado por Google Ireland Limited.<\/span><\/p>\n<p>&nbsp;<\/p>\n<p>&nbsp;<\/p>\n<h4><b>PERIODO DE CONSERVACI\u00d3N DE LAS COOKIES<\/b><\/h4>\n<p><span style=\"font-weight: 400;\">Las cookies se conservar\u00e1n durante el tiempo necesario para cumplir con las finalidades para las que fueron recopiladas. En este sentido:<\/span><\/p>\n<p>&nbsp;<\/p>\n<p><script id=\"CookieDeclaration\" src=\"https:\/\/consent.cookiebot.com\/b8583e77-353e-4f04-a4e2-da81266fd9a6\/cd.js\" async=\"\" type=\"text\/javascript\"><\/script><\/p>\n<p>&nbsp;<\/p>\n<p><span style=\"font-weight: 400;\">Una vez transcurridos los plazos indicados, las cookies podr\u00e1n ser eliminadas autom\u00e1ticamente o manualmente por el usuario a trav\u00e9s de la configuraci\u00f3n de su navegador.<\/span><\/p>\n<p>&nbsp;<\/p>\n<p>&nbsp;<\/p>\n<h4><b>\u00bfC\u00d3MO CONFIGURAR SUS PREFERENCIAS EN RELACI\u00d3N CON LAS COOKIES?<\/b><\/h4>\n<p><span style=\"font-weight: 400;\">La mayor\u00eda de los navegadores web permiten gestionar las preferencias de cookies, para tener un control m\u00e1s preciso sobre la privacidad. Los siguientes links muestran las instrucciones para desactivar la configuraci\u00f3n de las cookies en cada navegador:<\/span><\/p>\n<p>&nbsp;<\/p>\n<p><b>Microsoft Edge:\u00a0<\/b><a href=\"about:blank\"><b>edge:\/\/settings\/privacy<\/b><\/a><\/p>\n<p><b>Mozilla Firefox:\u00a0<\/b><a href=\"https:\/\/support.mozilla.org\/es\/kb\/habilitar-y-deshabilitar-cookies-sitios-web-rastrear-preferencias\"><span style=\"font-weight: 400;\">https:\/\/support.mozilla.org\/es\/kb\/habilitar-y-deshabilitar-cookies-sitios-web-rastrear-preferencias<\/span><\/a><\/p>\n<p><b>Google Chrome:\u00a0<\/b><a href=\"https:\/\/support.google.com\/chrome\/answer\/95647?hl=es\"><span style=\"font-weight: 400;\">https:\/\/support.google.com\/chrome\/answer\/95647?hl=es<\/span><\/a><\/p>\n<p><b>Safari:\u00a0<\/b><a href=\"http:\/\/support.apple.com\/kb\/ph5042\"><span style=\"font-weight: 400;\">http:\/\/support.apple.com\/kb\/ph5042<\/span><\/a><\/p>\n","protected":false},"excerpt":{"rendered":"<p>&#8230;<\/p>\n","protected":false},"author":15,"featured_media":0,"parent":0,"menu_order":23,"comment_status":"closed","ping_status":"closed","template":"page-templates\/cookies.php","meta":{"_acf_changed":false,"inline_featured_image":false,"footnotes":""},"class_list":["post-57","page","type-page","status-publish","hentry"],"acf":[],"yoast_head":"<!-- This site is optimized with the Yoast SEO plugin v26.9 - https:\/\/yoast.com\/product\/yoast-seo-wordpress\/ -->\n<title>Pol\u00edtica de cookies - Cashlogy<\/title>\n<meta name=\"robots\" content=\"index, follow, max-snippet:-1, max-image-preview:large, max-video-preview:-1\" \/>\n<link rel=\"canonical\" href=\"https:\/\/cashlogy.com\/es\/politica-cookies\/\" \/>\n<meta property=\"og:locale\" content=\"es_ES\" \/>\n<meta property=\"og:type\" content=\"article\" \/>\n<meta property=\"og:title\" content=\"Pol\u00edtica de cookies - Cashlogy\" \/>\n<meta property=\"og:description\" content=\"...\" \/>\n<meta property=\"og:url\" content=\"https:\/\/cashlogy.com\/es\/politica-cookies\/\" \/>\n<meta property=\"og:site_name\" content=\"Cashlogy\" \/>\n<meta property=\"article:modified_time\" content=\"2026-04-16T09:36:19+00:00\" \/>\n<meta name=\"twitter:label1\" content=\"Tiempo de lectura\" \/>\n\t<meta name=\"twitter:data1\" content=\"4 minutos\" \/>\n<script type=\"application\/ld+json\" class=\"yoast-schema-graph\">{\"@context\":\"https:\/\/schema.org\",\"@graph\":[{\"@type\":\"WebPage\",\"@id\":\"https:\/\/cashlogy.com\/es\/politica-cookies\/\",\"url\":\"https:\/\/cashlogy.com\/es\/politica-cookies\/\",\"name\":\"Pol\u00edtica de cookies - Cashlogy\",\"isPartOf\":{\"@id\":\"https:\/\/cashlogy.com\/#website\"},\"datePublished\":\"2016-09-01T09:40:07+00:00\",\"dateModified\":\"2026-04-16T09:36:19+00:00\",\"breadcrumb\":{\"@id\":\"https:\/\/cashlogy.com\/es\/politica-cookies\/#breadcrumb\"},\"inLanguage\":\"es\",\"potentialAction\":[{\"@type\":\"ReadAction\",\"target\":[\"https:\/\/cashlogy.com\/es\/politica-cookies\/\"]}]},{\"@type\":\"BreadcrumbList\",\"@id\":\"https:\/\/cashlogy.com\/es\/politica-cookies\/#breadcrumb\",\"itemListElement\":[{\"@type\":\"ListItem\",\"position\":1,\"name\":\"Portada\",\"item\":\"https:\/\/cashlogy.com\/es\/\"},{\"@type\":\"ListItem\",\"position\":2,\"name\":\"Pol\u00edtica de cookies\"}]},{\"@type\":\"WebSite\",\"@id\":\"https:\/\/cashlogy.com\/#website\",\"url\":\"https:\/\/cashlogy.com\/\",\"name\":\"Cashlogy\",\"description\":\"Bienvenido al comercio seguro\",\"potentialAction\":[{\"@type\":\"SearchAction\",\"target\":{\"@type\":\"EntryPoint\",\"urlTemplate\":\"https:\/\/cashlogy.com\/?s={search_term_string}\"},\"query-input\":{\"@type\":\"PropertyValueSpecification\",\"valueRequired\":true,\"valueName\":\"search_term_string\"}}],\"inLanguage\":\"es\"}]}<\/script>\n<!-- \/ Yoast SEO plugin. -->","yoast_head_json":{"title":"Pol\u00edtica de cookies - Cashlogy","robots":{"index":"index","follow":"follow","max-snippet":"max-snippet:-1","max-image-preview":"max-image-preview:large","max-video-preview":"max-video-preview:-1"},"canonical":"https:\/\/cashlogy.com\/es\/politica-cookies\/","og_locale":"es_ES","og_type":"article","og_title":"Pol\u00edtica de cookies - Cashlogy","og_description":"...","og_url":"https:\/\/cashlogy.com\/es\/politica-cookies\/","og_site_name":"Cashlogy","article_modified_time":"2026-04-16T09:36:19+00:00","twitter_misc":{"Tiempo de lectura":"4 minutos"},"schema":{"@context":"https:\/\/schema.org","@graph":[{"@type":"WebPage","@id":"https:\/\/cashlogy.com\/es\/politica-cookies\/","url":"https:\/\/cashlogy.com\/es\/politica-cookies\/","name":"Pol\u00edtica de cookies - Cashlogy","isPartOf":{"@id":"https:\/\/cashlogy.com\/#website"},"datePublished":"2016-09-01T09:40:07+00:00","dateModified":"2026-04-16T09:36:19+00:00","breadcrumb":{"@id":"https:\/\/cashlogy.com\/es\/politica-cookies\/#breadcrumb"},"inLanguage":"es","potentialAction":[{"@type":"ReadAction","target":["https:\/\/cashlogy.com\/es\/politica-cookies\/"]}]},{"@type":"BreadcrumbList","@id":"https:\/\/cashlogy.com\/es\/politica-cookies\/#breadcrumb","itemListElement":[{"@type":"ListItem","position":1,"name":"Portada","item":"https:\/\/cashlogy.com\/es\/"},{"@type":"ListItem","position":2,"name":"Pol\u00edtica de cookies"}]},{"@type":"WebSite","@id":"https:\/\/cashlogy.com\/#website","url":"https:\/\/cashlogy.com\/","name":"Cashlogy","description":"Bienvenido al comercio seguro","potentialAction":[{"@type":"SearchAction","target":{"@type":"EntryPoint","urlTemplate":"https:\/\/cashlogy.com\/?s={search_term_string}"},"query-input":{"@type":"PropertyValueSpecification","valueRequired":true,"valueName":"search_term_string"}}],"inLanguage":"es"}]}},"_links":{"self":[{"href":"https:\/\/cashlogy.com\/es\/wp-json\/wp\/v2\/pages\/57","targetHints":{"allow":["GET"]}}],"collection":[{"href":"https:\/\/cashlogy.com\/es\/wp-json\/wp\/v2\/pages"}],"about":[{"href":"https:\/\/cashlogy.com\/es\/wp-json\/wp\/v2\/types\/page"}],"author":[{"embeddable":true,"href":"https:\/\/cashlogy.com\/es\/wp-json\/wp\/v2\/users\/15"}],"replies":[{"embeddable":true,"href":"https:\/\/cashlogy.com\/es\/wp-json\/wp\/v2\/comments?post=57"}],"version-history":[{"count":12,"href":"https:\/\/cashlogy.com\/es\/wp-json\/wp\/v2\/pages\/57\/revisions"}],"predecessor-version":[{"id":16282,"href":"https:\/\/cashlogy.com\/es\/wp-json\/wp\/v2\/pages\/57\/revisions\/16282"}],"wp:attachment":[{"href":"https:\/\/cashlogy.com\/es\/wp-json\/wp\/v2\/media?parent=57"}],"curies":[{"name":"wp","href":"https:\/\/api.w.org\/{rel}","templated":true}]}}