{"id":11121,"date":"2021-02-02T20:49:05","date_gmt":"2021-02-02T18:49:05","guid":{"rendered":"https:\/\/cashlogy.com\/?page_id=11121"},"modified":"2026-04-16T12:12:44","modified_gmt":"2026-04-16T10:12:44","slug":"aviso-legal","status":"publish","type":"page","link":"https:\/\/cashlogy.com\/es\/aviso-legal\/","title":{"rendered":"Aviso Legal"},"content":{"rendered":"<h1><\/h1>\n<p><b>TITULARIDAD:\u00a0<\/b><\/p>\n<p><b>DENOMINACI\u00d3N SOCIAL: <\/b><span style=\"font-weight: 400;\">AZKOYEN VENDING &amp; PAYMENT SOLUTIONS, S.L.U (en adelante, AZKOYEN VPS)<\/span><\/p>\n<p><b>DOMICILIO SOCIAL:<\/b><span style=\"font-weight: 400;\">\u00a0Avda. San Silvestre s\/n, 31350, Peralta (Navarra-Espa\u00f1a)<\/span><\/p>\n<p><b>TEL\u00c9FONO \/ FAX:<\/b><span style=\"font-weight: 400;\">\u00a0+34 948 709 709 \/ +34 948 709 720<\/span><\/p>\n<p><b>INSCRIPCI\u00d3N REGISTRAL:<\/b><span style=\"font-weight: 400;\">\u00a0en el Registro Mercantil de Navarra en la Hoja registral NA-44588. (IRUS: 1000459814989)\u00a0<\/span><\/p>\n<p><b>N.I.F<\/b><span style=\"font-weight: 400;\">.: B71541411<\/span><\/p>\n<p>&nbsp;<\/p>\n<p>&nbsp;<\/p>\n<h4><b>Finalidad del sitio Web y condiciones generales de uso<\/b><\/h4>\n<p><span style=\"font-weight: 400;\">AZKOYEN VPS pone a disposici\u00f3n de los usuarios de Internet el presente sitio Web, con el fin de promocionar su propia imagen y proporcionar informaci\u00f3n sobre sus productos y servicios.<\/span><\/p>\n<p><span style=\"font-weight: 400;\">Las presentes condiciones generales de uso tienen por finalidad regular tanto la puesta a disposici\u00f3n de la informaci\u00f3n, como las relaciones entre AZKOYEN VPS y los usuarios del portal. En el caso de que no est\u00e9 de acuerdo en someterse a las condiciones aqu\u00ed reflejadas, por favor, no haga uso de este sitio Web.<\/span><\/p>\n<p>&nbsp;<\/p>\n<p>&nbsp;<\/p>\n<h4><b>Potestad de modificaci\u00f3n<\/b><\/h4>\n<p><span style=\"font-weight: 400;\">AZKOYEN VPS podr\u00e1 en todo momento, y sin previo aviso, modificar las presentes condiciones mediante la publicaci\u00f3n de dichas modificaciones en el sitio Web con el fin de que puedan ser conocidas por los usuarios.<\/span><\/p>\n<p>&nbsp;<\/p>\n<p>&nbsp;<\/p>\n<h4><b>Propiedad intelectual e industrial<\/b><\/h4>\n<p><span style=\"font-weight: 400;\">Todos los contenidos que se muestran en el presente sitio web y, en especial, dise\u00f1os, textos, gr\u00e1ficos, logos, iconos, botones, software, nombres comerciales, marcas, dibujos industriales o cualesquiera otros signos susceptibles de utilizaci\u00f3n industrial y comercial est\u00e1n sujetos a derechos de propiedad intelectual o industrial de AZKOYEN VPS o, en su caso, de terceros titulares de los mismos que han autorizado debidamente su inclusi\u00f3n en el sitio web.<\/span><\/p>\n<p><span style=\"font-weight: 400;\">Todos los contenidos que se muestran en el presente sitio web y, en especial, dise\u00f1os, textos, gr\u00e1ficos, logos, iconos, botones, software, nombres comerciales, marcas, dibujos industriales o cualesquiera otros signos susceptibles de utilizaci\u00f3n industrial y comercial est\u00e1n sujetos a derechos de propiedad intelectual o industrial de AZKOYEN VPS o, en su caso, de terceros titulares de los mismos que han autorizado debidamente su inclusi\u00f3n en el sitio web.<\/span><\/p>\n<p>&nbsp;<\/p>\n<p>&nbsp;<\/p>\n<h4><b>Obligaciones del usuario<\/b><\/h4>\n<p><span style=\"font-weight: 400;\">Con car\u00e1cter general, el usuario se obliga al cumplimiento de las presentes condiciones de uso y, en su caso, de las condiciones particulares que fueran de aplicaci\u00f3n, as\u00ed como a cumplir las especiales advertencias e instrucciones contenidas en las mismas o en cualquier otro lugar del sitio Web, y a obrar siempre conforme a la ley, a las buenas costumbres y a las exigencias de la buena fe, empleando la diligencia adecuada a la naturaleza del servicio, absteni\u00e9ndose de utilizar el sitio web de cualquier forma que pueda impedir, da\u00f1ar o deteriorar el normal funcionamiento del mismo, los bienes o derechos de AZKOYEN VPS de sus proveedores, colaboradores, usuarios o, en general, de cualquier tercero.<\/span><\/p>\n<p><span style=\"font-weight: 400;\">El usuario se obliga, en la utilizaci\u00f3n de este sitio web, as\u00ed como en la prestaci\u00f3n de los servicios, con car\u00e1cter enunciativo y no limitativo, a:<\/span><\/p>\n<p><span style=\"font-weight: 400;\">En caso de utilizaci\u00f3n de formularios, a proporcionar datos veraces.<\/span><\/p>\n<p><span style=\"font-weight: 400;\">Custodiar adecuadamente las claves de acceso que le puedan ser facilitadas por AZKOYEN VPS, comprometi\u00e9ndose a no permitir su utilizaci\u00f3n por parte de terceros, asumiendo la responsabilidad por los da\u00f1os y perjuicios que pudieran derivarse de un uso indebido de las mismas. Igualmente, el usuario se compromete a comunicar a AZKOYEN VPS con la mayor rapidez, su p\u00e9rdida o robo, as\u00ed como cualquier riesgo de acceso a la informaci\u00f3n sobre el sistema de acceso por parte de un tercero.<\/span><\/p>\n<p><span style=\"font-weight: 400;\">No utilizar identidades falsas, ni suplantar la identidad de otros en la utilizaci\u00f3n del sitio Web, incluyendo la utilizaci\u00f3n en su caso de contrase\u00f1as o claves de acceso de terceros o de cualquier otra forma.<\/span><\/p>\n<p>&nbsp;<\/p>\n<p>&nbsp;<\/p>\n<h4><b>Exclusi\u00f3n de garant\u00edas y responsabilidad<\/b><\/h4>\n<p><span style=\"font-weight: 400;\">El acceso al sitio web puede verse ocasionalmente suspendido o restringido para permitir reparaciones, tareas de mantenimiento o introducci\u00f3n de nuevas instalaciones o servicios. AZKOYEN VPS invertir\u00e1 esfuerzos razonables para limitar la frecuencia y la duraci\u00f3n de dicha suspensi\u00f3n o restricci\u00f3n. No obstante, podr\u00e1 suspender, retirar o cancelar parcial o totalmente los contenidos y servicios no sometidos a contrataci\u00f3n espec\u00edfica en cualquier momento y sin necesidad de aviso previo. La previsi\u00f3n anterior no afectar\u00e1 a aquellos servicios contratados espec\u00edficamente por usuarios registrados y que se regir\u00e1n por sus condiciones contractuales correspondientes.<\/span><\/p>\n<p><span style=\"font-weight: 400;\">La conexi\u00f3n a Internet, necesaria para acceder al servicio, no es en ning\u00fan caso suministrada por AZKOYEN VPS. Se informa al usuario de que las comunicaciones de datos a trav\u00e9s de redes abiertas no son seguras, y que es responsabilidad del usuario adoptar todas las medidas t\u00e9cnicas adecuadas para controlar razonablemente los riesgos y evitar posibles da\u00f1os en sus equipos, p\u00e9rdida de datos y robo de informaci\u00f3n confidencial. A estos efectos, debe tener sistemas actualizados de detecci\u00f3n de software malicioso, as\u00ed como tener actualizados los parches de seguridad de los correspondientes navegadores que utilice. Para m\u00e1s informaci\u00f3n puede acudir a su Proveedor de Servicios de Acceso a Internet.<\/span><\/p>\n<p><span style=\"font-weight: 400;\">AZKOYEN VPS no se hace responsable de los perjuicios que se pudieran derivar de, con car\u00e1cter meramente enunciativo y no limitativo: (i) Inferencias, omisiones, interrupciones, virus inform\u00e1ticos, aver\u00edas y\/o desconexiones en el funcionamiento operativo de este sistema electr\u00f3nico o en los aparatos y equipos inform\u00e1ticos de los usuarios, motivadas por causas no imputables a AZKOYEN VPS, que impidan o retrasen la prestaci\u00f3n de los servicios o la navegaci\u00f3n por el sistema; (ii) Retrasos o bloqueos en el uso causados por deficiencias o sobrecargas de Internet o en otros sistemas electr\u00f3nicos; (iii) Que puedan ser causados por terceras personas mediante intromisiones no atribuibles a AZKOYEN VPS; (iv) De la imposibilidad de prestar el servicio o permitir el acceso por causas no imputables AZKOYEN VPS, ya sean debidas al usuario, a terceros, o a supuestos de fuerza mayor.<\/span><\/p>\n<p><span style=\"font-weight: 400;\">Los enlaces contenidos en este sitio web pueden dirigir a p\u00e1ginas web de terceros. AZKOYEN VPS no asume ninguna responsabilidad derivada de la conexi\u00f3n, contenidos, informaciones o servicios que pudieran aparecer en dichos sitios, que tendr\u00e1n exclusivamente car\u00e1cter informativo y que en ning\u00fan caso implican relaci\u00f3n alguna entre AZKOYEN VPS y las personas o entidades titulares de tales contenidos o titulares de los sitios donde se encuentren.<\/span><\/p>\n<p>&nbsp;<\/p>\n<p>&nbsp;<\/p>\n<h4><b>Legislaci\u00f3n aplicable y jurisdicci\u00f3n<\/b><\/h4>\n<p><span style=\"font-weight: 400;\">Los t\u00e9rminos y condiciones que rigen este sitio web y todas las relaciones que pudieran derivarse se encuentran regulados por la legislaci\u00f3n y bajo jurisdicci\u00f3n espa\u00f1ola.<\/span><\/p>\n<p>&nbsp;<\/p>\n","protected":false},"excerpt":{"rendered":"<p>&#8230;<\/p>\n","protected":false},"author":15,"featured_media":0,"parent":0,"menu_order":24,"comment_status":"closed","ping_status":"closed","template":"page-templates\/legal.php","meta":{"_acf_changed":false,"inline_featured_image":false,"footnotes":""},"class_list":["post-11121","page","type-page","status-publish","hentry"],"acf":[],"yoast_head":"<!-- This site is optimized with the Yoast SEO plugin v26.9 - https:\/\/yoast.com\/product\/yoast-seo-wordpress\/ -->\n<title>Aviso Legal - Cashlogy<\/title>\n<meta name=\"robots\" content=\"index, follow, max-snippet:-1, max-image-preview:large, max-video-preview:-1\" \/>\n<link rel=\"canonical\" href=\"https:\/\/cashlogy.com\/es\/aviso-legal\/\" \/>\n<meta property=\"og:locale\" content=\"es_ES\" \/>\n<meta property=\"og:type\" content=\"article\" \/>\n<meta property=\"og:title\" content=\"Aviso Legal - Cashlogy\" \/>\n<meta property=\"og:description\" content=\"...\" \/>\n<meta property=\"og:url\" content=\"https:\/\/cashlogy.com\/es\/aviso-legal\/\" \/>\n<meta property=\"og:site_name\" content=\"Cashlogy\" \/>\n<meta property=\"article:modified_time\" content=\"2026-04-16T10:12:44+00:00\" \/>\n<meta name=\"twitter:label1\" content=\"Tiempo de lectura\" \/>\n\t<meta name=\"twitter:data1\" content=\"5 minutos\" \/>\n<script type=\"application\/ld+json\" class=\"yoast-schema-graph\">{\"@context\":\"https:\/\/schema.org\",\"@graph\":[{\"@type\":\"WebPage\",\"@id\":\"https:\/\/cashlogy.com\/es\/aviso-legal\/\",\"url\":\"https:\/\/cashlogy.com\/es\/aviso-legal\/\",\"name\":\"Aviso Legal - Cashlogy\",\"isPartOf\":{\"@id\":\"https:\/\/cashlogy.com\/#website\"},\"datePublished\":\"2021-02-02T18:49:05+00:00\",\"dateModified\":\"2026-04-16T10:12:44+00:00\",\"breadcrumb\":{\"@id\":\"https:\/\/cashlogy.com\/es\/aviso-legal\/#breadcrumb\"},\"inLanguage\":\"es\",\"potentialAction\":[{\"@type\":\"ReadAction\",\"target\":[\"https:\/\/cashlogy.com\/es\/aviso-legal\/\"]}]},{\"@type\":\"BreadcrumbList\",\"@id\":\"https:\/\/cashlogy.com\/es\/aviso-legal\/#breadcrumb\",\"itemListElement\":[{\"@type\":\"ListItem\",\"position\":1,\"name\":\"Portada\",\"item\":\"https:\/\/cashlogy.com\/es\/\"},{\"@type\":\"ListItem\",\"position\":2,\"name\":\"Aviso Legal\"}]},{\"@type\":\"WebSite\",\"@id\":\"https:\/\/cashlogy.com\/#website\",\"url\":\"https:\/\/cashlogy.com\/\",\"name\":\"Cashlogy\",\"description\":\"Bienvenido al comercio seguro\",\"potentialAction\":[{\"@type\":\"SearchAction\",\"target\":{\"@type\":\"EntryPoint\",\"urlTemplate\":\"https:\/\/cashlogy.com\/?s={search_term_string}\"},\"query-input\":{\"@type\":\"PropertyValueSpecification\",\"valueRequired\":true,\"valueName\":\"search_term_string\"}}],\"inLanguage\":\"es\"}]}<\/script>\n<!-- \/ Yoast SEO plugin. -->","yoast_head_json":{"title":"Aviso Legal - Cashlogy","robots":{"index":"index","follow":"follow","max-snippet":"max-snippet:-1","max-image-preview":"max-image-preview:large","max-video-preview":"max-video-preview:-1"},"canonical":"https:\/\/cashlogy.com\/es\/aviso-legal\/","og_locale":"es_ES","og_type":"article","og_title":"Aviso Legal - Cashlogy","og_description":"...","og_url":"https:\/\/cashlogy.com\/es\/aviso-legal\/","og_site_name":"Cashlogy","article_modified_time":"2026-04-16T10:12:44+00:00","twitter_misc":{"Tiempo de lectura":"5 minutos"},"schema":{"@context":"https:\/\/schema.org","@graph":[{"@type":"WebPage","@id":"https:\/\/cashlogy.com\/es\/aviso-legal\/","url":"https:\/\/cashlogy.com\/es\/aviso-legal\/","name":"Aviso Legal - Cashlogy","isPartOf":{"@id":"https:\/\/cashlogy.com\/#website"},"datePublished":"2021-02-02T18:49:05+00:00","dateModified":"2026-04-16T10:12:44+00:00","breadcrumb":{"@id":"https:\/\/cashlogy.com\/es\/aviso-legal\/#breadcrumb"},"inLanguage":"es","potentialAction":[{"@type":"ReadAction","target":["https:\/\/cashlogy.com\/es\/aviso-legal\/"]}]},{"@type":"BreadcrumbList","@id":"https:\/\/cashlogy.com\/es\/aviso-legal\/#breadcrumb","itemListElement":[{"@type":"ListItem","position":1,"name":"Portada","item":"https:\/\/cashlogy.com\/es\/"},{"@type":"ListItem","position":2,"name":"Aviso Legal"}]},{"@type":"WebSite","@id":"https:\/\/cashlogy.com\/#website","url":"https:\/\/cashlogy.com\/","name":"Cashlogy","description":"Bienvenido al comercio seguro","potentialAction":[{"@type":"SearchAction","target":{"@type":"EntryPoint","urlTemplate":"https:\/\/cashlogy.com\/?s={search_term_string}"},"query-input":{"@type":"PropertyValueSpecification","valueRequired":true,"valueName":"search_term_string"}}],"inLanguage":"es"}]}},"_links":{"self":[{"href":"https:\/\/cashlogy.com\/es\/wp-json\/wp\/v2\/pages\/11121","targetHints":{"allow":["GET"]}}],"collection":[{"href":"https:\/\/cashlogy.com\/es\/wp-json\/wp\/v2\/pages"}],"about":[{"href":"https:\/\/cashlogy.com\/es\/wp-json\/wp\/v2\/types\/page"}],"author":[{"embeddable":true,"href":"https:\/\/cashlogy.com\/es\/wp-json\/wp\/v2\/users\/15"}],"replies":[{"embeddable":true,"href":"https:\/\/cashlogy.com\/es\/wp-json\/wp\/v2\/comments?post=11121"}],"version-history":[{"count":2,"href":"https:\/\/cashlogy.com\/es\/wp-json\/wp\/v2\/pages\/11121\/revisions"}],"predecessor-version":[{"id":16293,"href":"https:\/\/cashlogy.com\/es\/wp-json\/wp\/v2\/pages\/11121\/revisions\/16293"}],"wp:attachment":[{"href":"https:\/\/cashlogy.com\/es\/wp-json\/wp\/v2\/media?parent=11121"}],"curies":[{"name":"wp","href":"https:\/\/api.w.org\/{rel}","templated":true}]}}