{"id":1238,"date":"2017-02-16T15:43:37","date_gmt":"2017-02-16T14:43:37","guid":{"rendered":"https:\/\/cashlogy.com\/?page_id=1238\/"},"modified":"2026-04-16T12:05:23","modified_gmt":"2026-04-16T10:05:23","slug":"cookie-richtlinien","status":"publish","type":"page","link":"https:\/\/cashlogy.com\/de\/cookie-richtlinien\/","title":{"rendered":"Cookie Richtlinien"},"content":{"rendered":"<p>&nbsp;<\/p>\n<h4><b>WAS IST EIN COOKIE?<\/b><\/h4>\n<p><span style=\"font-weight: 400;\">Cookies sind Textdateien, die kleine Mengen an Informationen enthalten und beim Besuch einer Website auf dem vom Nutzer verwendeten Ger\u00e4t gespeichert werden. Ihr Hauptzweck besteht einerseits darin, den Nutzer bei jedem Zugriff auf die Website wiederzuerkennen und diese entsprechend seinen Browsing-Pr\u00e4ferenzen anzuzeigen; und gegebenenfalls darin, das Surfverhalten zu analysieren und personalisierte Werbung bereitzustellen.<\/span><\/p>\n<p>&nbsp;<\/p>\n<p>&nbsp;<\/p>\n<h4><b>WELCHE ARTEN VON COOKIES GIBT ES?<\/b><\/h4>\n<p><span style=\"font-weight: 400;\">Cookies k\u00f6nnen wie folgt klassifiziert werden:<\/span><\/p>\n<p>&nbsp;<\/p>\n<p><b>1.1.1 Technisch notwendige Cookies:<\/b><span style=\"font-weight: 400;\"><br \/>\n<\/span><span style=\"font-weight: 400;\">Diese Cookies sind erforderlich, um die Navigation innerhalb der Website zu erm\u00f6glichen oder den Nutzer angemeldet zu halten. F\u00fcr ihre Installation ist keine Einwilligung des Nutzers erforderlich, da sie f\u00fcr eine fehlerfreie Nutzung der Website unerl\u00e4sslich sind.<\/span><\/p>\n<p>&nbsp;<\/p>\n<p><b>2.1.1 Personalisierungs-Cookies:<\/b><span style=\"font-weight: 400;\"><br \/>\n<\/span><span style=\"font-weight: 400;\">Diese Cookies erm\u00f6glichen es, Informationen zu speichern, sodass der Nutzer den Dienst mit bestimmten Merkmalen nutzt, die sein Erlebnis von dem anderer Nutzer unterscheiden k\u00f6nnen, wie z.<\/span><span style=\"font-weight: 400;\">\u202f<\/span><span style=\"font-weight: 400;\">B. Spracheinstellungen. Eine Einwilligung des Nutzers ist erforderlich, wenn diese Cookies direkt vom Websitebetreiber eingesetzt werden.<\/span><\/p>\n<p>&nbsp;<\/p>\n<p><b>3.1.1 Analyse-Cookies:<\/b><span style=\"font-weight: 400;\"><br \/>\n<\/span><span style=\"font-weight: 400;\">Diese Cookies erm\u00f6glichen es uns, nachzuvollziehen und zu analysieren, wie Nutzer mit unserer Website interagieren, um Verbesserungen auf Grundlage der gesammelten Verhaltensdaten vorzunehmen. F\u00fcr ihre Installation ist eine Einwilligung des Nutzers erforderlich.<\/span><\/p>\n<p>&nbsp;<\/p>\n<p><b>4.1.1 Werbe-Cookies:<\/b><span style=\"font-weight: 400;\"><br \/>\n<\/span><span style=\"font-weight: 400;\">Diese Cookies speichern Informationen \u00fcber das Nutzerverhalten, die durch die Beobachtung der Surfgewohnheiten gewonnen werden, und erm\u00f6glichen die Erstellung eines spezifischen Nutzerprofils zur Anzeige profilbasierter Werbung. Eine Einwilligung des Nutzers ist erforderlich.<\/span><\/p>\n<p>&nbsp;<\/p>\n<p><span style=\"font-weight: 400;\">Dar\u00fcber hinaus k\u00f6nnen Cookies als First-Party- oder Third-Party-Cookies kategorisiert werden:<\/span><\/p>\n<p>&nbsp;<\/p>\n<p><b>5.1.1 First-Party-Cookies:<\/b><span style=\"font-weight: 400;\"><br \/>\n<\/span><span style=\"font-weight: 400;\">Diese werden vom Ger\u00e4t des Nutzers von einem Computer oder einer Domain gesendet, die von Azkoyen VPS verwaltet wird und \u00fcber die der angeforderte Dienst bereitgestellt wird.<\/span><\/p>\n<p>&nbsp;<\/p>\n<p><b>6.1.1 Third-Party-Cookies:<\/b><span style=\"font-weight: 400;\"><br \/>\n<\/span><span style=\"font-weight: 400;\">Diese werden von einem Computer oder einer Domain gesendet, die nicht von Azkoyen VPS verwaltet wird, sondern von einer anderen Stelle, die die \u00fcber die Cookies erhaltenen Daten verarbeitet, wie z.<\/span><span style=\"font-weight: 400;\">\u202f<\/span><span style=\"font-weight: 400;\">B. Google-Analytics-Cookies.<\/span><\/p>\n<p>&nbsp;<\/p>\n<p><span style=\"font-weight: 400;\">Cookies k\u00f6nnen au\u00dferdem Sitzungs- oder dauerhafte Cookies sein:<\/span><\/p>\n<p>&nbsp;<\/p>\n<p><b>7.1.1 Sitzungs-Cookies:<\/b><span style=\"font-weight: 400;\"><br \/>\n<\/span><span style=\"font-weight: 400;\">Diese dienen dazu, Daten zu sammeln und zu speichern, w\u00e4hrend der Nutzer auf eine Website zugreift. Sie werden in der Regel verwendet, um Informationen f\u00fcr eine einmalige Dienstleistung zu speichern, und werden gel\u00f6scht, sobald der Nutzer die Website verl\u00e4sst.<\/span><\/p>\n<p>&nbsp;<\/p>\n<p><b>8.1.1 Dauerhafte Cookies:<\/b><span style=\"font-weight: 400;\"><br \/>\n<\/span><span style=\"font-weight: 400;\">Diese speichern Daten auf dem Ger\u00e4t des Nutzers, auf die w\u00e4hrend eines vom Cookie-Verantwortlichen festgelegten Zeitraums zugegriffen werden kann, der von wenigen Minuten bis zu mehreren Jahren reichen kann.<\/span><\/p>\n<p>&nbsp;<\/p>\n<p>&nbsp;<\/p>\n<h4><b>WELCHE COOKIES VERWENDET DIESE WEBSITE?<\/b><\/h4>\n<p><span style=\"font-weight: 400;\">Diese Website verwendet technisch notwendige Cookies f\u00fcr ihren ordnungsgem\u00e4\u00dfen Betrieb. Dar\u00fcber hinaus verwendet sie Cookies, die Ihre Einwilligung erfordern, sofern Sie deren Installation zugestimmt haben.<\/span><\/p>\n<p>&nbsp;<\/p>\n<p>&nbsp;<\/p>\n<h4><b>INFORMATIONEN ZU INTERNATIONALEN DATEN\u00dcBERMITTLUNGEN<\/b><\/h4>\n<p><span style=\"font-weight: 400;\">Diese Website nutzt das Tool Google Analytics, einen Webanalysedienst, der auf Informationen basiert, die \u00fcber Analyse-Cookies erhoben werden. Innerhalb der Europ\u00e4ischen Union wird dieser Dienst von Google Ireland Limited bereitgestellt.<\/span><\/p>\n<p>&nbsp;<\/p>\n<p>&nbsp;<\/p>\n<h4><b>SPEICHERDAUER DER COOKIES<\/b><\/h4>\n<p><span style=\"font-weight: 400;\">Cookies werden f\u00fcr den Zeitraum gespeichert, der zur Erf\u00fcllung der Zwecke erforderlich ist, f\u00fcr die sie erhoben wurden. In dieser Hinsicht gilt:<\/span><\/p>\n<p>&nbsp;<\/p>\n<p><script id=\"CookieDeclaration\" src=\"https:\/\/consent.cookiebot.com\/b8583e77-353e-4f04-a4e2-da81266fd9a6\/cd.js\" type=\"text\/javascript\" async><\/script><\/p>\n<p><span style=\"font-weight: 400;\"><br \/>\n<\/span><span style=\"font-weight: 400;\">Nach Ablauf der angegebenen Fristen k\u00f6nnen Cookies automatisch gel\u00f6scht oder vom Nutzer manuell \u00fcber die Browser-Einstellungen entfernt werden.<\/span><\/p>\n<p>&nbsp;<\/p>\n<p>&nbsp;<\/p>\n<h4><b>WIE SIE IHRE COOKIE-EINSTELLUNGEN KONFIGURIEREN<\/b><\/h4>\n<p><span style=\"font-weight: 400;\">Die meisten Webbrowser erm\u00f6glichen die Verwaltung von Cookie-Einstellungen, um eine bessere Kontrolle \u00fcber Ihre Privatsph\u00e4re auszu\u00fcben. \u00dcber die folgenden Links erhalten Sie Anweisungen zur Deaktivierung von Cookies in den jeweiligen Browsern:<\/span><\/p>\n<ul>\n<li style=\"font-weight: 400;\" aria-level=\"1\"><span style=\"font-weight: 400;\">Microsoft Edge: edge:\/\/settings\/privacy<\/span><\/li>\n<li style=\"font-weight: 400;\" aria-level=\"1\"><span style=\"font-weight: 400;\">Mozilla Firefox: https:\/\/support.mozilla.org\/es\/kb\/habilitar-y-deshabilitar-cookies-sitios-web-rastrear-preferencias<\/span><\/li>\n<li style=\"font-weight: 400;\" aria-level=\"1\"><span style=\"font-weight: 400;\">Google Chrome: https:\/\/support.google.com\/chrome\/answer\/95647?hl=es<\/span><\/li>\n<li style=\"font-weight: 400;\" aria-level=\"1\"><span style=\"font-weight: 400;\">Safari: http:\/\/support.apple.com\/kb\/ph5042<\/span><\/li>\n<\/ul>\n","protected":false},"excerpt":{"rendered":"<p>&#8230;<\/p>\n","protected":false},"author":15,"featured_media":0,"parent":0,"menu_order":23,"comment_status":"closed","ping_status":"closed","template":"page-templates\/cookies.php","meta":{"_acf_changed":false,"inline_featured_image":false,"footnotes":""},"class_list":["post-1238","page","type-page","status-publish","hentry"],"acf":[],"yoast_head":"<!-- This site is optimized with the Yoast SEO plugin v26.9 - https:\/\/yoast.com\/product\/yoast-seo-wordpress\/ -->\n<title>Cookie Richtlinien - Cashlogy<\/title>\n<meta name=\"robots\" content=\"index, follow, max-snippet:-1, max-image-preview:large, max-video-preview:-1\" \/>\n<link rel=\"canonical\" href=\"https:\/\/cashlogy.com\/de\/cookie-richtlinien\/\" \/>\n<meta property=\"og:locale\" content=\"de_DE\" \/>\n<meta property=\"og:type\" content=\"article\" \/>\n<meta property=\"og:title\" content=\"Cookie Richtlinien - Cashlogy\" \/>\n<meta property=\"og:description\" content=\"...\" \/>\n<meta property=\"og:url\" content=\"https:\/\/cashlogy.com\/de\/cookie-richtlinien\/\" \/>\n<meta property=\"og:site_name\" content=\"Cashlogy\" \/>\n<meta property=\"article:modified_time\" content=\"2026-04-16T10:05:23+00:00\" \/>\n<meta name=\"twitter:label1\" content=\"Gesch\u00e4tzte Lesezeit\" \/>\n\t<meta name=\"twitter:data1\" content=\"3\u00a0Minuten\" \/>\n<script type=\"application\/ld+json\" class=\"yoast-schema-graph\">{\"@context\":\"https:\/\/schema.org\",\"@graph\":[{\"@type\":\"WebPage\",\"@id\":\"https:\/\/cashlogy.com\/de\/cookie-richtlinien\/\",\"url\":\"https:\/\/cashlogy.com\/de\/cookie-richtlinien\/\",\"name\":\"Cookie Richtlinien - Cashlogy\",\"isPartOf\":{\"@id\":\"https:\/\/cashlogy.com\/#website\"},\"datePublished\":\"2017-02-16T14:43:37+00:00\",\"dateModified\":\"2026-04-16T10:05:23+00:00\",\"breadcrumb\":{\"@id\":\"https:\/\/cashlogy.com\/de\/cookie-richtlinien\/#breadcrumb\"},\"inLanguage\":\"de\",\"potentialAction\":[{\"@type\":\"ReadAction\",\"target\":[\"https:\/\/cashlogy.com\/de\/cookie-richtlinien\/\"]}]},{\"@type\":\"BreadcrumbList\",\"@id\":\"https:\/\/cashlogy.com\/de\/cookie-richtlinien\/#breadcrumb\",\"itemListElement\":[{\"@type\":\"ListItem\",\"position\":1,\"name\":\"Portada\",\"item\":\"https:\/\/cashlogy.com\/de\/\"},{\"@type\":\"ListItem\",\"position\":2,\"name\":\"Cookie Richtlinien\"}]},{\"@type\":\"WebSite\",\"@id\":\"https:\/\/cashlogy.com\/#website\",\"url\":\"https:\/\/cashlogy.com\/\",\"name\":\"Cashlogy\",\"description\":\"Bienvenido al comercio seguro\",\"potentialAction\":[{\"@type\":\"SearchAction\",\"target\":{\"@type\":\"EntryPoint\",\"urlTemplate\":\"https:\/\/cashlogy.com\/?s={search_term_string}\"},\"query-input\":{\"@type\":\"PropertyValueSpecification\",\"valueRequired\":true,\"valueName\":\"search_term_string\"}}],\"inLanguage\":\"de\"}]}<\/script>\n<!-- \/ Yoast SEO plugin. -->","yoast_head_json":{"title":"Cookie Richtlinien - Cashlogy","robots":{"index":"index","follow":"follow","max-snippet":"max-snippet:-1","max-image-preview":"max-image-preview:large","max-video-preview":"max-video-preview:-1"},"canonical":"https:\/\/cashlogy.com\/de\/cookie-richtlinien\/","og_locale":"de_DE","og_type":"article","og_title":"Cookie Richtlinien - Cashlogy","og_description":"...","og_url":"https:\/\/cashlogy.com\/de\/cookie-richtlinien\/","og_site_name":"Cashlogy","article_modified_time":"2026-04-16T10:05:23+00:00","twitter_misc":{"Gesch\u00e4tzte Lesezeit":"3\u00a0Minuten"},"schema":{"@context":"https:\/\/schema.org","@graph":[{"@type":"WebPage","@id":"https:\/\/cashlogy.com\/de\/cookie-richtlinien\/","url":"https:\/\/cashlogy.com\/de\/cookie-richtlinien\/","name":"Cookie Richtlinien - Cashlogy","isPartOf":{"@id":"https:\/\/cashlogy.com\/#website"},"datePublished":"2017-02-16T14:43:37+00:00","dateModified":"2026-04-16T10:05:23+00:00","breadcrumb":{"@id":"https:\/\/cashlogy.com\/de\/cookie-richtlinien\/#breadcrumb"},"inLanguage":"de","potentialAction":[{"@type":"ReadAction","target":["https:\/\/cashlogy.com\/de\/cookie-richtlinien\/"]}]},{"@type":"BreadcrumbList","@id":"https:\/\/cashlogy.com\/de\/cookie-richtlinien\/#breadcrumb","itemListElement":[{"@type":"ListItem","position":1,"name":"Portada","item":"https:\/\/cashlogy.com\/de\/"},{"@type":"ListItem","position":2,"name":"Cookie Richtlinien"}]},{"@type":"WebSite","@id":"https:\/\/cashlogy.com\/#website","url":"https:\/\/cashlogy.com\/","name":"Cashlogy","description":"Bienvenido al comercio seguro","potentialAction":[{"@type":"SearchAction","target":{"@type":"EntryPoint","urlTemplate":"https:\/\/cashlogy.com\/?s={search_term_string}"},"query-input":{"@type":"PropertyValueSpecification","valueRequired":true,"valueName":"search_term_string"}}],"inLanguage":"de"}]}},"_links":{"self":[{"href":"https:\/\/cashlogy.com\/de\/wp-json\/wp\/v2\/pages\/1238","targetHints":{"allow":["GET"]}}],"collection":[{"href":"https:\/\/cashlogy.com\/de\/wp-json\/wp\/v2\/pages"}],"about":[{"href":"https:\/\/cashlogy.com\/de\/wp-json\/wp\/v2\/types\/page"}],"author":[{"embeddable":true,"href":"https:\/\/cashlogy.com\/de\/wp-json\/wp\/v2\/users\/15"}],"replies":[{"embeddable":true,"href":"https:\/\/cashlogy.com\/de\/wp-json\/wp\/v2\/comments?post=1238"}],"version-history":[{"count":9,"href":"https:\/\/cashlogy.com\/de\/wp-json\/wp\/v2\/pages\/1238\/revisions"}],"predecessor-version":[{"id":16289,"href":"https:\/\/cashlogy.com\/de\/wp-json\/wp\/v2\/pages\/1238\/revisions\/16289"}],"wp:attachment":[{"href":"https:\/\/cashlogy.com\/de\/wp-json\/wp\/v2\/media?parent=1238"}],"curies":[{"name":"wp","href":"https:\/\/api.w.org\/{rel}","templated":true}]}}