{"id":1236,"date":"2017-02-16T15:42:25","date_gmt":"2017-02-16T14:42:25","guid":{"rendered":"https:\/\/cashlogy.com\/?page_id=1236\/"},"modified":"2023-05-09T11:11:48","modified_gmt":"2023-05-09T09:11:48","slug":"datenschutzbestimmungen","status":"publish","type":"page","link":"https:\/\/cashlogy.com\/de\/datenschutzbestimmungen\/","title":{"rendered":"Datenschutzbestimmungen"},"content":{"rendered":"<p><strong>WER IST F\u00dcR IHRE PERS\u00d6NLICHEN DATEN VERANTWORTLICH?<\/strong><\/p>\n<p>Personenbezogene Daten, die bei der Interaktion mit Azkoyen, S.A. (NIF A-31065618) entweder \u00fcber die Unternehmenswebseiten oder im Rahmen einer vertraglichen oder vorvertraglichen Beziehung mit diesem Unternehmen angegeben werden, verarbeitet dieses Unternehmen als Verantwortlicher f\u00fcr die personenbezogenen Daten.<\/p>\n<p><strong>WELCHE GRUNDLEGENDEN RECHTSVORSCHRIFTEN GELTEN IN SPANIEN F\u00dcR DEN SCHUTZ PERSONENBEZOGENER DATEN?<\/strong><\/p>\n<p>Im privaten Sektor gelten die folgenden grundlegenden Vorschriften:<\/p>\n<ul>\n<li>Verordnung (EU) 2016\/679 des Europ\u00e4ischen Parlaments und des Rates vom 27. April 2016 \u00fcber den allgemeinen Schutz personenbezogener Daten (GDPR).<\/li>\n<li>Organgesetz 3\/2018 vom 5. Dezember \u00fcber den Schutz personenbezogener Daten und die Gew\u00e4hrleistung der digitalen Rechte (LOPD-GDD).<\/li>\n<\/ul>\n<p><strong>ZU WELCHEM ZWECK UND AUF WELCHER GRUNDLAGE VERARBEITEN WIR IHRE PERSONENBEZOGENEN DATEN?<\/strong><\/p>\n<p>Im Rahmen der Gesch\u00e4ftsbeziehungen verarbeitet Azkoyen, S.A. personenbezogene Daten f\u00fcr die folgenden Zwecke und auf der Grundlage der Legitimation:<\/p>\n<ul>\n<li>Verwaltung von Anfragen nach allgemeinen Unternehmensinformationen sowie nach Informationen \u00fcber unsere Produkte und Dienstleistungen. Rechtsgrundlage: die ausdr\u00fcckliche Zustimmung der betroffenen Person im Zusammenhang mit dem Absenden der Anfrage (Art. 6.1 a) GDPR).<\/li>\n<li>Formalisierung und Ausf\u00fchrung von Handelsvertr\u00e4gen (Kauf und Verkauf, Vertrieb, Wartungsdienste, Softwarelizenzen usw.): Die Verarbeitung der beruflichen Kontaktdaten der Personen, die an der Formalisierung und Ausf\u00fchrung von Vertr\u00e4gen beteiligt sind &#8211; unabh\u00e4ngig davon, ob es sich um Einzelunternehmer oder um Personen handelt, die im Bereich der Vertretung oder Verwaltung von juristischen Personen t\u00e4tig sind, denen sie ihre Dienste anbieten &#8211; wird von Azkoyen auf der Grundlage eines berechtigten Interesses verarbeitet (Art. 6.1 f) RGPD und 19.1 LOPD-GDD).<\/li>\n<li>Erf\u00fcllung gesetzlicher Verpflichtungen in steuerlichen, buchhalterischen und verwaltungstechnischen Angelegenheiten, die sich aus dem mit der betroffenen Person bestehenden Vertragsverh\u00e4ltnis ergeben. Rechtsgrundlage f\u00fcr die Legitimation: Erf\u00fcllung einer gesetzlichen Verpflichtung (Art. 6.1 c) RGPD.<\/li>\n<li>Analyse der IoT-Datens\u00e4tze von Ger\u00e4ten, die von Azkoyen hergestellt wurden und mit Einzelhandelsgesch\u00e4ften verbunden sind, deren Eigent\u00fcmer nat\u00fcrliche Personen (Einzelunternehmer) sind. Es ist zu betonen, dass es sich hierbei im Wesentlichen um aggregierte Informationen handelt und dass Azkoyen in keinem Fall personenbezogene Daten von Endnutzern\/Verbrauchern verarbeitet. Rechtsgrundlage: Vertragserf\u00fcllung (Art. 6.1 b) RGPD).<\/li>\n<li>Verwaltung des Beschwerdekanals im Rahmen der Anwendung des strafrechtlichen <em>Compliance<\/em>-Programms von Azkoyen, S.A. Legitimationsgrundlage: Vorliegen eines berechtigten Interesses (Art. 6.1 f) RGPD) in Bezug auf Artikel 31 bis 1b) des Strafgesetzbuchs.<\/li>\n<li>Zusendung von kommerziellen Informationen von Azkoyen, S.A. an seine eigenen Kunden, mit allen Mitteln &#8211; einschlie\u00dflich elektronischer Kommunikation &#8211; \u00fcber Produkte und\/oder Dienstleistungen, die den zuvor abgeschlossenen Vertr\u00e4gen \u00e4hnlich sind. Rechtsgrundlage: Vorliegen eines berechtigten Interesses (Art. 6.1.f) RGPD und Art. 21.2 LSSI).<\/li>\n<li>Im Falle der Einholung Ihrer ausdr\u00fccklichen Zustimmung, Zusendung von kommerziellen Informationen, auf jeglichem Wege &#8211; auch elektronisch &#8211; durch andere Unternehmen der Azkoyen-Gruppe und gegebenenfalls durch Dritte, die einen Vertrag \u00fcber kommerzielle Zusammenarbeit mit Azkoyen, S.A. unterzeichnet haben. Rechtsgrundlage f\u00fcr die Legitimation: Zustimmung der betroffenen Person (Art. 6.1 a) RGPD).<\/li>\n<li>Im Falle einer ausdr\u00fccklichen Zustimmung, Interaktion mit sozialen Netzwerken, in denen Azkoyen, S.A. ein Benutzerprofil hat (Linkedin, Facebook und Twitter). Rechtsgrundlage f\u00fcr die Legitimation: Zustimmung des Interessierten durch die Verwendung der \u201eSocial-Media-Buttons oder -Plug-ins\u201c (Art. 6.1 a) DSGVO).<\/li>\n<li>Im Falle der Zustimmung zur Verwendung von Analyse- und\/oder Werbe-Cookies werden Informationen \u00fcber das Surfen auf unserer Website gesammelt, um die Aktivit\u00e4t auf der Website zu messen und gegebenenfalls personalisierte Werbung zu versenden. <a href=\"https:\/\/www.azkoyenvending.es\/politica-de-cookies\/\">+ info cookies policy<\/a> Rechtsgrundlage: Einwilligung der betroffenen Person (Art. 6.1 a) RGPD).<\/li>\n<\/ul>\n<p>Im Rahmen der Beziehungen mit Stellenbewerbern kann Azkoyen, S.A. personenbezogene Daten verarbeiten, die in den Lebensl\u00e4ufen enthalten sind, die sie direkt oder \u00fcber die Plattform e-Preselec oder andere \u00e4hnliche Plattformen erh\u00e4lt. Der Zweck dieser Verarbeitungen ist die Verwaltung der Personalauswahlprozesse und der Arbeitsvermittlung. Rechtsgrundlage: Anwendung vorvertraglicher Ma\u00dfnahmen auf Antrag der betroffenen Person (Art. 6.1(b) GDPR), ausdr\u00fcckliche Zustimmung der betroffenen Person im Zusammenhang mit der \u00dcbermittlung des Lebenslaufs (Art. 6.1(a) GDPR).<\/p>\n<p>Dar\u00fcber hinaus kann Azkoyen aufgrund des Vorliegens eines berechtigten Interesses (Art. 6.1 f) DSB) <em>Due-Diligence<\/em>-Pr\u00fcfungen durchf\u00fchren, um den Wahrheitsgehalt der Qualifikationen, Zertifizierungen und anderer relevanter Besch\u00e4ftigungsinformationen in den \u00fcbermittelten Lebensl\u00e4ufen zu \u00fcberpr\u00fcfen.<\/p>\n<p><strong>AN WEN WERDEN WIR IHRE PERS\u00d6NLICHEN DATEN WEITERGEBEN?<\/strong><\/p>\n<p>Ihre pers\u00f6nlichen Daten k\u00f6nnen externen Hilfsdienstleistern mit Zugang zu pers\u00f6nlichen Daten zur Verf\u00fcgung gestellt werden, die von Azkoyen, S.A. beauftragt wurden, wie z. B. IT-Dienstleister mit Zugang zu pers\u00f6nlichen Daten (Anbieter von technischen\/Computer-Wartungsdiensten, Cybersicherheit, <em>Hosting<\/em>, Umweltmanagementunternehmen, Beratungsunternehmen, Managementunternehmen, Personalvermittlungsunternehmen, Werbe- und Marketingunternehmen und andere Hilfsdienstleister, die als Auftragsverarbeiter unter den Anweisungen von Azkoyen, S.A. handeln.<\/p>\n<p>Der Abschluss von Vertr\u00e4gen \u00fcber unsere Produkte und Dienstleistungen erfolgt in der Regel \u00fcber unser Vertriebsnetz. Daher werden Ihre pers\u00f6nlichen Daten an den offiziellen Vertriebsh\u00e4ndler, der Ihrem Firmensitz\/Arbeitsplatz am n\u00e4chsten liegt, und gegebenenfalls an die mit der Lieferung der Produkte beauftragten Transport- oder Kurierunternehmen weitergegeben.<\/p>\n<p>Im Falle Ihrer ausdr\u00fccklichen Zustimmung k\u00f6nnen Ihre Daten zu kommerziellen Zwecken an die \u00fcbrigen Unternehmen der Azkoyen-Gruppe und an Unternehmen, die eine kommerzielle Kooperationsvereinbarung mit Azkoyen, S.A. unterzeichnet haben, weitergegeben werden.<\/p>\n<p>Soweit rechtlich zul\u00e4ssig, k\u00f6nnen Ihre Daten auch an \u00f6ffentliche Verwaltungsstellen, Wirtschaftspr\u00fcfer, Notare, Rechtsexperten, Anw\u00e4lte, Gerichtsh\u00f6fe und Strafverfolgungsbeh\u00f6rden zur Erf\u00fcllung ihrer Aufgaben \u00fcbermittelt werden.<\/p>\n<p><strong>\u00a0WIE LANGE WERDEN WIR IHRE PERS\u00d6NLICHEN DATEN AUFBEWAHREN?<\/strong><\/p>\n<p>Ihre pers\u00f6nlichen Daten werden nur so lange aufbewahrt, wie es zur Erf\u00fcllung des Zwecks, f\u00fcr den sie erhoben wurden, erforderlich ist. In diesem Sinne werden Ihre personenbezogenen Daten gel\u00f6scht, wenn sie f\u00fcr die Erf\u00fcllung dieser Zwecke nicht mehr erforderlich sind. Sie k\u00f6nnen jedoch vorher gesperrt werden und stehen dann den Richtern, Gerichten, Staatsanwaltschaften oder den zust\u00e4ndigen \u00f6ffentlichen Verwaltungen &#8211; insbesondere den Datenschutzbeh\u00f6rden &#8211; nur zum Zwecke der Behandlung m\u00f6glicher aus der Verarbeitung resultierender Verbindlichkeiten und nur w\u00e4hrend der geltenden Verj\u00e4hrungsfrist zur Verf\u00fcgung.<\/p>\n<ul>\n<li>Die \u00fcber das Kontaktformular erhobenen personenbezogenen Daten werden nur so lange gespeichert, wie es f\u00fcr die Bearbeitung der Informationsanfrage erforderlich ist.<\/li>\n<li>Die \u00fcber das Anmeldeformular f\u00fcr Personalauswahlverfahren erhaltenen personenbezogenen Daten werden so lange aufbewahrt, wie diese Verfahren offen sind, und f\u00fcr einen Zeitraum von maximal drei Jahren nach ihrer Aufnahme in die Stellenb\u00f6rse. Sie werden dann gesperrt\/gel\u00f6scht, au\u00dfer im Falle von Bewerbern, die endg\u00fcltig eingestellt werden und deren Lebensl\u00e4ufe in die Besch\u00e4ftigungsakte aufgenommen werden (in diesem Fall gilt die f\u00fcr den Besch\u00e4ftigungsbereich geltende Datenschutzpolitik).<\/li>\n<li>Personenbezogene Daten, die \u00fcber den Meldekanal erlangt wurden, werden im System dieses Kanals f\u00fcr einen Zeitraum von h\u00f6chstens drei Monaten aufbewahrt; danach werden die Daten gel\u00f6scht oder anonymisiert, unbeschadet der Tatsache, dass die Daten im Falle der Weiterf\u00fchrung der Untersuchung im Informationssystem der mit den \u00dcberwachungs- und Compliance-Aufgaben betrauten Personen verarbeitet werden k\u00f6nnen.<\/li>\n<li>Personenbezogene Daten aus dem Gesch\u00e4ftsverkehr mit Kunden und Lieferanten, die als selbst\u00e4ndige Unternehmer t\u00e4tig sind, sowie Daten \u00fcber gesetzliche und kaufm\u00e4nnische Vertreter von Kunden und Lieferanten werden in jedem Fall f\u00fcr die Dauer des Vertragsverh\u00e4ltnisses und f\u00fcr sechs Jahre nach dessen Beendigung aufbewahrt, wobei diese Frist w\u00e4hrend der gesetzlichen Verj\u00e4hrungsfrist verl\u00e4ngert werden kann.<\/li>\n<li>Personenbezogene Daten beruflicher Art, die zu kommerziellen Zwecken in Datenbanken aufgenommen wurden, werden so lange aufbewahrt, wie wir keinen Widerspruch von Ihnen erhalten oder wenn wir feststellen, dass die Daten veraltet sind oder die Datenbank bereinigt wird.<\/li>\n<\/ul>\n<p><strong>\u00a0WELCHE SICHERHEITSMASSNAHMEN WERDEN F\u00dcR IHRE PERS\u00d6NLICHEN DATEN ANGEWENDET?<\/strong><\/p>\n<p>Die Verarbeitung der zur Verf\u00fcgung gestellten personenbezogenen Daten erfolgt unter Anwendung der erforderlichen physischen, logischen und organisatorischen Sicherheitsma\u00dfnahmen, um den Verlust, den Missbrauch, die Ver\u00e4nderung und den unbefugten Zugriff auf diese Daten zu verhindern, wobei der Stand der Technik, die Art der Daten und die durchgef\u00fchrte Risikoanalyse ber\u00fccksichtigt werden.<\/p>\n<p>Dar\u00fcber hinaus f\u00fchrt Azkoyen seine Gesch\u00e4ftsaktivit\u00e4ten nach einem Managementmodell durch, das auf kontinuierlicher Verbesserung gem\u00e4\u00df der Norm ISO 27001 basiert.<\/p>\n<p><strong>WERDEN PERSONENBEZOGENE DATEN INS AUSLAND \u00dcBERMITTELT?<\/strong><\/p>\n<p>Azkoyen verf\u00fcgt \u00fcber zwei unternehmenseigene Datenverarbeitungszentren (DPC), die sich in Navarra (Spanien) befinden. Internationale \u00dcbermittlungen personenbezogener Daten, d.h. ausgehende \u00dcbermittlungen personenbezogener Daten aus der EU in Gebiete oder internationale Organisationen au\u00dferhalb des Europ\u00e4ischen Wirtschaftsraums (EWR), d\u00fcrfen nur in bestimmten F\u00e4llen erfolgen.<\/p>\n<p>In den F\u00e4llen, in denen dies der Fall ist, wird Azkoyen immer sicherstellen, dass eine der folgenden Bedingungen erf\u00fcllt ist: (i) es liegt ein Angemessenheitsbeschluss vor, der ein angemessenes Schutzniveau nachweist (ii) es wurden Standardklauseln gem\u00e4\u00df dem Durchf\u00fchrungsbeschluss (EU) 2021\/914 der Kommission vom 4. Juni 2021 \u00fcber Standardvertragsklauseln f\u00fcr die internationale \u00dcbermittlung personenbezogener Daten in Drittl\u00e4nder geschlossen (iii) keine der beiden oben genannten Bedingungen ist erf\u00fcllt, aber eine der in Art. 49 DSGVO genannten Ausnahmen ist anwendbar. In diesem Zusammenhang sollte klargestellt werden, dass einige Azkoyen-Dienste das Hosting personenbezogener Daten in der Microsoft Azure-Cloud beinhalten, was die \u00dcbermittlung personenbezogener Daten in die Vereinigten Staaten zur Folge hat, die nach der K\u00fcndigung des <em>Privacy-Shield<\/em>-Abkommens nicht durch die Formalisierung von Standardklauseln abgedeckt werden kann, so dass bis zum Abschluss eines neuen Abkommens zwischen der EU und den Vereinigten Staaten auf die Anwendung der Ausnahmen des Art. 49 RGPD zur\u00fcckgegriffen werden muss; und zwar in Anwendung der in Art. 49.1 b) und c) RGPD festgelegten Bedingungen:<\/p>\n<p>\u201c<em>(b) die \u00dcbermittlung ist f\u00fcr die Erf\u00fcllung eines Vertrags zwischen der betroffenen Person und dem f\u00fcr die Verarbeitung Verantwortlichen oder f\u00fcr die Durchf\u00fchrung vorvertraglicher Ma\u00dfnahmen erforderlich, die auf Antrag der betroffenen Person erfolgen;<\/em><\/p>\n<p><em>(c) die \u00dcbermittlung ist f\u00fcr den Abschluss oder die Erf\u00fcllung eines Vertrags im Interesse der betroffenen Person zwischen dem f\u00fcr die Verarbeitung Verantwortlichen und einer anderen nat\u00fcrlichen oder juristischen Person erforderlich<\/em>.\u201d<\/p>\n<p><strong>\u00a0WIE K\u00d6NNEN SIE IHRE RECHTE IN BEZUG AUF IHRE PERS\u00d6NLICHEN DATEN AUS\u00dcBEN UND UNSEREN DATENSCHUTZBEAUFTRAGTEN KONTAKTIEREN?<\/strong><\/p>\n<p>Um die in Ihrem Fall erteilten Einwilligungen zu widerrufen sowie das Recht auf Auskunft, Berichtigung, L\u00f6schung, Widerspruch, Einschr\u00e4nkung, \u00dcbertragbarkeit und Nicht\u00fcbermittlung automatisierter Einzelentscheidungen auszu\u00fcben, k\u00f6nnen Sie einen schriftlichen Antrag an folgende Adresse richten:<\/p>\n<p>AZKOYEN, SA<\/p>\n<p>Avda. San Silvestre s\/n, 31350, Peralta (Navarra-Espa\u00f1a)<\/p>\n<p><a href=\"mailto:responsableseguridad@azkoyen.com\">responsableseguridad@azkoyen.com<\/a><\/p>\n<p>Wenn die betroffene Person es f\u00fcr angemessen h\u00e4lt, kann sie sich \u00fcber dasselbe oben angegebene E-Mail-Konto an unseren Datenschutzbeauftragten (DSB) wenden und die entsprechende Klage zum Schutz der Rechte bei der spanischen Datenschutzbeh\u00f6rde (<a href=\"https:\/\/www.aepd.es\/es\">Agencia Espa\u00f1ola de Protecci\u00f3n de Datos<\/a>) einreichen..<\/p>\n<p><strong>OBLIGATORISCHE ODER FREIWILLIGE ANGABE DER ANGEFORDERTEN DATEN<\/strong><\/p>\n<p>Die Pflichtangaben eines jeden Formulars sind als solche mit einem Sternchen (*) gekennzeichnet. Die Nichtbereitstellung solcher Informationen verhindert die Kommunikation mit dem Benutzer und f\u00fchrt ggf. dazu, dass die angeforderten Informationen und\/oder Dienstleistungen nicht bereitgestellt werden k\u00f6nnen.<\/p>\n<p>&nbsp;<\/p>\n","protected":false},"excerpt":{"rendered":"<p>&#8230;<\/p>\n","protected":false},"author":15,"featured_media":0,"parent":0,"menu_order":22,"comment_status":"closed","ping_status":"closed","template":"page-templates\/legal.php","meta":{"_acf_changed":false,"inline_featured_image":false,"footnotes":""},"class_list":["post-1236","page","type-page","status-publish","hentry"],"acf":[],"yoast_head":"<!-- This site is optimized with the Yoast SEO plugin v26.9 - https:\/\/yoast.com\/product\/yoast-seo-wordpress\/ -->\n<title>Datenschutzbestimmungen - Cashlogy<\/title>\n<meta name=\"robots\" content=\"index, follow, max-snippet:-1, max-image-preview:large, max-video-preview:-1\" \/>\n<link rel=\"canonical\" href=\"https:\/\/cashlogy.com\/de\/datenschutzbestimmungen\/\" \/>\n<meta property=\"og:locale\" content=\"de_DE\" \/>\n<meta property=\"og:type\" content=\"article\" \/>\n<meta property=\"og:title\" content=\"Datenschutzbestimmungen - Cashlogy\" \/>\n<meta property=\"og:description\" content=\"...\" \/>\n<meta property=\"og:url\" content=\"https:\/\/cashlogy.com\/de\/datenschutzbestimmungen\/\" \/>\n<meta property=\"og:site_name\" content=\"Cashlogy\" \/>\n<meta property=\"article:modified_time\" content=\"2023-05-09T09:11:48+00:00\" \/>\n<meta name=\"twitter:label1\" content=\"Gesch\u00e4tzte Lesezeit\" \/>\n\t<meta name=\"twitter:data1\" content=\"9\u00a0Minuten\" \/>\n<script type=\"application\/ld+json\" class=\"yoast-schema-graph\">{\"@context\":\"https:\/\/schema.org\",\"@graph\":[{\"@type\":\"WebPage\",\"@id\":\"https:\/\/cashlogy.com\/de\/datenschutzbestimmungen\/\",\"url\":\"https:\/\/cashlogy.com\/de\/datenschutzbestimmungen\/\",\"name\":\"Datenschutzbestimmungen - Cashlogy\",\"isPartOf\":{\"@id\":\"https:\/\/cashlogy.com\/#website\"},\"datePublished\":\"2017-02-16T14:42:25+00:00\",\"dateModified\":\"2023-05-09T09:11:48+00:00\",\"breadcrumb\":{\"@id\":\"https:\/\/cashlogy.com\/de\/datenschutzbestimmungen\/#breadcrumb\"},\"inLanguage\":\"de\",\"potentialAction\":[{\"@type\":\"ReadAction\",\"target\":[\"https:\/\/cashlogy.com\/de\/datenschutzbestimmungen\/\"]}]},{\"@type\":\"BreadcrumbList\",\"@id\":\"https:\/\/cashlogy.com\/de\/datenschutzbestimmungen\/#breadcrumb\",\"itemListElement\":[{\"@type\":\"ListItem\",\"position\":1,\"name\":\"Portada\",\"item\":\"https:\/\/cashlogy.com\/de\/\"},{\"@type\":\"ListItem\",\"position\":2,\"name\":\"Datenschutzbestimmungen\"}]},{\"@type\":\"WebSite\",\"@id\":\"https:\/\/cashlogy.com\/#website\",\"url\":\"https:\/\/cashlogy.com\/\",\"name\":\"Cashlogy\",\"description\":\"Bienvenido al comercio seguro\",\"potentialAction\":[{\"@type\":\"SearchAction\",\"target\":{\"@type\":\"EntryPoint\",\"urlTemplate\":\"https:\/\/cashlogy.com\/?s={search_term_string}\"},\"query-input\":{\"@type\":\"PropertyValueSpecification\",\"valueRequired\":true,\"valueName\":\"search_term_string\"}}],\"inLanguage\":\"de\"}]}<\/script>\n<!-- \/ Yoast SEO plugin. -->","yoast_head_json":{"title":"Datenschutzbestimmungen - Cashlogy","robots":{"index":"index","follow":"follow","max-snippet":"max-snippet:-1","max-image-preview":"max-image-preview:large","max-video-preview":"max-video-preview:-1"},"canonical":"https:\/\/cashlogy.com\/de\/datenschutzbestimmungen\/","og_locale":"de_DE","og_type":"article","og_title":"Datenschutzbestimmungen - Cashlogy","og_description":"...","og_url":"https:\/\/cashlogy.com\/de\/datenschutzbestimmungen\/","og_site_name":"Cashlogy","article_modified_time":"2023-05-09T09:11:48+00:00","twitter_misc":{"Gesch\u00e4tzte Lesezeit":"9\u00a0Minuten"},"schema":{"@context":"https:\/\/schema.org","@graph":[{"@type":"WebPage","@id":"https:\/\/cashlogy.com\/de\/datenschutzbestimmungen\/","url":"https:\/\/cashlogy.com\/de\/datenschutzbestimmungen\/","name":"Datenschutzbestimmungen - Cashlogy","isPartOf":{"@id":"https:\/\/cashlogy.com\/#website"},"datePublished":"2017-02-16T14:42:25+00:00","dateModified":"2023-05-09T09:11:48+00:00","breadcrumb":{"@id":"https:\/\/cashlogy.com\/de\/datenschutzbestimmungen\/#breadcrumb"},"inLanguage":"de","potentialAction":[{"@type":"ReadAction","target":["https:\/\/cashlogy.com\/de\/datenschutzbestimmungen\/"]}]},{"@type":"BreadcrumbList","@id":"https:\/\/cashlogy.com\/de\/datenschutzbestimmungen\/#breadcrumb","itemListElement":[{"@type":"ListItem","position":1,"name":"Portada","item":"https:\/\/cashlogy.com\/de\/"},{"@type":"ListItem","position":2,"name":"Datenschutzbestimmungen"}]},{"@type":"WebSite","@id":"https:\/\/cashlogy.com\/#website","url":"https:\/\/cashlogy.com\/","name":"Cashlogy","description":"Bienvenido al comercio seguro","potentialAction":[{"@type":"SearchAction","target":{"@type":"EntryPoint","urlTemplate":"https:\/\/cashlogy.com\/?s={search_term_string}"},"query-input":{"@type":"PropertyValueSpecification","valueRequired":true,"valueName":"search_term_string"}}],"inLanguage":"de"}]}},"_links":{"self":[{"href":"https:\/\/cashlogy.com\/de\/wp-json\/wp\/v2\/pages\/1236","targetHints":{"allow":["GET"]}}],"collection":[{"href":"https:\/\/cashlogy.com\/de\/wp-json\/wp\/v2\/pages"}],"about":[{"href":"https:\/\/cashlogy.com\/de\/wp-json\/wp\/v2\/types\/page"}],"author":[{"embeddable":true,"href":"https:\/\/cashlogy.com\/de\/wp-json\/wp\/v2\/users\/15"}],"replies":[{"embeddable":true,"href":"https:\/\/cashlogy.com\/de\/wp-json\/wp\/v2\/comments?post=1236"}],"version-history":[{"count":5,"href":"https:\/\/cashlogy.com\/de\/wp-json\/wp\/v2\/pages\/1236\/revisions"}],"predecessor-version":[{"id":14339,"href":"https:\/\/cashlogy.com\/de\/wp-json\/wp\/v2\/pages\/1236\/revisions\/14339"}],"wp:attachment":[{"href":"https:\/\/cashlogy.com\/de\/wp-json\/wp\/v2\/media?parent=1236"}],"curies":[{"name":"wp","href":"https:\/\/api.w.org\/{rel}","templated":true}]}}