{"id":11184,"date":"2021-02-03T10:25:35","date_gmt":"2021-02-03T08:25:35","guid":{"rendered":"https:\/\/cashlogy.com\/?page_id=11184"},"modified":"2021-02-03T10:25:35","modified_gmt":"2021-02-03T08:25:35","slug":"rechtliche-warnung","status":"publish","type":"page","link":"https:\/\/cashlogy.com\/de\/rechtliche-warnung\/","title":{"rendered":"Rechtliche Warnung"},"content":{"rendered":"<h1><\/h1>\n<table>\n<tbody>\n<tr>\n<td colspan=\"2\" width=\"566\"><strong>GRUNDLEGENDE INFORMATIONEN<\/strong><\/td>\n<\/tr>\n<tr>\n<td width=\"208\"><strong>FIRMENNAME<\/strong><\/td>\n<td width=\"358\">AZKOYEN, SA<\/td>\n<\/tr>\n<tr>\n<td width=\"208\"><strong>FIRMENSITZ<\/strong><\/td>\n<td width=\"358\">Avda. San Silvestre s\/n, 31350, Peralta (Navarra-Espa\u00f1a)<\/td>\n<\/tr>\n<tr>\n<td width=\"208\"><strong>TELEFON \/ FAX<\/strong><\/td>\n<td width=\"358\">+34 948 709 709 \/ +34 948 709 720<\/td>\n<\/tr>\n<tr>\n<td width=\"208\"><strong>REGISTEREINTRAG<\/strong><\/td>\n<td width=\"358\">Handelsregister Navarra, Band 327, Allgemein, 174 Abschnitt 3 des Unternehmensbuchs, Seite 19, Blatt Nr. 3378<\/td>\n<\/tr>\n<tr>\n<td width=\"208\"><strong>USt-IdNr.<\/strong><\/td>\n<td width=\"358\">A-31065618<\/td>\n<\/tr>\n<tr>\n<td width=\"208\"><strong>DSB<\/strong><\/td>\n<td width=\"358\"><a href=\"mailto:responsableseguridad@azkoyen.com\">responsableseguridad@azkoyen.com<\/a><\/td>\n<\/tr>\n<\/tbody>\n<\/table>\n<p><strong>\u00a0<\/strong><\/p>\n<h4><strong>Zweck der Website und allgemeine Nutzungsbedingungen<\/strong><\/h4>\n<p>AZKOYEN, SA stellt diese Website den Internetnutzern zur Verf\u00fcgung, um das eigene Firmenimage zu f\u00f6rdern und Informationen \u00fcber seine Produkte und Dienstleistungen zur Verf\u00fcgung zu stellen.<\/p>\n<p>Diese allgemeinen Nutzungsbedingungen sollen sowohl die Bereitstellung von Informationen als auch das Gesch\u00e4ftsverh\u00e4ltnis zwischen AZKOYEN, SA und den Nutzern des Portals regeln. F\u00fcr den Fall, dass Sie nicht damit einverstanden sind, diese Bedingungen zu befolgen, bitten wir Sie, von der Nutzung dieser Website abzusehen.<\/p>\n<p><strong>\u00a0<\/strong><\/p>\n<h4><strong>\u00c4nderungsvorbehalt<\/strong><\/h4>\n<p>AZKOYEN, SA kann diese Bedingungen jederzeit und ohne Vorank\u00fcndigung \u00e4ndern, indem diese \u00c4nderungen auf der Website ver\u00f6ffentlicht und somit den Benutzern zug\u00e4nglich gemacht werden.<\/p>\n<p><strong>Geistiges und gewerbliches Eigentum.-<\/strong> Alle auf der Website &#8222;www.azkoyen.com&#8220; gezeigten Inhalte und insbesondere Designs, Texte, Grafiken, Logos, Icons, Buttons, Software, Handelsnamen, Marken, Industriezeichnungen oder sonstige Zeichen, die gewerblich genutzt werden k\u00f6nnen, unterliegen den geistigen oder gewerblichen Eigentumsrechten von AZKOYEN, SA oder ggf. von Drittinhabern, die ihre Ver\u00f6ffentlichung auf der Website ordnungsgem\u00e4\u00df genehmigt haben.<\/p>\n<p>En relaci\u00f3n con los contenidos del presente sitio web, en ning\u00fan caso se entender\u00e1 que se concede licencia alguna o que se efect\u00faa ninguna renuncia o transmisi\u00f3n de derechos \u2013ni total ni parcial-\u00a0 en materia de propiedad intelectual e industrial.<\/p>\n<p>Es wird lediglich die Verlinkung mit der Website-Homepage zugelassen. Die Verwendung von \u201eFraming\u201c, \u201eDeeplinking\u201c oder \u00e4hnlichen Techniken ist ausdr\u00fccklich untersagt.<\/p>\n<p><strong>Benutzerpflichten <\/strong>Im Allgemeinen erkl\u00e4rt sich der Benutzer damit einverstanden, diese Nutzungsbedingungen und ggf. die besonderen Bedingungen einzuhalten, sowie die darin oder an anderer Stelle der Website enthaltenen besonderen Hinweise und Richtlinien zu befolgen und stets in \u00dcbereinstimmung mit dem Gesetz zu handeln, die guten Sitten und das Gebot von Treu und Glauben zu beachten, die der Art des Dienstes angemessene Sorgfalt anzuwenden und die Website nicht in einer Weise zu nutzen, die den normalen Betrieb derselben, die Sachwerte oder die Rechte von AZKOYEN, SA seiner Lieferanten, Mitarbeiter, Benutzer oder allgemein von Dritten beeintr\u00e4chtigen, sch\u00e4digen oder verschlechtern k\u00f6nnte.<\/p>\n<p>Unter anderem verpflichtet sich der Nutzer bei der Nutzung dieser Website sowie bei der Inanspruchnahme von Dienstleistungen dazu:<\/p>\n<ul>\n<li>Bei Verwendung von Formularen, wahrheitsgem\u00e4\u00dfe Angaben bereitzustellen.<\/li>\n<li>Die von AZKOYEN, SA zur Verf\u00fcgung gestellten Zugangscodes angemessen zu sichern und sich zu verpflichten, ihre Verwendung durch Dritte nicht zuzulassen, wobei er die Verantwortung f\u00fcr alle Sch\u00e4den \u00fcbernimmt, die durch ihre missbr\u00e4uchliche Verwendung entstehen k\u00f6nnen. Ebenso verpflichtet sich der Benutzer, AZKOYEN, SA so schnell wie m\u00f6glich \u00fcber den Verlust oder Diebstahl der Informationen zu informieren, sowie \u00fcber jedes Risiko eines Fremdzugriffs auf die Informationen im Zugangssystem.<\/li>\n<li>Keine falschen Identit\u00e4ten zu verwenden und die Website nicht unter Angabe einer anderen Identit\u00e4t zu nutzen, z. B. durch Verwendung von Passw\u00f6rtern oder Zugangscodes von Dritten oder auf andere Weise.<\/li>\n<\/ul>\n<p><strong>Ausschluss von Gew\u00e4hrleistung und Haftung. &#8211; <\/strong>Der Zugriff auf die Website kann gelegentlich ausgesetzt oder eingeschr\u00e4nkt werden, um Reparaturen, Wartungsarbeiten oder die Einrichtung neuer Systeme oder Dienste zu erm\u00f6glichen. AZKOYEN, SA wird angemessene Anstrengungen unternehmen, um die H\u00e4ufigkeit und Dauer solcher Aussetzungen oder Einschr\u00e4nkungen im Rahmen des M\u00f6glichen zu begrenzen. Das Unternehmen kann jedoch jederzeit und ohne Vorank\u00fcndigung die Inhalte und Dienste, die nicht einer bestimmten vertraglichen Vereinbarung unterliegen, ganz oder teilweise aussetzen, zur\u00fcckziehen oder einstellen. Die vorstehende Bestimmung betrifft keine Dienstleistungen, die speziell von registrierten Nutzern in Anspruch genommen werden und f\u00fcr die die entsprechenden Vertragsbedingungen gelten.<\/p>\n<p>Die Internetverbindung, die f\u00fcr den Zugriff auf den Dienst erforderlich ist, wird unter keinen Umst\u00e4nden von AZKOYEN, SA zur Verf\u00fcgung gestellt. Der Benutzer wird dar\u00fcber informiert, dass die Datenkommunikation \u00fcber \u00f6ffentliche Netze nicht sicher ist und dass es in der Verantwortung des Benutzers liegt, alle angemessenen technischen Ma\u00dfnahmen zu ergreifen, um die Risiken in geeigneter Weise zu kontrollieren und m\u00f6gliche Sch\u00e4den an seinen Ger\u00e4ten, Datenverluste und Diebstahl vertraulicher Informationen zu vermeiden. Zu diesem Zweck sollten Sie \u00fcber aktuelle Malware-Erkennungssysteme sowie \u00fcber die Sicherheitspatches der entsprechenden Browser verf\u00fcgen, die Sie verwenden. Weitere Informationen erhalten Sie bei Ihrem Internet-Provider.<\/p>\n<p>AZKOYEN, S.A. haftet nicht f\u00fcr Sch\u00e4den, die unter anderem aus den folgenden Gr\u00fcnden entstehen k\u00f6nnen: (i) St\u00f6rungen, Fehler, Unterbrechungen, Computerviren, Defekte und\/oder Abschaltungen des Betriebs dieses elektronischen Systems oder der EDV-Anlagen und -Ger\u00e4te der Benutzer, die durch Ursachen verursacht werden, die AZKOYEN, SA nicht zuzuschreiben sind und die die Bereitstellung von Diensten oder das Navigieren im System verhindern oder verz\u00f6gern; (ii) Verz\u00f6gerungen oder Blockierungen bei der Nutzung, die durch M\u00e4ngel oder \u00dcberlastung des Internets oder anderer elektronischer Systeme verursacht werden; (iii) Durch Eingriffe Dritter verursachte Probleme, die AZKOYEN, SA nicht zuzurechnen sind; (iv) Unm\u00f6glichkeit der Bereitstellung des Dienstes oder der Gew\u00e4hrung des Zugangs aus Gr\u00fcnden, die AZKOYEN, SA nicht zuzuschreiben sind, sei es durch den Nutzer, durch Dritte oder durch Ereignisse h\u00f6herer Gewalt.<\/p>\n<p>Die auf dieser Website enthaltenen Links k\u00f6nnen zu Websites von Dritten f\u00fchren. AZKOYEN, SA \u00fcbernimmt keine Haftung f\u00fcr die Verbindung, Inhalte, Informationen oder Dienstleistungen, die auf diesen Seiten angezeigt werden und ausschlie\u00dflich zu Informationszwecken dienen und in keinem Fall eine Beziehung zwischen AZKOYEN, SA und den Personen oder Einrichtungen, die diese Inhalte besitzen, oder den Eigent\u00fcmern der Seiten, auf denen sie angeboten werden, beinhalten.<\/p>\n<p><strong>Anwendbares Recht und Gerichtsstand. &#8211; <\/strong>Die Gesch\u00e4ftsbedingungen f\u00fcr diese Website und alle Beziehungen, die sich daraus ergeben k\u00f6nnen, unterliegen spanischem Recht und spanischer Rechtsprechung.<\/p>\n","protected":false},"excerpt":{"rendered":"<p>&#8230;<\/p>\n","protected":false},"author":15,"featured_media":0,"parent":0,"menu_order":24,"comment_status":"closed","ping_status":"closed","template":"page-templates\/legal.php","meta":{"_acf_changed":false,"inline_featured_image":false,"footnotes":""},"class_list":["post-11184","page","type-page","status-publish","hentry"],"acf":[],"yoast_head":"<!-- This site is optimized with the Yoast SEO plugin v26.9 - https:\/\/yoast.com\/product\/yoast-seo-wordpress\/ -->\n<title>Rechtliche Warnung - Cashlogy<\/title>\n<meta name=\"robots\" content=\"index, follow, max-snippet:-1, max-image-preview:large, max-video-preview:-1\" \/>\n<link rel=\"canonical\" href=\"https:\/\/cashlogy.com\/de\/rechtliche-warnung\/\" \/>\n<meta property=\"og:locale\" content=\"de_DE\" \/>\n<meta property=\"og:type\" content=\"article\" \/>\n<meta property=\"og:title\" content=\"Rechtliche Warnung - Cashlogy\" \/>\n<meta property=\"og:description\" content=\"...\" \/>\n<meta property=\"og:url\" content=\"https:\/\/cashlogy.com\/de\/rechtliche-warnung\/\" \/>\n<meta property=\"og:site_name\" content=\"Cashlogy\" \/>\n<meta name=\"twitter:label1\" content=\"Gesch\u00e4tzte Lesezeit\" \/>\n\t<meta name=\"twitter:data1\" content=\"5\u00a0Minuten\" \/>\n<script type=\"application\/ld+json\" class=\"yoast-schema-graph\">{\"@context\":\"https:\/\/schema.org\",\"@graph\":[{\"@type\":\"WebPage\",\"@id\":\"https:\/\/cashlogy.com\/de\/rechtliche-warnung\/\",\"url\":\"https:\/\/cashlogy.com\/de\/rechtliche-warnung\/\",\"name\":\"Rechtliche Warnung - Cashlogy\",\"isPartOf\":{\"@id\":\"https:\/\/cashlogy.com\/#website\"},\"datePublished\":\"2021-02-03T08:25:35+00:00\",\"breadcrumb\":{\"@id\":\"https:\/\/cashlogy.com\/de\/rechtliche-warnung\/#breadcrumb\"},\"inLanguage\":\"de\",\"potentialAction\":[{\"@type\":\"ReadAction\",\"target\":[\"https:\/\/cashlogy.com\/de\/rechtliche-warnung\/\"]}]},{\"@type\":\"BreadcrumbList\",\"@id\":\"https:\/\/cashlogy.com\/de\/rechtliche-warnung\/#breadcrumb\",\"itemListElement\":[{\"@type\":\"ListItem\",\"position\":1,\"name\":\"Portada\",\"item\":\"https:\/\/cashlogy.com\/de\/\"},{\"@type\":\"ListItem\",\"position\":2,\"name\":\"Rechtliche Warnung\"}]},{\"@type\":\"WebSite\",\"@id\":\"https:\/\/cashlogy.com\/#website\",\"url\":\"https:\/\/cashlogy.com\/\",\"name\":\"Cashlogy\",\"description\":\"Bienvenido al comercio seguro\",\"potentialAction\":[{\"@type\":\"SearchAction\",\"target\":{\"@type\":\"EntryPoint\",\"urlTemplate\":\"https:\/\/cashlogy.com\/?s={search_term_string}\"},\"query-input\":{\"@type\":\"PropertyValueSpecification\",\"valueRequired\":true,\"valueName\":\"search_term_string\"}}],\"inLanguage\":\"de\"}]}<\/script>\n<!-- \/ Yoast SEO plugin. -->","yoast_head_json":{"title":"Rechtliche Warnung - Cashlogy","robots":{"index":"index","follow":"follow","max-snippet":"max-snippet:-1","max-image-preview":"max-image-preview:large","max-video-preview":"max-video-preview:-1"},"canonical":"https:\/\/cashlogy.com\/de\/rechtliche-warnung\/","og_locale":"de_DE","og_type":"article","og_title":"Rechtliche Warnung - Cashlogy","og_description":"...","og_url":"https:\/\/cashlogy.com\/de\/rechtliche-warnung\/","og_site_name":"Cashlogy","twitter_misc":{"Gesch\u00e4tzte Lesezeit":"5\u00a0Minuten"},"schema":{"@context":"https:\/\/schema.org","@graph":[{"@type":"WebPage","@id":"https:\/\/cashlogy.com\/de\/rechtliche-warnung\/","url":"https:\/\/cashlogy.com\/de\/rechtliche-warnung\/","name":"Rechtliche Warnung - Cashlogy","isPartOf":{"@id":"https:\/\/cashlogy.com\/#website"},"datePublished":"2021-02-03T08:25:35+00:00","breadcrumb":{"@id":"https:\/\/cashlogy.com\/de\/rechtliche-warnung\/#breadcrumb"},"inLanguage":"de","potentialAction":[{"@type":"ReadAction","target":["https:\/\/cashlogy.com\/de\/rechtliche-warnung\/"]}]},{"@type":"BreadcrumbList","@id":"https:\/\/cashlogy.com\/de\/rechtliche-warnung\/#breadcrumb","itemListElement":[{"@type":"ListItem","position":1,"name":"Portada","item":"https:\/\/cashlogy.com\/de\/"},{"@type":"ListItem","position":2,"name":"Rechtliche Warnung"}]},{"@type":"WebSite","@id":"https:\/\/cashlogy.com\/#website","url":"https:\/\/cashlogy.com\/","name":"Cashlogy","description":"Bienvenido al comercio seguro","potentialAction":[{"@type":"SearchAction","target":{"@type":"EntryPoint","urlTemplate":"https:\/\/cashlogy.com\/?s={search_term_string}"},"query-input":{"@type":"PropertyValueSpecification","valueRequired":true,"valueName":"search_term_string"}}],"inLanguage":"de"}]}},"_links":{"self":[{"href":"https:\/\/cashlogy.com\/de\/wp-json\/wp\/v2\/pages\/11184","targetHints":{"allow":["GET"]}}],"collection":[{"href":"https:\/\/cashlogy.com\/de\/wp-json\/wp\/v2\/pages"}],"about":[{"href":"https:\/\/cashlogy.com\/de\/wp-json\/wp\/v2\/types\/page"}],"author":[{"embeddable":true,"href":"https:\/\/cashlogy.com\/de\/wp-json\/wp\/v2\/users\/15"}],"replies":[{"embeddable":true,"href":"https:\/\/cashlogy.com\/de\/wp-json\/wp\/v2\/comments?post=11184"}],"version-history":[{"count":1,"href":"https:\/\/cashlogy.com\/de\/wp-json\/wp\/v2\/pages\/11184\/revisions"}],"predecessor-version":[{"id":11185,"href":"https:\/\/cashlogy.com\/de\/wp-json\/wp\/v2\/pages\/11184\/revisions\/11185"}],"wp:attachment":[{"href":"https:\/\/cashlogy.com\/de\/wp-json\/wp\/v2\/media?parent=11184"}],"curies":[{"name":"wp","href":"https:\/\/api.w.org\/{rel}","templated":true}]}}